{"id":521,"date":"2015-05-21T14:19:08","date_gmt":"2015-05-21T14:19:08","guid":{"rendered":"http:\/\/sedimentologia.org.ar\/spa\/?page_id=521"},"modified":"2023-05-15T13:40:24","modified_gmt":"2023-05-15T13:40:24","slug":"publicaciones-especiales","status":"publish","type":"page","link":"https:\/\/www.sedimentologia.org.ar\/spa\/publicaciones-especiales\/","title":{"rendered":"Publicaciones Especiales"},"content":{"rendered":"<div class=\"fusion-fullwidth fullwidth-box fusion-builder-row-1 hundred-percent-fullwidth non-hundred-percent-height-scrolling\" style=\"--awb-border-radius-top-left:0px;--awb-border-radius-top-right:0px;--awb-border-radius-bottom-right:0px;--awb-border-radius-bottom-left:0px;--awb-overflow:visible;--awb-flex-wrap:wrap;\" ><div class=\"fusion-builder-row fusion-row\"><div class=\"fusion-layout-column fusion_builder_column fusion-builder-column-0 fusion_builder_column_3_4 3_4 fusion-three-fourth fusion-column-first\" style=\"--awb-bg-size:cover;width:74%; margin-right: 4%;\"><div class=\"fusion-column-wrapper fusion-flex-column-wrapper-legacy\"><div class=\"fusion-text fusion-text-1\"><h1>Publicaciones Especiales de la AAS<\/h1>\n<p>La Asociaci\u00f3n Argentina de Sedimentolog\u00eda publica, de forma no peri\u00f3dica, textos en castellano que constituyen revisiones de diferentes aspectos de la Sedimentolog\u00eda incluyendo tambi\u00e9n a la din\u00e1mica sedimentaria y an\u00e1lisis de cuencas, rocas sedimentarias y tem\u00e1ticas que incluyan un enfoque transdisciplinario. Las publicaciones especiales de la AAS, elaboradas por especialistas en los diversos campos de la Sedimentolog\u00eda, tienen el prop\u00f3sito de llenar el vac\u00edo existente de literatura espec\u00edfica en castellano.<\/p>\n<p>La edici\u00f3n de esta serie est\u00e1 constituida por libros de consulta para estudiantes universitarios de grado y posgrado como as\u00ed tambi\u00e9n para la actualizaci\u00f3n de profesionales, no s\u00f3lo de la especialidad sino tambi\u00e9n de otras \u00e1reas afines de las Ciencias Naturales.<\/p>\n<\/div><div class=\"fusion-sep-clear\"><\/div><div class=\"fusion-separator fusion-full-width-sep\" style=\"margin-left: auto;margin-right: auto;margin-top:10px;margin-bottom:0px;width:100%;\"><div class=\"fusion-separator-border sep-double\" style=\"--awb-height:20px;--awb-amount:20px;border-color:#e0dede;border-top-width:0px;border-bottom-width:0px;\"><\/div><\/div><div class=\"fusion-sep-clear\"><\/div><div class=\"fusion-builder-row fusion-builder-row-inner fusion-row\"><div class=\"fusion-layout-column fusion_builder_column_inner fusion-builder-nested-column-0 fusion_builder_column_inner_1_3 1_3 fusion-one-third fusion-column-first\" style=\"--awb-bg-size:cover;width:33.333333333333%;width:calc(33.333333333333% - ( ( 4% + 4% ) * 0.33333333333333 ) );margin-right: 4%;\"><div class=\"fusion-column-wrapper fusion-column-has-shadow fusion-flex-column-wrapper-legacy\"><div class=\"fusion-person person fusion-person-left fusion-person-1 fusion-person-icon-top\" style=\"--awb-pic-style-color:#000000;--awb-pic-borderradius:0px;--awb-margin-top:0px;--awb-margin-right:0px;--awb-margin-bottom:0px;--awb-margin-left:0px;--awb-social-box-border-top:0px;--awb-social-box-border-right:0px;--awb-social-box-border-bottom:0px;--awb-social-box-border-left:0px;--awb-social-box-border-color:var(--awb-color3);--awb-social-box-border-color-hover:var(--awb-color4);--awb-social-box-colors-hover:rgba(232,232,232,0.8);--awb-social-icon-boxed-colors:#e8e8e8;--awb-social-icon-colors:#bebdbd;--awb-social-icon-colors-hover:rgba(190,189,189,0.8);\"><div class=\"person-shortcode-image-wrapper\"><div class=\"person-image-container hover-type-none\" style=\"border:0px solid #f6f6f6;-webkit-border-radius:0px;-moz-border-radius:0px;border-radius:0px;\"><img decoding=\"async\" class=\"person-img img-responsive wp-image-2461\" width=\"242\" height=\"162\" src=\"https:\/\/www.sedimentologia.org.ar\/spa\/wp-content\/uploads\/2022\/07\/cecilia.jpg\" alt=\"Dra. Cecilia del Papa\" \/><\/div><\/div><div class=\"person-desc\" style=\"background-color:#ffffff;padding:40px;margin-top:0;\"><div class=\"person-author\"><div class=\"person-author-wrapper\"><span class=\"person-name\">Dra. Cecilia del Papa<\/span><span class=\"person-title\">Editora de Publicaciones Especiales<\/span><\/div><div class=\"fusion-social-networks\"><div class=\"fusion-social-networks-wrapper\"><a class=\"fusion-social-network-icon fusion-tooltip fusion-mail awb-icon-mail custom\" aria-label=\"fusion-mail\" href=\"mailto:ce&#099;i&#108;&#105;a&#100;e&#108;&#112;&#097;p&#097;&#064;&#117;&#110;c.&#101;&#100;u.&#097;r\" target=\"_self\" style=\"color:#bebdbd;font-size:16px;\" data-placement=\"top\" data-title=\"Mail\" title=\"Mail\" data-toggle=\"tooltip\"><\/a><\/div><\/div><\/div><div class=\"person-content fusion-clearfix\">CICTERRA \u2013 CONICET<\/div><\/div><\/div><div class=\"fusion-clearfix\"><\/div><\/div><\/div><div class=\"fusion-layout-column fusion_builder_column_inner fusion-builder-nested-column-1 fusion_builder_column_inner_1_3 1_3 fusion-one-third\" style=\"--awb-bg-size:cover;width:33.333333333333%;width:calc(33.333333333333% - ( ( 4% + 4% ) * 0.33333333333333 ) );margin-right: 4%;\"><div class=\"fusion-column-wrapper fusion-column-has-shadow fusion-flex-column-wrapper-legacy\"><div class=\"fusion-clearfix\"><\/div><\/div><\/div><div class=\"fusion-layout-column fusion_builder_column_inner fusion-builder-nested-column-2 fusion_builder_column_inner_1_3 1_3 fusion-one-third fusion-column-last\" style=\"--awb-bg-size:cover;width:33.333333333333%;width:calc(33.333333333333% - ( ( 4% + 4% ) * 0.33333333333333 ) );\"><div class=\"fusion-column-wrapper fusion-column-has-shadow fusion-flex-column-wrapper-legacy\"><div class=\"fusion-clearfix\"><\/div><\/div><\/div><\/div><div class=\"fusion-sep-clear\"><\/div><div class=\"fusion-separator fusion-full-width-sep\" style=\"margin-left: auto;margin-right: auto;margin-top:10px;margin-bottom:10px;width:100%;\"><div class=\"fusion-separator-border sep-double\" style=\"--awb-height:20px;--awb-amount:20px;border-color:#e0dede;border-top-width:0px;border-bottom-width:0px;\"><\/div><\/div><div class=\"fusion-sep-clear\"><\/div><div class=\"fusion-alignleft\"><a class=\"fusion-button button-flat fusion-button-default-size button-custom fusion-button-default button-1 fusion-button-default-span fusion-button-default-type\" style=\"--button_accent_color:#ffffff;--button_accent_hover_color:#ffffff;--button_border_hover_color:#ffffff;--button_gradient_top_color:#a0ce4e;--button_gradient_bottom_color:#a0ce4e;--button_gradient_top_color_hover:#006253;--button_gradient_bottom_color_hover:#006253;\" target=\"_self\" href=\"https:\/\/www.sedimentologia.org.ar\/spa\/proponer-una-publicacion-especial\"><span class=\"fusion-button-text\">PROPONER UNA PUBLICACI\u00d3N ESPECIAL<\/span><\/a><\/div><div class=\"fusion-sep-clear\"><\/div><div class=\"fusion-separator fusion-full-width-sep\" style=\"margin-left: auto;margin-right: auto;margin-top:20px;margin-bottom:20px;width:100%;\"><div class=\"fusion-separator-border sep-double\" style=\"--awb-height:20px;--awb-amount:20px;border-color:#e0dede;border-top-width:0px;border-bottom-width:0px;\"><\/div><\/div><div class=\"fusion-sep-clear\"><\/div><div class=\"fusion-clearfix\"><\/div><\/div><\/div><div class=\"fusion-layout-column fusion_builder_column fusion-builder-column-1 fusion_builder_column_1_1 1_1 fusion-one-full fusion-column-last\" style=\"--awb-bg-size:cover;\"><div class=\"fusion-column-wrapper fusion-flex-column-wrapper-legacy\"><div class=\"fusion-text fusion-text-2\"><h3>PUBLICACI\u00d3N ESPECIAL # 3<\/h3>\n<div class=\"fusion-sep-clear\"><\/div><div class=\"fusion-separator fusion-full-width-sep\" style=\"margin-left: auto;margin-right: auto;margin-top:0px;margin-bottom:0px;width:100%;\"><div class=\"fusion-separator-border sep-single sep-solid\" style=\"--awb-height:20px;--awb-amount:20px;border-color:#e0dede;border-top-width:1px;\"><\/div><\/div><div class=\"fusion-sep-clear\"><\/div>\n<h1><span class=\"verde\">ROCAS VOLCANICL\u00c1STICAS<br \/>\nDep\u00f3sitos, Procesos y Modelos de Facies<\/span><\/h1>\n<h3>Autores: Ivan A. Petrinovic y Leandro D&#8217;Elia | 2018<\/h3>\n<\/div><div class=\"fusion-clearfix\"><\/div><\/div><\/div><div class=\"fusion-layout-column fusion_builder_column fusion-builder-column-2 fusion_builder_column_2_3 2_3 fusion-two-third fusion-column-first\" style=\"--awb-bg-size:cover;width:65.3333%; margin-right: 4%;\"><div class=\"fusion-column-wrapper fusion-flex-column-wrapper-legacy\"><div class=\"fusion-text fusion-text-3\"><p><img decoding=\"async\" class=\"size-full wp-image-1997 alignleft\" src=\"https:\/\/www.sedimentologia.org.ar\/spa\/wp-content\/uploads\/2019\/07\/rocas.jpg\" alt=\"\" width=\"260\" height=\"340\" srcset=\"https:\/\/www.sedimentologia.org.ar\/spa\/wp-content\/uploads\/2019\/07\/rocas-200x262.jpg 200w, https:\/\/www.sedimentologia.org.ar\/spa\/wp-content\/uploads\/2019\/07\/rocas-229x300.jpg 229w, https:\/\/www.sedimentologia.org.ar\/spa\/wp-content\/uploads\/2019\/07\/rocas.jpg 260w\" sizes=\"(max-width: 260px) 100vw, 260px\" \/><span style=\"font-family: arial, sans-serif;\"><span lang=\"ES-TRAD\"> Con <em>\u201cRocas Volcanicl\u00e1sticas<span lang=\"ES-AR\">,<\/span> dep\u00f3sitos, procesos y modelos de facies\u201d<\/em> se presenta un nuevo texto a la serie de Publicaciones Especiales de la Asociaci\u00f3n Argentina de Sedimentolog\u00eda. A m\u00e1s de tres d\u00e9cadas de la publicaci\u00f3n del libro \u201cProcesos y Dep\u00f3sitos Pirocl\u00e1sticos\u201d de Mario Mazzoni (Asociaci\u00f3n Geol\u00f3gica Argentina, 1986), Ivan A. Petrinovic y Leandro D\u00b4Elia aportan en esta contribuci\u00f3n una visi\u00f3n renovada e integral de la volcanolog\u00eda en relaci\u00f3n a los procesos magm\u00e1ticos, a la din\u00e1mica y mecanismos eruptivos, a sus dep\u00f3sitos, a la construcci\u00f3n del relieve volc\u00e1nico y a la compleja relaci\u00f3n entre cuencas sedimentaria y el volcanismo.<br \/>\n<\/span><\/span><\/p>\n<\/div><div class=\"fusion-clearfix\"><\/div><\/div><\/div><div class=\"fusion-layout-column fusion_builder_column fusion-builder-column-3 fusion_builder_column_1_1 1_1 fusion-one-full fusion-column-last\" style=\"--awb-bg-size:cover;\"><div class=\"fusion-column-wrapper fusion-flex-column-wrapper-legacy\"><div class=\"fusion-text fusion-text-4\"><p>ISBN: 978-987-96296-6-6<br \/>\n184 p.; 30 x 21 cm; color<\/p>\n<p><span style=\"color: #000000;\"><strong>PRECIO DE VENTA:<\/strong><\/span><br \/>\nConsultar precio de la publicaci\u00f3n y disponibilidad de stock a: <a href=\"mailto:secretariaaas@gmail.com\">secretariaaas@gmail.com<\/a><br \/>\nPrecios diferenciales para socios y no socios<\/p>\n<div class=\"fusion-sep-clear\"><\/div><div class=\"fusion-separator fusion-full-width-sep\" style=\"margin-left: auto;margin-right: auto;margin-top:10px;width:100%;\"><\/div><div class=\"fusion-sep-clear\"><\/div>\n<h3>\u00cdNDICE GENERAL<\/h3>\n<p><strong><span style=\"color: #000000;\">Cap\u00edtulo 1.<\/span><\/strong> \u00a0La volcanolog\u00eda,\u00a0los volcanes y sus productos<br \/>\n<strong><span class=\"verde\" style=\"color: #000000;\">Cap\u00edtulo 2.<\/span><\/strong> Procesos eruptivos, origen,\u00a0transporte y depositaci\u00f3n de rocas volcanicl\u00e1sticas<br \/>\n<strong><span class=\"verde\" style=\"color: #000000;\">Cap\u00edtulo 3.<\/span><\/strong> Modelos de facies de edificios volc\u00e1nicos<br \/>\n<strong><span style=\"color: #000000;\"><span class=\"verde\">Cap\u00edtulo 4.<\/span> <\/span><\/strong>Volcanes, cuencas y sistemas sedimentarios: modelado de facies de sucesiones volc\u00e1nicas en el registro geol\u00f3gico y en erupciones recientes<br \/>\n<strong><span style=\"color: #000000;\"><span class=\"verde\">Cap\u00edtulo 5.<\/span> <\/span><\/strong>La volcanolog\u00eda aplicada. Aplicaciones en la asignaci\u00f3n de peligrosidad volc\u00e1nica<\/p>\n<div class=\"fusion-sep-clear\"><\/div><div class=\"fusion-separator fusion-full-width-sep\" style=\"margin-left: auto;margin-right: auto;margin-top:10px;width:100%;\"><\/div><div class=\"fusion-sep-clear\"><\/div>\n<p><span style=\"color: #000000;\"><strong>VER RESE\u00d1A:<\/strong><\/span><\/p>\n<p>Murcia et al. (2020) Journal of Volcanology 82,25.<br \/>\n<strong><a href=\"https:\/\/link.springer.com\/article\/10.1007\/s00445-020-1367-9\" target=\"_blank\" rel=\"noopener noreferrer\">https:\/\/link.springer.com\/article\/10.1007\/s00445-020-1367-9<\/a><\/strong><\/p>\n<p>Este libro fue realizado con la colaboraci\u00f3n de:<\/p>\n<p><img decoding=\"async\" class=\"alignnone size-full wp-image-818\" src=\"https:\/\/www.sedimentologia.org.ar\/spa\/wp-content\/uploads\/2015\/04\/pluspetrol.jpg\" alt=\"\" width=\"230\" height=\"83\" \/><\/p>\n<div class=\"fusion-sep-clear\"><\/div><div class=\"fusion-separator fusion-full-width-sep\" style=\"margin-left: auto;margin-right: auto;margin-top:0px;margin-bottom:45px;width:100%;\"><\/div><div class=\"fusion-sep-clear\"><\/div>\n<\/div><div class=\"fusion-clearfix\"><\/div><\/div><\/div><div class=\"fusion-layout-column fusion_builder_column fusion-builder-column-4 fusion_builder_column_1_1 1_1 fusion-one-full fusion-column-first fusion-column-last\" style=\"--awb-bg-size:cover;\"><div class=\"fusion-column-wrapper fusion-flex-column-wrapper-legacy\"><div class=\"fusion-text fusion-text-5\"><h3>PUBLICACI\u00d3N ESPECIAL # 2 &#8211; <span style=\"color: #ff0000;\"><strong>AGOTADO<\/strong><\/span><\/h3>\n<div class=\"fusion-sep-clear\"><\/div><div class=\"fusion-separator fusion-full-width-sep\" style=\"margin-left: auto;margin-right: auto;margin-top:0px;margin-bottom:0px;width:100%;\"><div class=\"fusion-separator-border sep-single sep-solid\" style=\"--awb-height:20px;--awb-amount:20px;border-color:#e0dede;border-top-width:1px;\"><\/div><\/div><div class=\"fusion-sep-clear\"><\/div>\n<h1><span class=\"verde\">Din\u00e1mica del Transporte de Sedimentos<\/span><\/h1>\n<h3>Autor: Gerardo M. E. Perillo | 2003<\/h3>\n<div class=\"fusion-sep-clear\"><\/div><div class=\"fusion-separator fusion-full-width-sep\" style=\"margin-left: auto;margin-right: auto;margin-top:10px;margin-bottom:0px;width:100%;\"><\/div><div class=\"fusion-sep-clear\"><\/div>\n<\/div><div class=\"fusion-clearfix\"><\/div><\/div><\/div><div class=\"fusion-layout-column fusion_builder_column fusion-builder-column-5 fusion_builder_column_2_3 2_3 fusion-two-third fusion-column-first\" style=\"--awb-bg-size:cover;width:65.3333%; margin-right: 4%;\"><div class=\"fusion-column-wrapper fusion-flex-column-wrapper-legacy\"><div class=\"fusion-text fusion-text-6\"><p><img decoding=\"async\" class=\"alignleft wp-image-613 size-full\" src=\"http:\/\/sedimentologia.org.ar\/spa\/wp-content\/uploads\/2015\/05\/especial_2.jpg\" alt=\"especial_2\" width=\"250\" height=\"280\" \/>Esta publicaci\u00f3n especial de la AAS intenta contribuir, a trav\u00e9s de su autor, a comprender los mecanismos de transporte y depositaci\u00f3n de materiales cl\u00e1sticos de manera sencilla para que pueda ser de utilidad a estudiantes y profesionales.<\/p>\n<\/div><div class=\"fusion-clearfix\"><\/div><\/div><\/div><div class=\"fusion-layout-column fusion_builder_column fusion-builder-column-6 fusion_builder_column_1_1 1_1 fusion-one-full fusion-column-last\" style=\"--awb-bg-size:cover;\"><div class=\"fusion-column-wrapper fusion-flex-column-wrapper-legacy\"><div class=\"fusion-text fusion-text-7\"><div class=\"fusion-sep-clear\"><\/div><div class=\"fusion-separator fusion-full-width-sep\" style=\"margin-left: auto;margin-right: auto;margin-top:20px;width:100%;\"><\/div><div class=\"fusion-sep-clear\"><\/div>\n<p>Incluye referencias bibliogr\u00e1ficas e \u00edndice tem\u00e1tico.<br \/>\n11 cap\u00edtulos, tapa blanda, 28 x 20 cm.<\/p>\n<div class=\"fusion-sep-clear\"><\/div><div class=\"fusion-separator fusion-full-width-sep\" style=\"margin-left: auto;margin-right: auto;margin-top:10px;width:100%;\"><\/div><div class=\"fusion-sep-clear\"><\/div>\n<h3>\u00cdNDICE GENERAL<\/h3>\n<p><strong><span style=\"color: #000000;\">Cap\u00edtulo 1.<\/span><\/strong> Introducci\u00f3n<br \/>\n<strong><span class=\"verde\" style=\"color: #000000;\">Cap\u00edtulo 2.<\/span><\/strong> Propiedades de los fluidos<br \/>\n<strong><span class=\"verde\" style=\"color: #000000;\">Cap\u00edtulo 3.<\/span><\/strong> Flujos unidireccionales<br \/>\n<strong><span style=\"color: #000000;\"><span class=\"verde\">Cap\u00edtulo 4.<\/span> <\/span><\/strong>Flujos oscilatorios<br \/>\n<strong><span style=\"color: #000000;\"><span class=\"verde\">Cap\u00edtulo 5.<\/span> <\/span><\/strong>Resistencia al flujo<br \/>\n<strong><span class=\"verde\" style=\"color: #000000;\">Cap\u00edtulo 6.<\/span><\/strong> Propiedades de los sedimentos<br \/>\n<strong><span style=\"color: #000000;\"><span class=\"verde\">Cap\u00edtulo 7.<\/span> <\/span><\/strong>Iniciaci\u00f3n del transporte de sedimentos<br \/>\n<strong><span class=\"verde\" style=\"color: #000000;\">Cap\u00edtulo 8.<\/span><\/strong> Transporte como carga de fondo<br \/>\n<strong><span class=\"verde\" style=\"color: #000000;\">Cap\u00edtulo 9.<\/span><\/strong> Transporte de sedimentos en suspensi\u00f3n<br \/>\n<strong><span style=\"color: #000000;\"><span class=\"verde\">Cap\u00edtulo 10.<\/span> <\/span><\/strong>Transporte de sedimentos por el viento<br \/>\n<strong><span class=\"verde\" style=\"color: #000000;\">Cap\u00edtulo 11.<\/span><\/strong> Formas de fondo<\/p>\n<div class=\"fusion-sep-clear\"><\/div><div class=\"fusion-separator fusion-full-width-sep\" style=\"margin-left: auto;margin-right: auto;margin-top:0px;margin-bottom:45px;width:100%;\"><\/div><div class=\"fusion-sep-clear\"><\/div>\n<\/div><div class=\"fusion-clearfix\"><\/div><\/div><\/div><div class=\"fusion-layout-column fusion_builder_column fusion-builder-column-7 fusion_builder_column_1_1 1_1 fusion-one-full fusion-column-first fusion-column-last\" style=\"--awb-bg-size:cover;\"><div class=\"fusion-column-wrapper fusion-flex-column-wrapper-legacy\"><div class=\"fusion-text fusion-text-8\"><h3>PUBLICACI\u00d3N ESPECIAL # 1<\/h3>\n<div class=\"fusion-sep-clear\"><\/div><div class=\"fusion-separator fusion-full-width-sep\" style=\"margin-left: auto;margin-right: auto;margin-top:0px;margin-bottom:0px;width:100%;\"><div class=\"fusion-separator-border sep-single sep-solid\" style=\"--awb-height:20px;--awb-amount:20px;border-color:#e0dede;border-top-width:1px;\"><\/div><\/div><div class=\"fusion-sep-clear\"><\/div>\n<h1>Petrolog\u00eda y Diag\u00e9nesis de Rocas Cl\u00e1sticas<\/h1>\n<h3>Autores: Roberto A. Scasso y Carlos O. Limarino | 1997<\/h3>\n<div class=\"fusion-sep-clear\"><\/div><div class=\"fusion-separator fusion-full-width-sep\" style=\"margin-left: auto;margin-right: auto;margin-top:10px;margin-bottom:0px;width:100%;\"><\/div><div class=\"fusion-sep-clear\"><\/div>\n<\/div><div class=\"fusion-clearfix\"><\/div><\/div><\/div><div class=\"fusion-layout-column fusion_builder_column fusion-builder-column-8 fusion_builder_column_1_1 1_1 fusion-one-full fusion-column-first fusion-column-last fusion-column-no-min-height\" style=\"--awb-bg-size:cover;--awb-margin-bottom:0px;\"><div class=\"fusion-column-wrapper fusion-flex-column-wrapper-legacy\"><div class=\"fusion-text fusion-text-9\"><\/div><div class=\"fusion-clearfix\"><\/div><\/div><\/div><div class=\"fusion-layout-column fusion_builder_column fusion-builder-column-9 fusion_builder_column_2_3 2_3 fusion-two-third fusion-column-first\" style=\"--awb-bg-size:cover;width:65.3333%; margin-right: 4%;\"><div class=\"fusion-column-wrapper fusion-flex-column-wrapper-legacy\"><div class=\"fusion-text fusion-text-10\"><p><img decoding=\"async\" class=\"alignleft wp-image-600 size-full\" src=\"http:\/\/sedimentologia.org.ar\/spa\/wp-content\/uploads\/2015\/05\/especial_1.jpg\" alt=\"especial_1\" width=\"250\" height=\"280\" \/>Esta primera publicaci\u00f3n especial de la AAS intenta <em>\u00ab&#8230;ofrecer una s\u00edntesis de los diferentes aspectos ligados a la petrolog\u00eda de las rocas sedimentarias cl\u00e1sticas, esperando que la misma pueda ser de utilidad tanto para estudiantes como para aquellos profesionales que deseen actualizarse en esta rama de la sedimentolog\u00eda\u00bb.<\/em><\/p>\n<p><strong><span style=\"color: #000000;\">Ganador del Premio de la Secretar\u00eda de Cultura<\/span><\/strong><\/p>\n<\/div><div class=\"fusion-clearfix\"><\/div><\/div><\/div><div class=\"fusion-layout-column fusion_builder_column fusion-builder-column-10 fusion_builder_column_1_1 1_1 fusion-one-full fusion-column-last\" style=\"--awb-bg-size:cover;\"><div class=\"fusion-column-wrapper fusion-flex-column-wrapper-legacy\"><div class=\"fusion-sep-clear\"><\/div><div class=\"fusion-separator fusion-full-width-sep\" style=\"margin-left: auto;margin-right: auto;margin-top:20px;margin-bottom:0px;width:100%;\"><\/div><div class=\"fusion-sep-clear\"><\/div><div class=\"fusion-text fusion-text-11\"><p>Incluye referencias bibliogr\u00e1ficas e \u00edndice tem\u00e1tico.<br \/>\n8 cap\u00edtulos, 258 p\u00e1ginas, tapa blanda, 28 x 20 cm. ISBN 987-96296-0-4<\/p>\n<div class=\"fusion-sep-clear\"><\/div><div class=\"fusion-separator fusion-full-width-sep\" style=\"margin-left: auto;margin-right: auto;margin-top:10px;width:100%;\"><\/div><div class=\"fusion-sep-clear\"><\/div>\n<p><span style=\"color: #000000;\"><strong>PRECIO DE VENTA:<\/strong><\/span><br \/>\nConsultar precio de la publicaci\u00f3n y disponibilidad de stock a: <a href=\"mailto:secretariaaas@gmail.com\">secretariaaas@gmail.com<\/a><br \/>\nPrecios diferenciales para socios y no socios<\/p>\n<div class=\"fusion-sep-clear\"><\/div><div class=\"fusion-separator fusion-full-width-sep\" style=\"margin-left: auto;margin-right: auto;margin-top:10px;width:100%;\"><\/div><div class=\"fusion-sep-clear\"><\/div>\n<h3>\u00cdNDICE GENERAL<\/h3>\n<p><strong><span style=\"color: #000000;\">Cap\u00edtulo 1.<\/span><\/strong> Introducci\u00f3n a la petrolog\u00eda y diag\u00e9nesis de rocas cl\u00e1sticas<br \/>\n<strong><span style=\"color: #000000;\">Cap\u00edtulo 2.<\/span><\/strong> Estudios texturales<br \/>\n<strong><span style=\"color: #000000;\">Cap\u00edtulo 3.<\/span> <\/strong>Clasificaci\u00f3n y petrograf\u00eda de psefitas y psamitas<br \/>\n<strong><span style=\"color: #000000;\">Cap\u00edtulo 4.<\/span><\/strong> Petrolog\u00eda de las pelitas y minerales de arcilla<br \/>\n<strong><span style=\"color: #000000;\">Cap\u00edtulo 5.<\/span> <\/strong>Rocas volcanicl\u00e1sticas y pirocl\u00e1sticas<br \/>\n<strong><span style=\"color: #000000;\">Cap\u00edtulo 6.<\/span> <\/strong>F\u00e1brica, porosidad y permeabilidad de rocas epicl\u00e1sticas<br \/>\n<strong><span style=\"color: #000000;\">Cap\u00edtulo 7.<\/span> <\/strong>Diag\u00e9nesis de rocas cl\u00e1sticas<br \/>\n<strong><span style=\"color: #000000;\">Cap\u00edtulo 8.<\/span> <\/strong>Composici\u00f3n y procedencia de areniscas<\/p>\n<div class=\"fusion-sep-clear\"><\/div><div class=\"fusion-separator fusion-full-width-sep\" style=\"margin-left: auto;margin-right: auto;margin-top:0px;margin-bottom:45px;width:100%;\"><\/div><div class=\"fusion-sep-clear\"><\/div>\n<\/div><div class=\"fusion-clearfix\"><\/div><\/div><\/div><div class=\"fusion-layout-column fusion_builder_column fusion-builder-column-11 fusion_builder_column_1_1 1_1 fusion-one-full fusion-column-first fusion-column-last fusion-column-no-min-height\" style=\"--awb-bg-size:cover;--awb-margin-bottom:0px;\"><div class=\"fusion-column-wrapper fusion-flex-column-wrapper-legacy\"><div class=\"fusion-text fusion-text-12\"><div class=\"fusion-sep-clear\"><\/div><div class=\"fusion-separator fusion-full-width-sep\" style=\"margin-left: auto;margin-right: auto;margin-top:0px;margin-bottom:5px;width:100%;\"><div class=\"fusion-separator-border sep-single sep-solid\" style=\"--awb-height:20px;--awb-amount:20px;border-color:#e0dede;border-top-width:1px;\"><\/div><\/div><div class=\"fusion-sep-clear\"><\/div>\n<p><strong><span style=\"color: #000000;\">Consultas sobre disponibilidad y precios:<\/span><\/strong> <a href=\"mailto:secretariaaas@gmail.com\">secretariaaas@gmail.com<\/a><\/p>\n<\/div><div class=\"fusion-clearfix\"><\/div><\/div><\/div><\/div><\/div>\n","protected":false},"excerpt":{"rendered":"","protected":false},"author":2,"featured_media":0,"parent":0,"menu_order":0,"comment_status":"open","ping_status":"open","template":"","meta":{"footnotes":""},"class_list":["post-521","page","type-page","status-publish","hentry"],"_links":{"self":[{"href":"https:\/\/www.sedimentologia.org.ar\/spa\/wp-json\/wp\/v2\/pages\/521","targetHints":{"allow":["GET"]}}],"collection":[{"href":"https:\/\/www.sedimentologia.org.ar\/spa\/wp-json\/wp\/v2\/pages"}],"about":[{"href":"https:\/\/www.sedimentologia.org.ar\/spa\/wp-json\/wp\/v2\/types\/page"}],"author":[{"embeddable":true,"href":"https:\/\/www.sedimentologia.org.ar\/spa\/wp-json\/wp\/v2\/users\/2"}],"replies":[{"embeddable":true,"href":"https:\/\/www.sedimentologia.org.ar\/spa\/wp-json\/wp\/v2\/comments?post=521"}],"version-history":[{"count":36,"href":"https:\/\/www.sedimentologia.org.ar\/spa\/wp-json\/wp\/v2\/pages\/521\/revisions"}],"predecessor-version":[{"id":3001,"href":"https:\/\/www.sedimentologia.org.ar\/spa\/wp-json\/wp\/v2\/pages\/521\/revisions\/3001"}],"wp:attachment":[{"href":"https:\/\/www.sedimentologia.org.ar\/spa\/wp-json\/wp\/v2\/media?parent=521"}],"curies":[{"name":"wp","href":"https:\/\/api.w.org\/{rel}","templated":true}]}}