{"id":465,"date":"2025-03-19T17:19:21","date_gmt":"2025-03-19T17:19:21","guid":{"rendered":"http:\/\/sedimentologia.org.ar\/spa\/?page_id=465"},"modified":"2025-03-19T20:20:29","modified_gmt":"2025-03-19T20:20:29","slug":"actas","status":"publish","type":"page","link":"https:\/\/www.sedimentologia.org.ar\/spa\/actas\/","title":{"rendered":"Actas"},"content":{"rendered":"<div class=\"fusion-fullwidth fullwidth-box fusion-builder-row-1 hundred-percent-fullwidth non-hundred-percent-height-scrolling\" style=\"--awb-border-radius-top-left:0px;--awb-border-radius-top-right:0px;--awb-border-radius-bottom-right:0px;--awb-border-radius-bottom-left:0px;--awb-overflow:visible;--awb-flex-wrap:wrap;\" ><div class=\"fusion-builder-row fusion-row\"><div class=\"fusion-layout-column fusion_builder_column fusion-builder-column-0 fusion_builder_column_1_1 1_1 fusion-one-full fusion-column-first fusion-column-last\" style=\"--awb-bg-size:cover;\"><div class=\"fusion-column-wrapper fusion-flex-column-wrapper-legacy\"><div class=\"fusion-title title fusion-title-1 fusion-sep-none fusion-title-text fusion-title-size-one\"><h1 class=\"fusion-title-heading title-heading-left\" style=\"margin:0;\">Actas de Congresos, Reuniones y Talleres<\/h1><\/div><div class=\"fusion-text fusion-text-1\"><h3>Env\u00edos al interior del pa\u00eds y al exterior<\/h3>\n<p>Para efectuar su pedido, comun\u00edquese con secretariaaas@gmail.com, detallando: apellido y nombre, direcci\u00f3n completa, cantidad de ejemplares solicitados y forma de pago preferida (efectivo, transferencia o dep\u00f3sito en la cuenta bancaria de la Asociaci\u00f3n).<\/p>\n<\/div><div class=\"fusion-sep-clear\"><\/div><div class=\"fusion-separator fusion-full-width-sep\" style=\"margin-left: auto;margin-right: auto;width:100%;\"><div class=\"fusion-separator-border sep-single sep-solid\" style=\"--awb-height:20px;--awb-amount:20px;border-color:#e0dede;border-top-width:1px;\"><\/div><\/div><div class=\"fusion-sep-clear\"><\/div><div class=\"fusion-clearfix\"><\/div><\/div><\/div><div class=\"fusion-layout-column fusion_builder_column fusion-builder-column-1 fusion_builder_column_1_4 1_4 fusion-one-fourth fusion-column-first\" style=\"--awb-bg-size:cover;width:22%; margin-right: 4%;\"><div class=\"fusion-column-wrapper fusion-flex-column-wrapper-legacy\"><div class=\"fusion-text fusion-text-2\"><h5><img decoding=\"async\" class=\"alignleft wp-image-512 size-full\" src=\"http:\/\/sedimentologia.org.ar\/spa\/wp-content\/uploads\/2015\/05\/mini-XIIIRas.jpg\" alt=\"mini-XIIIRas\" width=\"74\" height=\"105\" \/><strong><span style=\"color: #000000;\">XIII Reuni\u00f3n Argentina de Sedimentolog\u00eda. <\/span><\/strong><span class=\"textosmall\">Salta, 2012.<br \/>\n<a href=\"http:\/\/sedimentologia.org.ar\/ras\/XIII%20RAS.pdf\" target=\"_blank\" rel=\"noopener noreferrer\">VER \u00cdNDICE &gt;<\/a><br \/>\n<\/span><\/h5>\n<\/div><div class=\"fusion-clearfix\"><\/div><\/div><\/div><div class=\"fusion-layout-column fusion_builder_column fusion-builder-column-2 fusion_builder_column_1_4 1_4 fusion-one-fourth\" style=\"--awb-bg-size:cover;width:22%; margin-right: 4%;\"><div class=\"fusion-column-wrapper fusion-flex-column-wrapper-legacy\"><div class=\"fusion-text fusion-text-3\"><h5><a href=\"http:\/\/sedimentologia.org.ar\/spa\/wp-content\/uploads\/2015\/05\/mini-repositsalta.jpg\"><img decoding=\"async\" class=\"alignleft size-full wp-image-651\" src=\"http:\/\/sedimentologia.org.ar\/spa\/wp-content\/uploads\/2015\/05\/mini-repositsalta.jpg\" alt=\"mini-repositsalta\" width=\"74\" height=\"105\" \/><\/a><strong><span style=\"color: #000000;\">Relatorio de la XIII Reuni\u00f3n Argentina de Sedimentolog\u00eda. <\/span><\/strong><span class=\"textosmall\">Salta, 2012.<\/span><\/h5>\n<\/div><div class=\"fusion-clearfix\"><\/div><\/div><\/div><div class=\"fusion-layout-column fusion_builder_column fusion-builder-column-3 fusion_builder_column_1_4 1_4 fusion-one-fourth\" style=\"--awb-bg-size:cover;width:22%; margin-right: 4%;\"><div class=\"fusion-column-wrapper fusion-flex-column-wrapper-legacy\"><div class=\"fusion-text fusion-text-4\"><h5><img decoding=\"async\" class=\"alignleft wp-image-508 size-full\" src=\"http:\/\/sedimentologia.org.ar\/spa\/wp-content\/uploads\/2015\/05\/buenos_aires_2008.jpg\" alt=\"buenos_aires_2008\" width=\"90\" height=\"105\" \/><strong><span style=\"color: #000000;\">XII Reuni\u00f3n Argentina de Sedimentolog\u00eda. <\/span><\/strong><span class=\"textosmall\">Buenos Aires, 2008.<br \/>\n<a href=\"http:\/\/sedimentologia.org.ar\/ras\/XII%20RAS.pdf\" target=\"_blank\" rel=\"noopener noreferrer\">VER \u00cdNDICE &gt;<\/a><br \/>\n<\/span><\/h5>\n<\/div><div class=\"fusion-clearfix\"><\/div><\/div><\/div><div class=\"fusion-layout-column fusion_builder_column fusion-builder-column-4 fusion_builder_column_1_4 1_4 fusion-one-fourth fusion-column-last\" style=\"--awb-bg-size:cover;width:22%;\"><div class=\"fusion-column-wrapper fusion-flex-column-wrapper-legacy\"><div class=\"fusion-text fusion-text-5\"><h5><img decoding=\"async\" class=\"alignleft wp-image-506 size-full\" src=\"http:\/\/sedimentologia.org.ar\/spa\/wp-content\/uploads\/2015\/05\/bariloche_2006.jpg\" alt=\"bariloche_2006\" width=\"90\" height=\"105\" \/><strong><span style=\"color: #000000;\">IV Congreso Latinoamericano de Sedimentolog\u00eda y XI RAS. <\/span><\/strong><span class=\"textosmall\">Bariloche, 2006.<br \/>\n<a href=\"http:\/\/sedimentologia.org.ar\/ras\/XI%20RAS.pdf\" target=\"_blank\" rel=\"noopener noreferrer\">VER \u00cdNDICE &gt;<\/a><br \/>\n<\/span><\/h5>\n<\/div><div class=\"fusion-clearfix\"><\/div><\/div><\/div><div class=\"fusion-layout-column fusion_builder_column fusion-builder-column-5 fusion_builder_column_1_1 1_1 fusion-one-full fusion-column-first fusion-column-last\" style=\"--awb-bg-size:cover;\"><div class=\"fusion-column-wrapper fusion-flex-column-wrapper-legacy\"><div class=\"fusion-sep-clear\"><\/div><div class=\"fusion-separator fusion-full-width-sep\" style=\"margin-left: auto;margin-right: auto;width:100%;\"><div class=\"fusion-separator-border sep-single sep-solid\" style=\"--awb-height:20px;--awb-amount:20px;border-color:#e0dede;border-top-width:1px;\"><\/div><\/div><div class=\"fusion-sep-clear\"><\/div><div class=\"fusion-clearfix\"><\/div><\/div><\/div><div class=\"fusion-layout-column fusion_builder_column fusion-builder-column-6 fusion_builder_column_1_4 1_4 fusion-one-fourth fusion-column-first\" style=\"--awb-bg-size:cover;width:22%; margin-right: 4%;\"><div class=\"fusion-column-wrapper fusion-flex-column-wrapper-legacy\"><div class=\"fusion-text fusion-text-6\"><h5><img decoding=\"async\" class=\"alignleft wp-image-504 size-full\" src=\"http:\/\/sedimentologia.org.ar\/spa\/wp-content\/uploads\/2015\/05\/mendoza_2005.jpg\" alt=\"mendoza_2005\" width=\"90\" height=\"105\" \/><strong><span style=\"color: #000000;\">Abstracts Gondwana 12 Geological and Biological Heritage of Gondwana. <\/span><\/strong><span class=\"textosmall\">Mendoza, 2005.<\/span><\/h5>\n<\/div><div class=\"fusion-clearfix\"><\/div><\/div><\/div><div class=\"fusion-layout-column fusion_builder_column fusion-builder-column-7 fusion_builder_column_1_4 1_4 fusion-one-fourth\" style=\"--awb-bg-size:cover;width:22%; margin-right: 4%;\"><div class=\"fusion-column-wrapper fusion-flex-column-wrapper-legacy\"><div class=\"fusion-text fusion-text-7\"><h5><img decoding=\"async\" class=\"alignleft wp-image-502 size-full\" src=\"http:\/\/sedimentologia.org.ar\/spa\/wp-content\/uploads\/2015\/05\/mini11.jpg\" alt=\"mini11\" width=\"75\" height=\"105\" \/><strong><span style=\"color: #000000;\">X Reuni\u00f3n Argentina de Sedimentolog\u00eda. <\/span><\/strong><span class=\"textosmall\">San Luis, 2004.<br \/>\n<a href=\"http:\/\/sedimentologia.org.ar\/ras\/X%20RAS.pdf\" target=\"_blank\" rel=\"noopener noreferrer\">VER \u00cdNDICE &gt;<\/a><br \/>\n<\/span><\/h5>\n<\/div><div class=\"fusion-clearfix\"><\/div><\/div><\/div><div class=\"fusion-layout-column fusion_builder_column fusion-builder-column-8 fusion_builder_column_1_4 1_4 fusion-one-fourth\" style=\"--awb-bg-size:cover;width:22%; margin-right: 4%;\"><div class=\"fusion-column-wrapper fusion-flex-column-wrapper-legacy\"><div class=\"fusion-text fusion-text-8\"><h5><img decoding=\"async\" class=\"alignleft wp-image-501 size-full\" src=\"http:\/\/sedimentologia.org.ar\/spa\/wp-content\/uploads\/2015\/05\/mini10.jpg\" alt=\"mini10\" width=\"75\" height=\"105\" \/><strong><span style=\"color: #000000;\">IX Reuni\u00f3n Argentina de Sedimentolog\u00eda. <\/span><\/strong><span class=\"textosmall\">C\u00f3rdoba, 2002.<br \/>\n<a href=\"http:\/\/sedimentologia.org.ar\/ras\/IX%20RAS.pdf\" target=\"_blank\" rel=\"noopener noreferrer\">VER \u00cdNDICE &gt;<\/a><br \/>\n<\/span><\/h5>\n<\/div><div class=\"fusion-clearfix\"><\/div><\/div><\/div><div class=\"fusion-layout-column fusion_builder_column fusion-builder-column-9 fusion_builder_column_1_4 1_4 fusion-one-fourth fusion-column-last\" style=\"--awb-bg-size:cover;width:22%;\"><div class=\"fusion-column-wrapper fusion-flex-column-wrapper-legacy\"><div class=\"fusion-text fusion-text-9\"><h5><img decoding=\"async\" class=\"alignleft wp-image-500 size-full\" src=\"http:\/\/sedimentologia.org.ar\/spa\/wp-content\/uploads\/2015\/05\/mini9.jpg\" alt=\"mini9\" width=\"75\" height=\"105\" \/><strong><span style=\"color: #000000;\">II Congreso Latinoamericano de Sedimentolog\u00eda y la VIII RAS. <\/span><\/strong><span class=\"textosmall\">Mar del Plata, 2000.<br \/>\n<a href=\"http:\/\/sedimentologia.org.ar\/ras\/VIII%20RAS.pdf\" target=\"_blank\" rel=\"noopener noreferrer\">VER \u00cdNDICE &gt;<\/a><br \/>\n<\/span><\/h5>\n<\/div><div class=\"fusion-clearfix\"><\/div><\/div><\/div><div class=\"fusion-layout-column fusion_builder_column fusion-builder-column-10 fusion_builder_column_1_1 1_1 fusion-one-full fusion-column-first fusion-column-last\" style=\"--awb-bg-size:cover;\"><div class=\"fusion-column-wrapper fusion-flex-column-wrapper-legacy\"><div class=\"fusion-sep-clear\"><\/div><div class=\"fusion-separator fusion-full-width-sep\" style=\"margin-left: auto;margin-right: auto;width:100%;\"><div class=\"fusion-separator-border sep-single sep-solid\" style=\"--awb-height:20px;--awb-amount:20px;border-color:#e0dede;border-top-width:1px;\"><\/div><\/div><div class=\"fusion-sep-clear\"><\/div><div class=\"fusion-clearfix\"><\/div><\/div><\/div><div class=\"fusion-layout-column fusion_builder_column fusion-builder-column-11 fusion_builder_column_1_4 1_4 fusion-one-fourth fusion-column-first\" style=\"--awb-bg-size:cover;width:22%; margin-right: 4%;\"><div class=\"fusion-column-wrapper fusion-flex-column-wrapper-legacy\"><div class=\"fusion-text fusion-text-10\"><h5><img decoding=\"async\" class=\"alignleft wp-image-499 size-full\" src=\"http:\/\/sedimentologia.org.ar\/spa\/wp-content\/uploads\/2015\/05\/mini8.jpg\" alt=\"mini8\" width=\"75\" height=\"105\" \/><strong><span style=\"color: #000000;\">VII Reuni\u00f3n Argentina de Sedimentolog\u00eda. <\/span><\/strong><span class=\"textosmall\">2 Tomos &#8211; Salta, 1998.<br \/>\n<a href=\"http:\/\/sedimentologia.org.ar\/ras\/VII%20RAS.pdf\" target=\"_blank\" rel=\"noopener noreferrer\">VER \u00cdNDICE &gt;<\/a><br \/>\n<\/span><\/h5>\n<\/div><div class=\"fusion-clearfix\"><\/div><\/div><\/div><div class=\"fusion-layout-column fusion_builder_column fusion-builder-column-12 fusion_builder_column_1_4 1_4 fusion-one-fourth\" style=\"--awb-bg-size:cover;width:22%; margin-right: 4%;\"><div class=\"fusion-column-wrapper fusion-flex-column-wrapper-legacy\"><div class=\"fusion-text fusion-text-11\"><h5><img decoding=\"async\" class=\"alignleft wp-image-498 size-full\" src=\"http:\/\/sedimentologia.org.ar\/spa\/wp-content\/uploads\/2015\/05\/bahia.jpg\" alt=\"bahia\" width=\"75\" height=\"105\" \/><strong><span style=\"color: #000000;\">VI Reuni\u00f3n Argentina de Sedimentolog\u00eda. <\/span><\/strong><span class=\"textosmall\">1 Tomo &#8211; Bah\u00eda Blanca, 1996.<br \/>\n<a href=\"http:\/\/sedimentologia.org.ar\/ras\/VI%20RAS.pdf\" target=\"_blank\" rel=\"noopener noreferrer\">VER \u00cdNDICE &gt;<\/a><br \/>\n<\/span><\/h5>\n<\/div><div class=\"fusion-clearfix\"><\/div><\/div><\/div><div class=\"fusion-layout-column fusion_builder_column fusion-builder-column-13 fusion_builder_column_1_4 1_4 fusion-one-fourth\" style=\"--awb-bg-size:cover;width:22%; margin-right: 4%;\"><div class=\"fusion-column-wrapper fusion-flex-column-wrapper-legacy\"><div class=\"fusion-text fusion-text-12\"><h5><img decoding=\"async\" class=\"alignleft wp-image-476 size-full\" src=\"http:\/\/sedimentologia.org.ar\/spa\/wp-content\/uploads\/2015\/05\/tucuman.jpg\" alt=\"tucuman\" width=\"75\" height=\"105\" \/><strong><span style=\"color: #000000;\">V Reuni\u00f3n Argentina de Sedimentolog\u00eda. <\/span><\/strong><span class=\"textosmall\">1 Tomo y Anexo &#8211; S. M. Tucum\u00e1n, 1994.<br \/>\n<a href=\"http:\/\/sedimentologia.org.ar\/ras\/V%20RAS.pdf\" target=\"_blank\" rel=\"noopener noreferrer\">VER \u00cdNDICE &gt;<\/a><br \/>\n<\/span><\/h5>\n<\/div><div class=\"fusion-clearfix\"><\/div><\/div><\/div><div class=\"fusion-layout-column fusion_builder_column fusion-builder-column-14 fusion_builder_column_1_4 1_4 fusion-one-fourth fusion-column-last\" style=\"--awb-bg-size:cover;width:22%;\"><div class=\"fusion-column-wrapper fusion-flex-column-wrapper-legacy\"><div class=\"fusion-text fusion-text-13\"><h5><img decoding=\"async\" class=\"alignleft wp-image-472 size-full\" src=\"http:\/\/sedimentologia.org.ar\/spa\/wp-content\/uploads\/2015\/05\/mini7.jpg\" alt=\"mini7\" width=\"75\" height=\"105\" \/><strong><span style=\"color: #000000;\">IV Reuni\u00f3n Argentina de Sedimentolog\u00eda. <\/span><\/strong><span class=\"textosmall\">3\u00a0 Tomos &#8211; La Plata, 1992.<br \/>\n<a href=\"http:\/\/sedimentologia.org.ar\/ras\/IV%20RAS.pdf\" target=\"_blank\" rel=\"noopener noreferrer\">VER \u00cdNDICE &gt;<\/a><\/span><\/h5>\n<h5><span class=\"textosmall\">\u00a0<\/span><\/h5>\n<\/div><div class=\"fusion-clearfix\"><\/div><\/div><\/div><div class=\"fusion-layout-column fusion_builder_column fusion-builder-column-15 fusion_builder_column_1_1 1_1 fusion-one-full fusion-column-first fusion-column-last\" style=\"--awb-bg-size:cover;\"><div class=\"fusion-column-wrapper fusion-flex-column-wrapper-legacy\"><div class=\"fusion-sep-clear\"><\/div><div class=\"fusion-separator fusion-full-width-sep\" style=\"margin-left: auto;margin-right: auto;width:100%;\"><div class=\"fusion-separator-border sep-single sep-solid\" style=\"--awb-height:20px;--awb-amount:20px;border-color:#e0dede;border-top-width:1px;\"><\/div><\/div><div class=\"fusion-sep-clear\"><\/div><div class=\"fusion-clearfix\"><\/div><\/div><\/div><div class=\"fusion-layout-column fusion_builder_column fusion-builder-column-16 fusion_builder_column_1_4 1_4 fusion-one-fourth fusion-column-first\" style=\"--awb-bg-size:cover;width:22%; margin-right: 4%;\"><div class=\"fusion-column-wrapper fusion-flex-column-wrapper-legacy\"><div class=\"fusion-text fusion-text-14\"><h5><img decoding=\"async\" class=\"alignleft wp-image-467 size-full\" src=\"http:\/\/sedimentologia.org.ar\/spa\/wp-content\/uploads\/2015\/05\/sanjuan.jpg\" alt=\"sanjuan\" width=\"75\" height=\"105\" \/><strong><span style=\"color: #000000;\">III Reuni\u00f3n Argentina de Sedimentolog\u00eda. <\/span><\/strong><span class=\"textosmall\">1 Tomo &#8211; San Juan, 1990.<br \/>\n<a href=\"http:\/\/sedimentologia.org.ar\/ras\/III%20RAS.pdf\">VER \u00cdNDICE &gt;<\/a><br \/>\n<\/span><\/h5>\n<\/div><div class=\"fusion-clearfix\"><\/div><\/div><\/div><div class=\"fusion-layout-column fusion_builder_column fusion-builder-column-17 fusion_builder_column_1_1 1_1 fusion-one-full fusion-column-last\" style=\"--awb-bg-size:cover;\"><div class=\"fusion-column-wrapper fusion-flex-column-wrapper-legacy\"><div class=\"fusion-sep-clear\"><\/div><div class=\"fusion-separator fusion-full-width-sep\" style=\"margin-left: auto;margin-right: auto;width:100%;\"><div class=\"fusion-separator-border sep-single sep-solid\" style=\"--awb-height:20px;--awb-amount:20px;border-color:#e0dede;border-top-width:1px;\"><\/div><\/div><div class=\"fusion-sep-clear\"><\/div><div class=\"fusion-text fusion-text-15\"><div class=\"fusion-sep-clear\"><\/div><div class=\"fusion-separator fusion-full-width-sep\" style=\"margin-left: auto;margin-right: auto;margin-top:5px;width:100%;\"><\/div><div class=\"fusion-sep-clear\"><\/div>\n<p><strong><span style=\"color: #000000;\">Consultas sobre disponibilidad y precios:<\/span> <\/strong><a href=\"mailto:secretariaaas@gmail.com\">secretariaaas@gmail.com<\/a><\/p>\n<\/div><div class=\"fusion-sep-clear\"><\/div><div class=\"fusion-separator fusion-full-width-sep\" style=\"margin-left: auto;margin-right: auto;margin-top:35px;width:100%;\"><\/div><div class=\"fusion-sep-clear\"><\/div><div class=\"fusion-clearfix\"><\/div><\/div><\/div><\/div><\/div>\n","protected":false},"excerpt":{"rendered":"","protected":false},"author":2,"featured_media":0,"parent":0,"menu_order":0,"comment_status":"open","ping_status":"open","template":"","meta":{"footnotes":""},"class_list":["post-465","page","type-page","status-publish","hentry"],"_links":{"self":[{"href":"https:\/\/www.sedimentologia.org.ar\/spa\/wp-json\/wp\/v2\/pages\/465","targetHints":{"allow":["GET"]}}],"collection":[{"href":"https:\/\/www.sedimentologia.org.ar\/spa\/wp-json\/wp\/v2\/pages"}],"about":[{"href":"https:\/\/www.sedimentologia.org.ar\/spa\/wp-json\/wp\/v2\/types\/page"}],"author":[{"embeddable":true,"href":"https:\/\/www.sedimentologia.org.ar\/spa\/wp-json\/wp\/v2\/users\/2"}],"replies":[{"embeddable":true,"href":"https:\/\/www.sedimentologia.org.ar\/spa\/wp-json\/wp\/v2\/comments?post=465"}],"version-history":[{"count":42,"href":"https:\/\/www.sedimentologia.org.ar\/spa\/wp-json\/wp\/v2\/pages\/465\/revisions"}],"predecessor-version":[{"id":3034,"href":"https:\/\/www.sedimentologia.org.ar\/spa\/wp-json\/wp\/v2\/pages\/465\/revisions\/3034"}],"wp:attachment":[{"href":"https:\/\/www.sedimentologia.org.ar\/spa\/wp-json\/wp\/v2\/media?parent=465"}],"curies":[{"name":"wp","href":"https:\/\/api.w.org\/{rel}","templated":true}]}}