{"id":400,"date":"2015-05-16T19:33:45","date_gmt":"2015-05-16T19:33:45","guid":{"rendered":"http:\/\/sedimentologia.org.ar\/spa\/?page_id=400"},"modified":"2020-11-23T11:27:19","modified_gmt":"2020-11-23T11:27:19","slug":"revistas","status":"publish","type":"page","link":"https:\/\/www.sedimentologia.org.ar\/spa\/revistas\/","title":{"rendered":"Revistas"},"content":{"rendered":"<div class=\"fusion-fullwidth fullwidth-box fusion-builder-row-1 hundred-percent-fullwidth non-hundred-percent-height-scrolling\" style=\"--awb-border-radius-top-left:0px;--awb-border-radius-top-right:0px;--awb-border-radius-bottom-right:0px;--awb-border-radius-bottom-left:0px;--awb-overflow:visible;--awb-flex-wrap:wrap;\" ><div class=\"fusion-builder-row fusion-row\"><div class=\"fusion-layout-column fusion_builder_column fusion-builder-column-0 fusion_builder_column_1_1 1_1 fusion-one-full fusion-column-first fusion-column-last\" style=\"--awb-bg-size:cover;\"><div class=\"fusion-column-wrapper fusion-flex-column-wrapper-legacy\"><div class=\"fusion-title title fusion-title-1 fusion-sep-none fusion-title-text fusion-title-size-one\"><h1 class=\"fusion-title-heading title-heading-left\" style=\"margin:0;\">Revistas: AAS Revista y LAJSBA<\/h1><\/div><div class=\"fusion-text fusion-text-1\"><h3>Env\u00edos al interior del pa\u00eds y al exterior<\/h3>\n<p>Para efectuar su pedido, comun\u00edquese con la AAS por e-mail, correo, telef\u00f3nicamente o por fax, detallando: apellido y nombre, direcci\u00f3n completa, cantidad de ejemplares solicitados y forma de pago preferida (efectivo, dep\u00f3sito en la cuenta bancaria de la Asociaci\u00f3n o cheque).<\/p>\n<\/div><div class=\"fusion-sep-clear\"><\/div><div class=\"fusion-separator fusion-full-width-sep\" style=\"margin-left: auto;margin-right: auto;width:100%;\"><div class=\"fusion-separator-border sep-single sep-solid\" style=\"--awb-height:20px;--awb-amount:20px;border-color:#e0dede;border-top-width:1px;\"><\/div><\/div><div class=\"fusion-sep-clear\"><\/div><div class=\"fusion-clearfix\"><\/div><\/div><\/div><div class=\"fusion-layout-column fusion_builder_column fusion-builder-column-1 fusion_builder_column_1_3 1_3 fusion-one-third fusion-column-first\" style=\"--awb-bg-size:cover;width:30.6666%; margin-right: 4%;\"><div class=\"fusion-column-wrapper fusion-flex-column-wrapper-legacy\"><div class=\"fusion-text fusion-text-2\"><h5><img decoding=\"async\" class=\"alignleft wp-image-458 size-full\" src=\"http:\/\/sedimentologia.org.ar\/spa\/wp-content\/uploads\/2015\/05\/2013.jpg\" alt=\"2013\" width=\"74\" height=\"105\" \/><span style=\"color: #000000;\"><strong>LAJSBA | 2013<\/strong><\/span><\/h5>\n<h6>Volumen 20, Nros. 1 y 2 (2013)<br \/>\n<a href=\"http:\/\/sedimentologia.org.ar\/spa\/revista\/volumen-20-2013\/\">M\u00c1S INFO &gt;<\/a><\/h6>\n<\/div><div class=\"fusion-clearfix\"><\/div><\/div><\/div><div class=\"fusion-layout-column fusion_builder_column fusion-builder-column-2 fusion_builder_column_1_3 1_3 fusion-one-third\" style=\"--awb-bg-size:cover;width:30.6666%; margin-right: 4%;\"><div class=\"fusion-column-wrapper fusion-flex-column-wrapper-legacy\"><div class=\"fusion-text fusion-text-3\"><h5><img decoding=\"async\" class=\"alignleft wp-image-457 size-full\" src=\"http:\/\/sedimentologia.org.ar\/spa\/wp-content\/uploads\/2015\/05\/2012.jpg\" alt=\"2012\" width=\"74\" height=\"105\" \/><strong><span style=\"color: #000000;\">LAJSBA | 2012<\/span><\/strong><\/h5>\n<h6>Volumen 19, Nros. 1 y 2 (2012)<br \/>\n<a href=\"http:\/\/sedimentologia.org.ar\/spa\/revista\/volumen-19-2012\/\">M\u00c1S INFO &gt;<\/a><\/h6>\n<\/div><div class=\"fusion-clearfix\"><\/div><\/div><\/div><div class=\"fusion-layout-column fusion_builder_column fusion-builder-column-3 fusion_builder_column_1_3 1_3 fusion-one-third fusion-column-last\" style=\"--awb-bg-size:cover;width:30.6666%;\"><div class=\"fusion-column-wrapper fusion-flex-column-wrapper-legacy\"><div class=\"fusion-text fusion-text-4\"><h5><img decoding=\"async\" class=\"alignleft wp-image-456 size-full\" src=\"http:\/\/sedimentologia.org.ar\/spa\/wp-content\/uploads\/2015\/05\/2011.jpg\" alt=\"2011\" width=\"74\" height=\"105\" \/><span style=\"color: #000000;\"><strong>LAJSBA | 2011<\/strong><\/span><\/h5>\n<h6>Volumen 18, Nros. 1 y 2 (2011)<br \/>\n<a href=\"http:\/\/sedimentologia.org.ar\/spa\/revista\/volumen-18-2011\/\">M\u00c1S INFO &gt;<\/a><\/h6>\n<\/div><div class=\"fusion-clearfix\"><\/div><\/div><\/div><div class=\"fusion-layout-column fusion_builder_column fusion-builder-column-4 fusion_builder_column_1_1 1_1 fusion-one-full fusion-column-first fusion-column-last\" style=\"--awb-bg-size:cover;\"><div class=\"fusion-column-wrapper fusion-flex-column-wrapper-legacy\"><div class=\"fusion-sep-clear\"><\/div><div class=\"fusion-separator fusion-full-width-sep\" style=\"margin-left: auto;margin-right: auto;width:100%;\"><div class=\"fusion-separator-border sep-single sep-solid\" style=\"--awb-height:20px;--awb-amount:20px;border-color:#e0dede;border-top-width:1px;\"><\/div><\/div><div class=\"fusion-sep-clear\"><\/div><div class=\"fusion-clearfix\"><\/div><\/div><\/div><div class=\"fusion-layout-column fusion_builder_column fusion-builder-column-5 fusion_builder_column_1_3 1_3 fusion-one-third fusion-column-first\" style=\"--awb-bg-size:cover;width:30.6666%; margin-right: 4%;\"><div class=\"fusion-column-wrapper fusion-flex-column-wrapper-legacy\"><div class=\"fusion-text fusion-text-5\"><h5><img decoding=\"async\" class=\"alignleft wp-image-449 size-full\" src=\"http:\/\/sedimentologia.org.ar\/spa\/wp-content\/uploads\/2015\/05\/mini-17.jpg\" alt=\"mini-17\" width=\"74\" height=\"105\" \/><strong><span style=\"color: #000000;\">LAJSBA | 2010<\/span><\/strong><\/h5>\n<h6>Volumen 17, Nros. 1 y 2 (2010)<br \/>\n<a href=\"http:\/\/sedimentologia.org.ar\/spa\/revista\/volumen-17-2010\/\">M\u00c1S INFO &gt;<\/a><\/h6>\n<\/div><div class=\"fusion-clearfix\"><\/div><\/div><\/div><div class=\"fusion-layout-column fusion_builder_column fusion-builder-column-6 fusion_builder_column_1_3 1_3 fusion-one-third\" style=\"--awb-bg-size:cover;width:30.6666%; margin-right: 4%;\"><div class=\"fusion-column-wrapper fusion-flex-column-wrapper-legacy\"><div class=\"fusion-text fusion-text-6\"><h5><img decoding=\"async\" class=\"alignleft wp-image-448 size-full\" src=\"http:\/\/sedimentologia.org.ar\/spa\/wp-content\/uploads\/2015\/05\/mini16.jpg\" alt=\"mini16\" width=\"74\" height=\"105\" \/><strong><span style=\"color: #000000;\">LAJSBA | 2009<\/span><\/strong><\/h5>\n<h6>Volumen 16, Nros. 1 y 2 (2009)<br \/>\n<a href=\"http:\/\/sedimentologia.org.ar\/spa\/revista\/volumen-16-2009\/\">M\u00c1S INFO &gt;<\/a><\/h6>\n<\/div><div class=\"fusion-clearfix\"><\/div><\/div><\/div><div class=\"fusion-layout-column fusion_builder_column fusion-builder-column-7 fusion_builder_column_1_3 1_3 fusion-one-third fusion-column-last\" style=\"--awb-bg-size:cover;width:30.6666%;\"><div class=\"fusion-column-wrapper fusion-flex-column-wrapper-legacy\"><div class=\"fusion-text fusion-text-7\"><h5><img decoding=\"async\" class=\"alignleft wp-image-446 size-full\" src=\"http:\/\/sedimentologia.org.ar\/spa\/wp-content\/uploads\/2015\/05\/mini15-1.jpg\" alt=\"mini15-1\" width=\"74\" height=\"105\" \/><strong><span style=\"color: #000000;\">LAJSBA | 2008<\/span><\/strong><\/h5>\n<h6>Volumen 15, Nros. 1 y 2 (2008)<br \/>\n<a href=\"http:\/\/sedimentologia.org.ar\/spa\/revista\/volumen-15-2008\/\">M\u00c1S INFO &gt;<\/a><\/h6>\n<\/div><div class=\"fusion-clearfix\"><\/div><\/div><\/div><div class=\"fusion-layout-column fusion_builder_column fusion-builder-column-8 fusion_builder_column_1_1 1_1 fusion-one-full fusion-column-first fusion-column-last\" style=\"--awb-bg-size:cover;\"><div class=\"fusion-column-wrapper fusion-flex-column-wrapper-legacy\"><div class=\"fusion-sep-clear\"><\/div><div class=\"fusion-separator fusion-full-width-sep\" style=\"margin-left: auto;margin-right: auto;width:100%;\"><div class=\"fusion-separator-border sep-single sep-solid\" style=\"--awb-height:20px;--awb-amount:20px;border-color:#e0dede;border-top-width:1px;\"><\/div><\/div><div class=\"fusion-sep-clear\"><\/div><div class=\"fusion-clearfix\"><\/div><\/div><\/div><div class=\"fusion-layout-column fusion_builder_column fusion-builder-column-9 fusion_builder_column_1_3 1_3 fusion-one-third fusion-column-first\" style=\"--awb-bg-size:cover;width:30.6666%; margin-right: 4%;\"><div class=\"fusion-column-wrapper fusion-flex-column-wrapper-legacy\"><div class=\"fusion-text fusion-text-8\"><h5><img decoding=\"async\" class=\"alignleft wp-image-445 size-full\" src=\"http:\/\/sedimentologia.org.ar\/spa\/wp-content\/uploads\/2015\/05\/mini14-1.jpg\" alt=\"mini14-1\" width=\"75\" height=\"105\" \/><span style=\"color: #000000;\"><strong>LAJSBA | 2007<\/strong><\/span><\/h5>\n<h6>Volumen 14, Nros. 1 y 2 (2007)<br \/>\n<a href=\"http:\/\/sedimentologia.org.ar\/spa\/revista\/volumen-14-2007\/\">M\u00c1S INFO &gt;<\/a><\/h6>\n<\/div><div class=\"fusion-clearfix\"><\/div><\/div><\/div><div class=\"fusion-layout-column fusion_builder_column fusion-builder-column-10 fusion_builder_column_1_3 1_3 fusion-one-third\" style=\"--awb-bg-size:cover;width:30.6666%; margin-right: 4%;\"><div class=\"fusion-column-wrapper fusion-flex-column-wrapper-legacy\"><div class=\"fusion-text fusion-text-9\"><h5><img decoding=\"async\" class=\"alignleft wp-image-444 size-full\" src=\"http:\/\/sedimentologia.org.ar\/spa\/wp-content\/uploads\/2015\/05\/min25.jpg\" alt=\"min25\" width=\"74\" height=\"105\" \/><strong><span style=\"color: #000000;\">LAJSBA | 2006<\/span><\/strong><\/h5>\n<h6>Volumen 13, Nros. 1 y 2 (2006)<br \/>\n<a href=\"http:\/\/sedimentologia.org.ar\/spa\/revista\/volumen-13-2006\/\">M\u00c1S INFO &gt;<\/a><\/h6>\n<\/div><div class=\"fusion-clearfix\"><\/div><\/div><\/div><div class=\"fusion-layout-column fusion_builder_column fusion-builder-column-11 fusion_builder_column_1_3 1_3 fusion-one-third fusion-column-last\" style=\"--awb-bg-size:cover;width:30.6666%;\"><div class=\"fusion-column-wrapper fusion-flex-column-wrapper-legacy\"><div class=\"fusion-text fusion-text-10\"><h5><img decoding=\"async\" class=\"alignleft wp-image-442 size-full\" src=\"http:\/\/sedimentologia.org.ar\/spa\/wp-content\/uploads\/2015\/05\/min24.jpg\" alt=\"min24\" width=\"74\" height=\"105\" \/><strong><span style=\"color: #000000;\">LAJSBA | 2005<\/span><\/strong><\/h5>\n<h6>Volumen 12, Nros. 1 y 2 (2005)<br \/>\n<a href=\"http:\/\/sedimentologia.org.ar\/spa\/revista\/volumen-12-2005\/\">M\u00c1S INFO &gt;<\/a><\/h6>\n<\/div><div class=\"fusion-clearfix\"><\/div><\/div><\/div><div class=\"fusion-layout-column fusion_builder_column fusion-builder-column-12 fusion_builder_column_1_1 1_1 fusion-one-full fusion-column-first fusion-column-last\" style=\"--awb-bg-size:cover;\"><div class=\"fusion-column-wrapper fusion-flex-column-wrapper-legacy\"><div class=\"fusion-sep-clear\"><\/div><div class=\"fusion-separator fusion-full-width-sep\" style=\"margin-left: auto;margin-right: auto;width:100%;\"><div class=\"fusion-separator-border sep-single sep-solid\" style=\"--awb-height:20px;--awb-amount:20px;border-color:#e0dede;border-top-width:1px;\"><\/div><\/div><div class=\"fusion-sep-clear\"><\/div><div class=\"fusion-clearfix\"><\/div><\/div><\/div><div class=\"fusion-layout-column fusion_builder_column fusion-builder-column-13 fusion_builder_column_1_3 1_3 fusion-one-third fusion-column-first\" style=\"--awb-bg-size:cover;width:30.6666%; margin-right: 4%;\"><div class=\"fusion-column-wrapper fusion-flex-column-wrapper-legacy\"><div class=\"fusion-text fusion-text-11\"><h5><img decoding=\"async\" class=\"alignleft wp-image-439 size-full\" src=\"http:\/\/sedimentologia.org.ar\/spa\/wp-content\/uploads\/2015\/05\/aas_2003-2004.jpg\" alt=\"aas_2003-2004\" width=\"136\" height=\"105\" \/><strong><span style=\"color: #000000;\">AAS Revista | 2003-2004<\/span><\/strong><\/h5>\n<h6>Volumen 10, Nros. 1 y 2 (2003)<br \/>\nVolumen 11, Nros. 1 y 2 (2004)<\/h6>\n<\/div><div class=\"fusion-clearfix\"><\/div><\/div><\/div><div class=\"fusion-layout-column fusion_builder_column fusion-builder-column-14 fusion_builder_column_1_3 1_3 fusion-one-third\" style=\"--awb-bg-size:cover;width:30.6666%; margin-right: 4%;\"><div class=\"fusion-column-wrapper fusion-flex-column-wrapper-legacy\"><div class=\"fusion-text fusion-text-12\"><h5><img decoding=\"async\" class=\" size-full wp-image-438 alignleft\" src=\"http:\/\/sedimentologia.org.ar\/spa\/wp-content\/uploads\/2015\/05\/aas_2001-2002.jpg\" alt=\"aas_2001-2002\" width=\"135\" height=\"105\" \/><strong><span style=\"color: #000000;\">AAS Revista | 2001-2002<\/span><\/strong><\/h5>\n<h6>Volumen 8, Nros. 1 y 2 (2001)<br \/>\nVolumen 9, Nros. 1 y 2 (2002)<\/h6>\n<\/div><div class=\"fusion-clearfix\"><\/div><\/div><\/div><div class=\"fusion-layout-column fusion_builder_column fusion-builder-column-15 fusion_builder_column_1_3 1_3 fusion-one-third fusion-column-last\" style=\"--awb-bg-size:cover;width:30.6666%;\"><div class=\"fusion-column-wrapper fusion-flex-column-wrapper-legacy\"><div class=\"fusion-text fusion-text-13\"><h5><img decoding=\"async\" class=\"alignleft wp-image-416 size-full\" src=\"http:\/\/sedimentologia.org.ar\/spa\/wp-content\/uploads\/2015\/05\/mini4.jpg\" alt=\"\" width=\"75\" height=\"105\" \/><span style=\"color: #000000;\"><strong>AAS Revista | 1999-2000<\/strong><\/span><\/h5>\n<h6>Volumen 6, Nros. 1 y 2 (1999)<br \/>\nVolumen 7, Nros. 1 y 2 (2000)<\/h6>\n<\/div><div class=\"fusion-clearfix\"><\/div><\/div><\/div><div class=\"fusion-layout-column fusion_builder_column fusion-builder-column-16 fusion_builder_column_1_1 1_1 fusion-one-full fusion-column-first fusion-column-last\" style=\"--awb-bg-size:cover;\"><div class=\"fusion-column-wrapper fusion-flex-column-wrapper-legacy\"><div class=\"fusion-sep-clear\"><\/div><div class=\"fusion-separator fusion-full-width-sep\" style=\"margin-left: auto;margin-right: auto;width:100%;\"><div class=\"fusion-separator-border sep-single sep-solid\" style=\"--awb-height:20px;--awb-amount:20px;border-color:#e0dede;border-top-width:1px;\"><\/div><\/div><div class=\"fusion-sep-clear\"><\/div><div class=\"fusion-clearfix\"><\/div><\/div><\/div><div class=\"fusion-layout-column fusion_builder_column fusion-builder-column-17 fusion_builder_column_1_3 1_3 fusion-one-third fusion-column-first\" style=\"--awb-bg-size:cover;width:30.6666%; margin-right: 4%;\"><div class=\"fusion-column-wrapper fusion-flex-column-wrapper-legacy\"><div class=\"fusion-text fusion-text-14\"><h5><img decoding=\"async\" class=\"alignleft wp-image-415 size-full\" src=\"http:\/\/sedimentologia.org.ar\/spa\/wp-content\/uploads\/2015\/05\/mini2.jpg\" alt=\"mini2\" width=\"75\" height=\"105\" \/><strong><span style=\"color: #000000;\">AAS Revista | 1997-1998<\/span><\/strong><\/h5>\n<h6>Volumen 4, Nros. 1 y 2 (1997)<br \/>\nVolumen 5, Nros. 1 y 2 (1998)<\/h6>\n<\/div><div class=\"fusion-clearfix\"><\/div><\/div><\/div><div class=\"fusion-layout-column fusion_builder_column fusion-builder-column-18 fusion_builder_column_1_3 1_3 fusion-one-third\" style=\"--awb-bg-size:cover;width:30.6666%; margin-right: 4%;\"><div class=\"fusion-column-wrapper fusion-flex-column-wrapper-legacy\"><div class=\"fusion-text fusion-text-15\"><h5><img decoding=\"async\" class=\"alignleft wp-image-401 size-full\" src=\"http:\/\/sedimentologia.org.ar\/spa\/wp-content\/uploads\/2015\/05\/mini1.jpg\" alt=\"mini1\" width=\"75\" height=\"105\" \/><strong><span style=\"color: #000000;\">AAS Revista | 1994-1996<\/span><\/strong><\/h5>\n<h6>Volumen 1, Nros. 1 y 2 (1994)<br \/>\nVolumen 2, Nros. 1 y 2 (1995)<br \/>\nVolumen 3, Nros. 1 y 2 (1996)<\/h6>\n<\/div><div class=\"fusion-clearfix\"><\/div><\/div><\/div><div class=\"fusion-layout-column fusion_builder_column fusion-builder-column-19 fusion_builder_column_1_1 1_1 fusion-one-full fusion-column-last\" style=\"--awb-bg-size:cover;\"><div class=\"fusion-column-wrapper fusion-flex-column-wrapper-legacy\"><div class=\"fusion-sep-clear\"><\/div><div class=\"fusion-separator fusion-full-width-sep\" style=\"margin-left: auto;margin-right: auto;width:100%;\"><div class=\"fusion-separator-border sep-single sep-solid\" style=\"--awb-height:20px;--awb-amount:20px;border-color:#e0dede;border-top-width:1px;\"><\/div><\/div><div class=\"fusion-sep-clear\"><\/div><div class=\"fusion-text fusion-text-16\"><div class=\"fusion-sep-clear\"><\/div><div class=\"fusion-separator fusion-full-width-sep\" style=\"margin-left: auto;margin-right: auto;margin-top:5px;width:100%;\"><\/div><div class=\"fusion-sep-clear\"><\/div>\n<p><strong><span style=\"color: #000000;\">Consultas sobre disponibilidad y precios:<\/span><\/strong>\u00a0<a href=\"mailto:secretariaaas@gmail.com\">secretariaaas@gmail.com<\/a><\/p>\n<\/div><div class=\"fusion-clearfix\"><\/div><\/div><\/div><\/div><\/div>\n","protected":false},"excerpt":{"rendered":"","protected":false},"author":2,"featured_media":0,"parent":0,"menu_order":0,"comment_status":"open","ping_status":"open","template":"","meta":{"footnotes":""},"class_list":["post-400","page","type-page","status-publish","hentry"],"_links":{"self":[{"href":"https:\/\/www.sedimentologia.org.ar\/spa\/wp-json\/wp\/v2\/pages\/400","targetHints":{"allow":["GET"]}}],"collection":[{"href":"https:\/\/www.sedimentologia.org.ar\/spa\/wp-json\/wp\/v2\/pages"}],"about":[{"href":"https:\/\/www.sedimentologia.org.ar\/spa\/wp-json\/wp\/v2\/types\/page"}],"author":[{"embeddable":true,"href":"https:\/\/www.sedimentologia.org.ar\/spa\/wp-json\/wp\/v2\/users\/2"}],"replies":[{"embeddable":true,"href":"https:\/\/www.sedimentologia.org.ar\/spa\/wp-json\/wp\/v2\/comments?post=400"}],"version-history":[{"count":53,"href":"https:\/\/www.sedimentologia.org.ar\/spa\/wp-json\/wp\/v2\/pages\/400\/revisions"}],"predecessor-version":[{"id":1407,"href":"https:\/\/www.sedimentologia.org.ar\/spa\/wp-json\/wp\/v2\/pages\/400\/revisions\/1407"}],"wp:attachment":[{"href":"https:\/\/www.sedimentologia.org.ar\/spa\/wp-json\/wp\/v2\/media?parent=400"}],"curies":[{"name":"wp","href":"https:\/\/api.w.org\/{rel}","templated":true}]}}