{"id":3051,"date":"2025-03-26T17:47:50","date_gmt":"2025-03-26T17:47:50","guid":{"rendered":"https:\/\/www.sedimentologia.org.ar\/spa\/?page_id=3051"},"modified":"2025-03-28T20:03:58","modified_gmt":"2025-03-28T20:03:58","slug":"xix-ras","status":"publish","type":"page","link":"https:\/\/www.sedimentologia.org.ar\/spa\/xix-ras\/","title":{"rendered":"XIX RAS"},"content":{"rendered":"<div class=\"fusion-fullwidth fullwidth-box fusion-builder-row-1 nonhundred-percent-fullwidth non-hundred-percent-height-scrolling\" style=\"--awb-border-radius-top-left:0px;--awb-border-radius-top-right:0px;--awb-border-radius-bottom-right:0px;--awb-border-radius-bottom-left:0px;--awb-flex-wrap:wrap;\" ><div class=\"fusion-builder-row fusion-row\"><div class=\"fusion-layout-column fusion_builder_column fusion-builder-column-0 fusion_builder_column_1_4 1_4 fusion-one-fourth fusion-column-first\" style=\"--awb-bg-size:cover;width:25%;width:calc(25% - ( ( 4% ) * 0.25 ) );margin-right: 4%;\"><div class=\"fusion-column-wrapper fusion-flex-column-wrapper-legacy\"><div class=\"fusion-image-element in-legacy-container\" style=\"--awb-max-width:300px;--awb-caption-title-font-family:var(--h2_typography-font-family);--awb-caption-title-font-weight:var(--h2_typography-font-weight);--awb-caption-title-font-style:var(--h2_typography-font-style);--awb-caption-title-size:var(--h2_typography-font-size);--awb-caption-title-transform:var(--h2_typography-text-transform);--awb-caption-title-line-height:var(--h2_typography-line-height);--awb-caption-title-letter-spacing:var(--h2_typography-letter-spacing);\"><span class=\" fusion-imageframe imageframe-none imageframe-1 hover-type-none\"><img decoding=\"async\" width=\"300\" height=\"131\" title=\"LOGORASFINAL\" src=\"https:\/\/www.sedimentologia.org.ar\/spa\/wp-content\/uploads\/2025\/03\/LOGORASFINAL-300x131.png\" alt class=\"img-responsive wp-image-3037\"\/><\/span><\/div><div class=\"fusion-text fusion-text-1\"><h3 style=\"text-align: center;\"><strong>Ciudad de C\u00f3rdoba<br \/>\nSeptiembre, 2025<\/strong><\/h3>\n<\/div><div class=\"fusion-sep-clear\"><\/div><div class=\"fusion-separator fusion-full-width-sep\" style=\"margin-left: auto;margin-right: auto;margin-top:15px;margin-bottom:15px;width:100%;\"><\/div><div class=\"fusion-sep-clear\"><\/div><div class=\"fusion-content-boxes content-boxes columns row fusion-columns-1 fusion-columns-total-1 fusion-content-boxes-1 content-boxes-icon-on-top content-left\" style=\"--awb-backgroundcolor:rgba(142,204,77,0.28);--awb-margin-bottom:-30px;--awb-hover-accent-color:var(--awb-color4);--awb-circle-hover-accent-color:var(--awb-color4);--awb-item-margin-bottom:40px;\" data-animationOffset=\"top-into-view\"><div style=\"--awb-backgroundcolor:rgba(142,204,77,0.28);\" class=\"fusion-column content-box-column content-box-column content-box-column-1 col-lg-12 col-md-12 col-sm-12 fusion-content-box-hover content-box-column-last content-box-column-last-in-row\"><div class=\"col content-box-wrapper content-wrapper-background link-area-link-icon icon-hover-animation-fade\" data-animationOffset=\"top-into-view\"><div class=\"heading heading-with-icon icon-left\"><div class=\"icon\"><i style=\"border-color:#333333;border-width:1px;background-color:#333333;box-sizing:content-box;height:42px;width:42px;line-height:42px;border-radius:50%;font-size:21px;\" aria-hidden=\"true\" class=\"fontawesome-icon fa-file-alt far circle-yes\"><\/i><\/div><h2 class=\"content-box-heading\" style=\"--h2_typography-font-size:18px;line-height:23px;\">Presentaci\u00f3n de Res\u00famenes<\/h2><\/div><div class=\"fusion-clearfix\"><\/div><div class=\"content-container\">\n<h2><a href=\"https:\/\/ras2025.congresos.unc.edu.ar\/resumenes\/\">Estamos recibiendo los Res\u00famenes<\/a><\/h2>\n<h3>La fecha l\u00edmite de recepci\u00f3n de res\u00famenes es el 23 de mayo.<\/h3>\n<\/div><\/div><\/div><div class=\"fusion-clearfix\"><\/div><\/div><div class=\"fusion-title title fusion-title-1 sep-underline sep-solid fusion-title-text fusion-title-size-two\"><h2 class=\"fusion-title-heading title-heading-left\" style=\"margin:0;\"><p style=\"text-align: center;\">Organiza<\/p><\/h2><\/div><div class=\"fusion-text fusion-text-2\"><p style=\"text-align: center;\">Asociaci\u00f3n Argentina de Sedimentolog\u00eda (AAS)<\/p>\n<\/div><div class=\"fusion-sep-clear\"><\/div><div class=\"fusion-separator fusion-full-width-sep\" style=\"margin-left: auto;margin-right: auto;margin-top:10px;margin-bottom:10px;width:100%;\"><\/div><div class=\"fusion-sep-clear\"><\/div><div class=\"fusion-title title fusion-title-2 sep-underline sep-solid fusion-title-text fusion-title-size-two\"><h2 class=\"fusion-title-heading title-heading-left\" style=\"margin:0;\"><p style=\"text-align: center;\">Redes Sociales<\/p><\/h2><\/div><div class=\"aligncenter\"><div class=\"fusion-social-links fusion-social-links-1\" style=\"--awb-margin-top:0px;--awb-margin-right:0px;--awb-margin-bottom:0px;--awb-margin-left:0px;--awb-alignment:center;--awb-box-border-top:0px;--awb-box-border-right:0px;--awb-box-border-bottom:0px;--awb-box-border-left:0px;--awb-icon-colors-hover:rgba(190,189,189,0.8);--awb-box-colors-hover:rgba(232,232,232,0.8);--awb-box-border-color:var(--awb-color3);--awb-box-border-color-hover:var(--awb-color4);\"><div class=\"fusion-social-networks boxed-icons color-type-brand\"><div class=\"fusion-social-networks-wrapper\"><a class=\"fusion-social-network-icon fusion-tooltip fusion-instagram awb-icon-instagram\" style=\"color:#ffffff;font-size:16px;width:16px;background-color:#c13584;border-color:#c13584;border-radius:4px;\" data-placement=\"top\" data-title=\"Instagram\" data-toggle=\"tooltip\" title=\"Instagram\" aria-label=\"instagram\" target=\"_blank\" rel=\"noopener noreferrer\" href=\"https:\/\/www.instagram.com\/ras2025cordoba\/\"><\/a><a class=\"fusion-social-network-icon fusion-tooltip fusion-twitter awb-icon-twitter\" style=\"color:#ffffff;font-size:16px;width:16px;background-color:#000000;border-color:#000000;border-radius:4px;\" data-placement=\"top\" data-title=\"X\" data-toggle=\"tooltip\" title=\"X\" aria-label=\"twitter\" target=\"_blank\" rel=\"noopener noreferrer\" href=\"https:\/\/x.com\/ras_cba2025\"><\/a><a class=\"fusion-social-network-icon fusion-tooltip fusion-linkedin awb-icon-linkedin\" style=\"color:#ffffff;font-size:16px;width:16px;background-color:#0077b5;border-color:#0077b5;border-radius:4px;\" data-placement=\"top\" data-title=\"LinkedIn\" data-toggle=\"tooltip\" title=\"LinkedIn\" aria-label=\"linkedin\" target=\"_blank\" rel=\"noopener noreferrer\" href=\"https:\/\/www.linkedin.com\/in\/ras-cba2025\/\"><\/a><a class=\"fusion-social-network-icon fusion-tooltip fusion-mail awb-icon-mail\" style=\"color:#ffffff;font-size:16px;width:16px;background-color:#000000;border-color:#000000;border-radius:4px;\" data-placement=\"top\" data-title=\"Correo electr\u00f3nico\" data-toggle=\"tooltip\" title=\"Correo electr\u00f3nico\" aria-label=\"mail\" target=\"_blank\" rel=\"noopener noreferrer\" href=\"mailto:xv&#105;ii&#114;as&#064;&#103;&#109;a&#105;l&#046;&#099;&#111;m\"><\/a><\/div><\/div><\/div><\/div><div class=\"fusion-clearfix\"><\/div><\/div><\/div><div class=\"fusion-layout-column fusion_builder_column fusion-builder-column-1 fusion_builder_column_3_4 3_4 fusion-three-fourth fusion-column-last\" style=\"--awb-bg-size:cover;--awb-margin-top:-20px;width:75%;width:calc(75% - ( ( 4% ) * 0.75 ) );\"><div class=\"fusion-column-wrapper fusion-flex-column-wrapper-legacy\"><div class=\"fusion-text fusion-text-3\"><h1 class=\"title-heading-left\"><strong>XIX Reuni\u00f3n Argentina de Sedimentolog\u00eda<\/strong><br \/>\n<a href=\"https:\/\/ras2025.congresos.unc.edu.ar\/lema\/\"><b>\u00abLa Sedimentolog\u00eda en la Era de la Ciencia de Datos\u00bb<\/b><\/a><\/h1>\n<p>Los recursos tecnol\u00f3gicos disponibles actualmente en Ciencias de la Tierra permiten obtener y almacenar inmensa cantidad de datos. El uso de algoritmos, y m\u00e9todos computacionales automatizados permiten realizar el tratamiento complejo de gran cantidad de informaci\u00f3n de manera veloz, facilitando la identificaci\u00f3n de patrones, para realizar clasificaciones, predicciones y modelos.<\/p>\n<p>La Ciencia de Datos y el Aprendizaje de M\u00e1quinas son m\u00e9todos cada vez m\u00e1s utilizados en Sedimentolog\u00eda y campos afines, sin embargo, en nuestro pa\u00eds se encuentran todav\u00eda subdesarrollados. Por tal motivo, la elecci\u00f3n del tema principal de la XIX RAS tiene como objetivo brindar un espacio para su difusi\u00f3n, conocimiento y discusi\u00f3n sobre las ventajas y limitaciones de su uso.<\/p>\n<p>Esperando iniciar el debate en este tema y con el mismo esp\u00edritu de comunidad y camarader\u00eda de siempre, les invitamos a reencontrarnos en esta nueva edici\u00f3n de la XIX RAS \u2013 Peperina, esta vez en \u00ab<b>La Docta<\/b>\u00bb.<\/p>\n<p>Link:\u00a0<a href=\"https:\/\/ras2025.congresos.unc.edu.ar\/\">https:\/\/ras2025.congresos.unc.edu.ar\/<\/a><\/p>\n<p>Contacto:\u00a0<a href=\"mailto:secretariaras2025@gmail.com\">secretariaras2025@gmail.com<\/a><\/p>\n<\/div><div class=\"fusion-sep-clear\"><\/div><div class=\"fusion-separator fusion-full-width-sep\" style=\"margin-left: auto;margin-right: auto;margin-top:10px;margin-bottom:10px;width:100%;\"><\/div><div class=\"fusion-sep-clear\"><\/div><div class=\"fusion-title title fusion-title-3 sep-underline sep-solid fusion-title-text fusion-title-size-two\"><h2 class=\"fusion-title-heading title-heading-left\" style=\"margin:0;\">Comit\u00e9 Organizador<\/h2><\/div><div class=\"fusion-text fusion-text-4\"><p><span style=\"color: #000000;\"><strong>President<span style=\"color: #000000;\">a:<\/span><\/strong> Cecilia DEL PAPA<\/span><br \/>\n<span style=\"color: #000000;\"><strong>Vicepresidenta:<\/strong> Karina LECOMTE<br \/>\n<\/span><span style=\"color: #000000;\"><strong>Secretaria:<\/strong> Ariadna COPPA VIGLIOCCO<\/span><br \/>\n<span style=\"color: #000000;\"><strong>Tesorera:<\/strong> Verena CAMPODONICO<\/span><\/p>\n<\/div><div class=\"fusion-sep-clear\"><\/div><div class=\"fusion-separator fusion-full-width-sep\" style=\"margin-left: auto;margin-right: auto;margin-top:10px;margin-bottom:10px;width:100%;\"><\/div><div class=\"fusion-sep-clear\"><\/div><div class=\"fusion-title title fusion-title-4 sep-underline sep-solid fusion-title-text fusion-title-size-two\"><h2 class=\"fusion-title-heading title-heading-left\" style=\"margin:0;\">Vocales<\/h2><\/div><div class=\"fusion-text fusion-text-5\"><p><span style=\"color: #000000;\">Jonathan LEDESMA, Mateo MARTINI, Gustavo VERGANI, Julieta N\u00d3BILE, Miguel EZPELETA<\/span><\/p>\n<\/div><div class=\"fusion-sep-clear\"><\/div><div class=\"fusion-separator fusion-full-width-sep\" style=\"margin-left: auto;margin-right: auto;margin-top:10px;margin-bottom:10px;width:100%;\"><\/div><div class=\"fusion-sep-clear\"><\/div><div class=\"fusion-title title fusion-title-5 sep-underline sep-solid fusion-title-text fusion-title-size-two\"><h2 class=\"fusion-title-heading title-heading-left\" style=\"margin:0;\">Gesti\u00f3n de la Comunicaci\u00f3n<\/h2><\/div><div class=\"fusion-text fusion-text-6\"><p><span style=\"color: #000000;\">Luc\u00eda GUERRA, Pablo YACIUK<\/span><\/p>\n<\/div><div class=\"fusion-sep-clear\"><\/div><div class=\"fusion-separator fusion-full-width-sep\" style=\"margin-left: auto;margin-right: auto;margin-top:10px;margin-bottom:10px;width:100%;\"><\/div><div class=\"fusion-sep-clear\"><\/div><div class=\"fusion-title title fusion-title-6 sep-underline sep-solid fusion-title-text fusion-title-size-two\"><h2 class=\"fusion-title-heading title-heading-left\" style=\"margin:0;\">Comit\u00e9 Cient\u00edfico<\/h2><\/div><div class=\"fusion-text fusion-text-7\"><p><strong>Coordinadores<\/strong>: Fernando G\u00d3MEZ y Eduardo PIOVANO<\/p>\n<p>Maisa TUNIK, Instituto de Investigaciones en Paleobiolog\u00eda y Geolog\u00eda (IIPG), CONICET \u2013 UNRN<br \/>\nAndr\u00e9s BILMES, Instituto Patag\u00f3nico de Geolog\u00eda y Paleontolog\u00eda (IPGP), CONICET<br \/>\nDiego KIETZMANN, Instituto de Geociencias B\u00e1sicas, Aplicadas y Ambientales de Buenos Aires (IGEBA), CONICET \u2013 UBA<br \/>\nGabriel GIACOMONE, Pecom Servicios Energia S.A.<br \/>\nNicol\u00e1s FOIX, Instituto Multidisciplinario para la Investigaci\u00f3n y el Desarrollo Productivo y Social de la Cuenca del Golfo San Jorge (IIDEPYS-GSJ), CONICET \u2013 UNSJB<br \/>\nRicardo ASTINI, Centro de Investigaciones en Ciencias de la Tierra, (CICTERRA), CONICET \u2013 UNC<br \/>\nDaniela KR\u00d6HLING, Facultad de Ingenier\u00eda y Ciencias H\u00eddricas, CONICET \u2013 UNL<br \/>\nLuc\u00eda G\u00d3MEZ PERAL, Centro de Investigaciones Geol\u00f3gicas (CIG), CONICET \u2013 UNLP<br \/>\nMar\u00eda Sol RAIGEMBORN, Centro de Investigaciones Geol\u00f3gicas (CIG), CONICET \u2013 UNLP<br \/>\nNoelia CARMONA, Instituto de Investigaci\u00f3n en Paleobiolog\u00eda y Geolog\u00eda (IIPG), CONICET \u2013 UNRN<\/p>\n<\/div><div class=\"fusion-sep-clear\"><\/div><div class=\"fusion-separator fusion-full-width-sep\" style=\"margin-left: auto;margin-right: auto;margin-top:10px;margin-bottom:10px;width:100%;\"><\/div><div class=\"fusion-sep-clear\"><\/div><div class=\"fusion-title title fusion-title-7 sep-underline sep-solid fusion-title-text fusion-title-size-two\"><h2 class=\"fusion-title-heading title-heading-left\" style=\"margin:0;\">Sede<\/h2><\/div><div class=\"fusion-text fusion-text-8\"><p>La sede ser\u00e1 el Centro Cultural de la Universidad Nacional de C\u00f3rdoba (<a href=\"https:\/\/centrocultural.unc.edu.ar\/\">https:\/\/centrocultural.unc.edu.ar<\/a>) y el Paseo C\u00f3rdoba de la Nueva Andaluc\u00eda. El edificio de la sede est\u00e1 ubicado en la \u201cManzana Jesu\u00edtica\u201d, donde se puede apreciar la edificaci\u00f3n de estilo colonial, que adem\u00e1s de formar parte del patrimonio cultural y arquitect\u00f3nico de la ciudad, es considerado Patrimonio Cultural de la Humanidad. Sobre este pasado se erige el moderno Centro Cultural que cuenta con dos salas, un auditorio, espacios para cafeter\u00eda y exposici\u00f3n de p\u00f3sters, as\u00ed como tambi\u00e9n terrazas y jardines para albergar nuestra reuni\u00f3n.<\/p>\n<p><img decoding=\"async\" src=\"https:\/\/www.sedimentologia.org.ar\/spa\/wp-content\/uploads\/2025\/03\/Cultural-Centre-2.jpg\" \/><\/p>\n<p>En las inmediaciones del Centro Cultural existe una variada oferta de\u00a0hoteles, restaurantes, caf\u00e9s, bares, cervecer\u00edas, museos, teatros y centros comerciales.<\/p>\n<\/div><div class=\"fusion-sep-clear\"><\/div><div class=\"fusion-separator fusion-full-width-sep\" style=\"margin-left: auto;margin-right: auto;margin-top:10px;margin-bottom:10px;width:100%;\"><\/div><div class=\"fusion-sep-clear\"><\/div><div class=\"fusion-title title fusion-title-8 sep-underline sep-solid fusion-title-text fusion-title-size-two\"><h2 class=\"fusion-title-heading title-heading-left\" style=\"margin:0;\">Correspondencia<\/h2><\/div><div class=\"fusion-text fusion-text-9\"><p><a href=\"secretariaras2025@gmail.com\">secretariaras2025@gmail.com<\/a><\/p>\n<\/div><div class=\"fusion-sep-clear\"><\/div><div class=\"fusion-separator fusion-full-width-sep\" style=\"margin-left: auto;margin-right: auto;margin-top:10px;margin-bottom:10px;width:100%;\"><\/div><div class=\"fusion-sep-clear\"><\/div><div class=\"fusion-title title fusion-title-9 sep-underline sep-solid fusion-title-text fusion-title-size-two\"><h2 class=\"fusion-title-heading title-heading-left\" style=\"margin:0;\">Seguinos en Redes Sociales<\/h2><\/div><div class=\"fusion-social-links fusion-social-links-2\" style=\"--awb-margin-top:0px;--awb-margin-right:0px;--awb-margin-bottom:0px;--awb-margin-left:0px;--awb-box-border-top:0px;--awb-box-border-right:0px;--awb-box-border-bottom:0px;--awb-box-border-left:0px;--awb-icon-colors-hover:rgba(190,189,189,0.8);--awb-box-colors-hover:rgba(232,232,232,0.8);--awb-box-border-color:var(--awb-color3);--awb-box-border-color-hover:var(--awb-color4);\"><div class=\"fusion-social-networks boxed-icons color-type-brand\"><div class=\"fusion-social-networks-wrapper\"><a class=\"fusion-social-network-icon fusion-tooltip fusion-instagram awb-icon-instagram\" style=\"color:#ffffff;font-size:16px;width:16px;background-color:#c13584;border-color:#c13584;border-radius:4px;\" data-placement=\"top\" data-title=\"Instagram\" data-toggle=\"tooltip\" title=\"Instagram\" aria-label=\"instagram\" target=\"_blank\" rel=\"noopener noreferrer\" href=\"https:\/\/www.instagram.com\/ras2025cordoba\/\"><\/a><a class=\"fusion-social-network-icon fusion-tooltip fusion-twitter awb-icon-twitter\" style=\"color:#ffffff;font-size:16px;width:16px;background-color:#000000;border-color:#000000;border-radius:4px;\" data-placement=\"top\" data-title=\"X\" data-toggle=\"tooltip\" title=\"X\" aria-label=\"twitter\" target=\"_blank\" rel=\"noopener noreferrer\" href=\"https:\/\/x.com\/ras_cba2025\"><\/a><a class=\"fusion-social-network-icon fusion-tooltip fusion-linkedin awb-icon-linkedin\" style=\"color:#ffffff;font-size:16px;width:16px;background-color:#0077b5;border-color:#0077b5;border-radius:4px;\" data-placement=\"top\" data-title=\"LinkedIn\" data-toggle=\"tooltip\" title=\"LinkedIn\" aria-label=\"linkedin\" target=\"_blank\" rel=\"noopener noreferrer\" href=\"https:\/\/www.linkedin.com\/in\/ras-cba2025\/\"><\/a><a class=\"fusion-social-network-icon fusion-tooltip fusion-mail awb-icon-mail\" style=\"color:#ffffff;font-size:16px;width:16px;background-color:#000000;border-color:#000000;border-radius:4px;\" data-placement=\"top\" data-title=\"Correo electr\u00f3nico\" data-toggle=\"tooltip\" title=\"Correo electr\u00f3nico\" aria-label=\"mail\" target=\"_blank\" rel=\"noopener noreferrer\" href=\"mailto:&#115;&#101;&#099;&#114;e&#116;&#097;r&#105;&#097;r&#097;&#115;2&#048;25&#064;&#103;&#109;&#097;&#105;l&#046;&#099;om\"><\/a><\/div><\/div><\/div><div class=\"fusion-clearfix\"><\/div><\/div><\/div><\/div><\/div>\n","protected":false},"excerpt":{"rendered":"","protected":false},"author":3,"featured_media":0,"parent":0,"menu_order":0,"comment_status":"closed","ping_status":"closed","template":"","meta":{"footnotes":""},"class_list":["post-3051","page","type-page","status-publish","hentry"],"_links":{"self":[{"href":"https:\/\/www.sedimentologia.org.ar\/spa\/wp-json\/wp\/v2\/pages\/3051","targetHints":{"allow":["GET"]}}],"collection":[{"href":"https:\/\/www.sedimentologia.org.ar\/spa\/wp-json\/wp\/v2\/pages"}],"about":[{"href":"https:\/\/www.sedimentologia.org.ar\/spa\/wp-json\/wp\/v2\/types\/page"}],"author":[{"embeddable":true,"href":"https:\/\/www.sedimentologia.org.ar\/spa\/wp-json\/wp\/v2\/users\/3"}],"replies":[{"embeddable":true,"href":"https:\/\/www.sedimentologia.org.ar\/spa\/wp-json\/wp\/v2\/comments?post=3051"}],"version-history":[{"count":25,"href":"https:\/\/www.sedimentologia.org.ar\/spa\/wp-json\/wp\/v2\/pages\/3051\/revisions"}],"predecessor-version":[{"id":3120,"href":"https:\/\/www.sedimentologia.org.ar\/spa\/wp-json\/wp\/v2\/pages\/3051\/revisions\/3120"}],"wp:attachment":[{"href":"https:\/\/www.sedimentologia.org.ar\/spa\/wp-json\/wp\/v2\/media?parent=3051"}],"curies":[{"name":"wp","href":"https:\/\/api.w.org\/{rel}","templated":true}]}}