{"id":2840,"date":"2022-08-03T12:58:47","date_gmt":"2022-08-03T12:58:47","guid":{"rendered":"https:\/\/www.sedimentologia.org.ar\/spa\/?page_id=2840"},"modified":"2022-08-21T11:56:54","modified_gmt":"2022-08-21T11:56:54","slug":"asociaciones-de-especies","status":"publish","type":"page","link":"https:\/\/www.sedimentologia.org.ar\/spa\/atlas-minerales\/asociaciones-de-especies\/","title":{"rendered":"Asociaciones de especies"},"content":{"rendered":"<div class=\"fusion-fullwidth fullwidth-box fusion-builder-row-1 fusion-flex-container has-pattern-background has-mask-background nonhundred-percent-fullwidth non-hundred-percent-height-scrolling\" style=\"--awb-border-radius-top-left:0px;--awb-border-radius-top-right:0px;--awb-border-radius-bottom-right:0px;--awb-border-radius-bottom-left:0px;--awb-flex-wrap:wrap;\" ><div class=\"fusion-builder-row fusion-row fusion-flex-align-items-flex-start fusion-flex-content-wrap\" style=\"max-width:1144px;margin-left: calc(-4% \/ 2 );margin-right: calc(-4% \/ 2 );\"><div class=\"fusion-layout-column fusion_builder_column fusion-builder-column-0 fusion_builder_column_1_4 1_4 fusion-flex-column\" style=\"--awb-bg-size:cover;--awb-width-large:25%;--awb-margin-top-large:0px;--awb-spacing-right-large:7.68%;--awb-margin-bottom-large:20px;--awb-spacing-left-large:7.68%;--awb-width-medium:100%;--awb-order-medium:0;--awb-spacing-right-medium:1.92%;--awb-spacing-left-medium:1.92%;--awb-width-small:100%;--awb-order-small:0;--awb-spacing-right-small:1.92%;--awb-spacing-left-small:1.92%;\"><div class=\"fusion-column-wrapper fusion-column-has-shadow fusion-flex-justify-content-flex-start fusion-content-layout-column\"><div class=\"fusion-widget fusion-widget-element fusion-widget-area fusion-content-widget-area wpWidget-1 fusion-widget-align-left fusion_widget_vertical_menu\" style=\"--awb-margin-top:0px;--awb-margin-right:0px;--awb-margin-bottom:0px;--awb-margin-left:0px;--awb-fusion-padding-color:0px;--awb-fusion-border-size:1px;--awb-fusion-border-color:#ffffff;--awb-fusion-border-style:solid;--awb-fusion-divider-color:#e0e0e0;\"><div class=\"widget avada_vertical_menu\"><style>#fusion-vertical-menu-widget-avada-vertical-menu-widget-1-nav ul.menu li a {font-size:14px;}<\/style><nav id=\"fusion-vertical-menu-widget-avada-vertical-menu-widget-1-nav\" class=\"fusion-vertical-menu-widget fusion-menu hover left no-border\" aria-label=\"Secondary Navigation: \"><ul id=\"menu-minerales\" class=\"menu\"><li id=\"menu-item-2527\" class=\"menu-item menu-item-type-post_type menu-item-object-page menu-item-2527\"><a href=\"https:\/\/www.sedimentologia.org.ar\/spa\/atlas-minerales\/\"><span class=\"link-text\"> Presentaci\u00f3n<\/span><span class=\"arrow\"><\/span><\/a><\/li><li id=\"menu-item-2547\" class=\"menu-item menu-item-type-post_type menu-item-object-page menu-item-2547\"><a href=\"https:\/\/www.sedimentologia.org.ar\/spa\/atlas-minerales\/introduccion\/\"><span class=\"link-text\"> Introducci\u00f3n<\/span><span class=\"arrow\"><\/span><\/a><\/li><li id=\"menu-item-2936\" class=\"menu-item menu-item-type-post_type menu-item-object-page menu-item-2936\"><a href=\"https:\/\/www.sedimentologia.org.ar\/spa\/atlas-minerales\/tecnicas\/\"><span class=\"link-text\"> T\u00e9cnicas<\/span><span class=\"arrow\"><\/span><\/a><\/li><li id=\"menu-item-2818\" class=\"menu-item menu-item-type-post_type menu-item-object-page menu-item-2818\"><a href=\"https:\/\/www.sedimentologia.org.ar\/spa\/atlas-minerales\/analisis\/\"><span class=\"link-text\"> An\u00e1lisis, observaci\u00f3n y uso<\/span><span class=\"arrow\"><\/span><\/a><\/li><li id=\"menu-item-2976\" class=\"menu-item menu-item-type-post_type menu-item-object-page menu-item-2976\"><a href=\"https:\/\/www.sedimentologia.org.ar\/spa\/atlas-minerales\/tabla-dinamica\/\"><span class=\"link-text\"> Tabla din\u00e1mica<\/span><span class=\"arrow\"><\/span><\/a><\/li><li id=\"menu-item-2623\" class=\"menu-item menu-item-type-post_type menu-item-object-page menu-item-2623\"><a href=\"https:\/\/www.sedimentologia.org.ar\/spa\/atlas-minerales\/atlas\/\"><span class=\"link-text\"><span class=\"fa-bookmark fas\"><\/span> MINERALES A a Z<\/span><span class=\"arrow\"><\/span><\/a><\/li><li id=\"menu-item-2844\" class=\"menu-item menu-item-type-post_type menu-item-object-page menu-item-2844\"><a href=\"https:\/\/www.sedimentologia.org.ar\/spa\/atlas-minerales\/asociaciones-de-especies\/\"><span class=\"link-text\"> Asociaciones de especies<\/span><span class=\"arrow\"><\/span><\/a><\/li><li id=\"menu-item-2822\" class=\"menu-item menu-item-type-post_type menu-item-object-page menu-item-2822\"><a href=\"https:\/\/www.sedimentologia.org.ar\/spa\/atlas-minerales\/bibliografia\/\"><span class=\"link-text\"> Agradecimientos y Bibliograf\u00eda<\/span><span class=\"arrow\"><\/span><\/a><\/li><li id=\"menu-item-2946\" class=\"menu-item menu-item-type-post_type menu-item-object-page menu-item-2946\"><a href=\"https:\/\/www.sedimentologia.org.ar\/spa\/atlas-minerales\/autora\/\"><span class=\"link-text\"> Sobre la autora<\/span><span class=\"arrow\"><\/span><\/a><\/li><\/ul><\/nav><\/div><\/div><div class=\"fusion-separator fusion-full-width-sep\" style=\"align-self: center;margin-left: auto;margin-right: auto;margin-top:20px;margin-bottom:20px;width:100%;\"><\/div><\/div><\/div><div class=\"fusion-layout-column fusion_builder_column fusion-builder-column-1 fusion_builder_column_3_4 3_4 fusion-flex-column\" style=\"--awb-bg-size:cover;--awb-width-large:75%;--awb-margin-top-large:-20px;--awb-spacing-right-large:2.56%;--awb-margin-bottom-large:20px;--awb-spacing-left-large:2.56%;--awb-width-medium:100%;--awb-order-medium:0;--awb-spacing-right-medium:1.92%;--awb-spacing-left-medium:1.92%;--awb-width-small:100%;--awb-order-small:0;--awb-spacing-right-small:1.92%;--awb-spacing-left-small:1.92%;\"><div class=\"fusion-column-wrapper fusion-column-has-shadow fusion-flex-justify-content-flex-start fusion-content-layout-column\"><div class=\"fusion-text fusion-text-1\"><h1>Algunas asociaciones de especies pesados<\/h1>\n<p><strong>Referencias &#8211; <\/strong><strong>Anf:<\/strong> anf\u00edbol <strong>Alt:<\/strong> alterita <strong>Ap:<\/strong> apatita<strong> Bt:<\/strong> biotita <strong>Ep:<\/strong> epidoto <strong>Grt:<\/strong> granate <strong>Ky:<\/strong> cianita <strong>Opq:<\/strong> opaco <strong>Px:<\/strong> piroxeno <strong>Rt:<\/strong> rutilo <strong>St:<\/strong> estaurolita <strong>Tur:<\/strong> turmalina <strong>Zrn:<\/strong> zirc\u00f3n<\/p>\n<\/div><div class=\"fusion-image-element awb-imageframe-style awb-imageframe-style-below awb-imageframe-style-1\" style=\"text-align:center;--awb-margin-top:20px;--awb-margin-bottom:10px;--awb-max-width:600px;--awb-caption-title-font-family:var(--h3_typography-font-family);--awb-caption-title-font-weight:var(--h3_typography-font-weight);--awb-caption-title-font-style:var(--h3_typography-font-style);--awb-caption-title-size:var(--h3_typography-font-size);--awb-caption-title-transform:var(--h3_typography-text-transform);--awb-caption-title-line-height:var(--h3_typography-line-height);--awb-caption-title-letter-spacing:var(--h3_typography-letter-spacing);\"><span class=\" fusion-imageframe imageframe-none imageframe-1 hover-type-none\"><img decoding=\"async\" width=\"814\" height=\"622\" src=\"https:\/\/www.sedimentologia.org.ar\/spa\/wp-content\/uploads\/2022\/08\/aep37.jpg\" alt class=\"img-responsive wp-image-2883\"\/><\/span><div class=\"awb-imageframe-caption-container\"><div class=\"awb-imageframe-caption\"><p class=\"awb-imageframe-caption-text\">Concentraci\u00f3n de anf\u00edboles y piroxenos, con turmalina y zirc\u00f3n. (Acu\u00edfero Guaran\u00ed)<\/p><\/div><\/div><\/div><div class=\"fusion-separator fusion-full-width-sep\" style=\"align-self: center;margin-left: auto;margin-right: auto;margin-top:15px;margin-bottom:15px;width:100%;\"><\/div><div class=\"fusion-image-element awb-imageframe-style awb-imageframe-style-below awb-imageframe-style-2\" style=\"text-align:center;--awb-margin-top:20px;--awb-margin-bottom:10px;--awb-max-width:600px;--awb-caption-title-font-family:var(--h2_typography-font-family);--awb-caption-title-font-weight:var(--h2_typography-font-weight);--awb-caption-title-font-style:var(--h2_typography-font-style);--awb-caption-title-size:var(--h2_typography-font-size);--awb-caption-title-transform:var(--h2_typography-text-transform);--awb-caption-title-line-height:var(--h2_typography-line-height);--awb-caption-title-letter-spacing:var(--h2_typography-letter-spacing);\"><span class=\" fusion-imageframe imageframe-none imageframe-2 hover-type-none\"><img decoding=\"async\" width=\"814\" height=\"563\" src=\"https:\/\/www.sedimentologia.org.ar\/spa\/wp-content\/uploads\/2022\/08\/aep38.jpg\" alt class=\"img-responsive wp-image-2846\"\/><\/span><div class=\"awb-imageframe-caption-container\"><div class=\"awb-imageframe-caption\"><p class=\"awb-imageframe-caption-text\">Concentraci\u00f3n de apatita, acompa\u00f1ados por opacos, turmalina, rutilo, zircones, epidoto, algunas especies con buen grado de redondeamiento. (Acu\u00edfero Guaran\u00ed)<\/p><\/div><\/div><\/div><div class=\"fusion-separator fusion-full-width-sep\" style=\"align-self: center;margin-left: auto;margin-right: auto;margin-top:15px;margin-bottom:15px;width:100%;\"><\/div><div class=\"fusion-image-element awb-imageframe-style awb-imageframe-style-below awb-imageframe-style-3\" style=\"text-align:center;--awb-margin-top:20px;--awb-margin-bottom:10px;--awb-max-width:600px;--awb-caption-title-font-family:var(--h2_typography-font-family);--awb-caption-title-font-weight:var(--h2_typography-font-weight);--awb-caption-title-font-style:var(--h2_typography-font-style);--awb-caption-title-size:var(--h2_typography-font-size);--awb-caption-title-transform:var(--h2_typography-text-transform);--awb-caption-title-line-height:var(--h2_typography-line-height);--awb-caption-title-letter-spacing:var(--h2_typography-letter-spacing);\"><span class=\" fusion-imageframe imageframe-none imageframe-3 hover-type-none\"><img decoding=\"async\" width=\"814\" height=\"641\" src=\"https:\/\/www.sedimentologia.org.ar\/spa\/wp-content\/uploads\/2022\/08\/aep39.jpg\" alt class=\"img-responsive wp-image-2847\"\/><\/span><div class=\"awb-imageframe-caption-container\"><div class=\"awb-imageframe-caption\"><p class=\"awb-imageframe-caption-text\">Concentraci\u00f3n de opacos redondeados, granates, acompa\u00f1ados de rutilo y turmalina. Algunos opacos son rutilos. (Acu\u00edfero Guaran\u00ed)<\/p><\/div><\/div><\/div><div class=\"fusion-separator fusion-full-width-sep\" style=\"align-self: center;margin-left: auto;margin-right: auto;margin-top:15px;margin-bottom:15px;width:100%;\"><\/div><div class=\"fusion-image-element awb-imageframe-style awb-imageframe-style-below awb-imageframe-style-4\" style=\"text-align:center;--awb-margin-top:20px;--awb-margin-bottom:10px;--awb-max-width:600px;--awb-caption-title-font-family:var(--h2_typography-font-family);--awb-caption-title-font-weight:var(--h2_typography-font-weight);--awb-caption-title-font-style:var(--h2_typography-font-style);--awb-caption-title-size:var(--h2_typography-font-size);--awb-caption-title-transform:var(--h2_typography-text-transform);--awb-caption-title-line-height:var(--h2_typography-line-height);--awb-caption-title-letter-spacing:var(--h2_typography-letter-spacing);\"><span class=\" fusion-imageframe imageframe-none imageframe-4 hover-type-none\"><img decoding=\"async\" width=\"814\" height=\"671\" src=\"https:\/\/www.sedimentologia.org.ar\/spa\/wp-content\/uploads\/2022\/08\/aep40.jpg\" alt class=\"img-responsive wp-image-2848\"\/><\/span><div class=\"awb-imageframe-caption-container\"><div class=\"awb-imageframe-caption\"><p class=\"awb-imageframe-caption-text\">Concentraci\u00f3n de zircones redondeados, acompa\u00f1ados de opacos, rutilo, turmalina y escasa estaurolita. Algunos opacos son rutilos. (Acu\u00edfero Guaran\u00ed)<\/p><\/div><\/div><\/div><div class=\"fusion-separator fusion-full-width-sep\" style=\"align-self: center;margin-left: auto;margin-right: auto;margin-top:15px;margin-bottom:15px;width:100%;\"><\/div><div class=\"fusion-image-element awb-imageframe-style awb-imageframe-style-below awb-imageframe-style-5\" style=\"text-align:center;--awb-margin-top:20px;--awb-margin-bottom:10px;--awb-max-width:600px;--awb-caption-title-font-family:var(--h2_typography-font-family);--awb-caption-title-font-weight:var(--h2_typography-font-weight);--awb-caption-title-font-style:var(--h2_typography-font-style);--awb-caption-title-size:var(--h2_typography-font-size);--awb-caption-title-transform:var(--h2_typography-text-transform);--awb-caption-title-line-height:var(--h2_typography-line-height);--awb-caption-title-letter-spacing:var(--h2_typography-letter-spacing);\"><span class=\" fusion-imageframe imageframe-none imageframe-5 hover-type-none\"><img decoding=\"async\" width=\"814\" height=\"590\" src=\"https:\/\/www.sedimentologia.org.ar\/spa\/wp-content\/uploads\/2022\/08\/aep41.jpg\" alt class=\"img-responsive wp-image-2849\"\/><\/span><div class=\"awb-imageframe-caption-container\"><div class=\"awb-imageframe-caption\"><p class=\"awb-imageframe-caption-text\">Concentraci\u00f3n de piroxenos redondeados, acompa\u00f1ados de granate y zirc\u00f3n. (Acu\u00edfero Guaran\u00ed)<\/p><\/div><\/div><\/div><div class=\"fusion-separator fusion-full-width-sep\" style=\"align-self: center;margin-left: auto;margin-right: auto;margin-top:15px;margin-bottom:15px;width:100%;\"><\/div><div class=\"fusion-image-element awb-imageframe-style awb-imageframe-style-below awb-imageframe-style-6\" style=\"text-align:center;--awb-margin-top:20px;--awb-margin-bottom:10px;--awb-max-width:600px;--awb-caption-title-font-family:var(--h2_typography-font-family);--awb-caption-title-font-weight:var(--h2_typography-font-weight);--awb-caption-title-font-style:var(--h2_typography-font-style);--awb-caption-title-size:var(--h2_typography-font-size);--awb-caption-title-transform:var(--h2_typography-text-transform);--awb-caption-title-line-height:var(--h2_typography-line-height);--awb-caption-title-letter-spacing:var(--h2_typography-letter-spacing);\"><span class=\" fusion-imageframe imageframe-none imageframe-6 hover-type-none\"><img decoding=\"async\" width=\"814\" height=\"617\" src=\"https:\/\/www.sedimentologia.org.ar\/spa\/wp-content\/uploads\/2022\/08\/aep42.jpg\" alt class=\"img-responsive wp-image-2850\"\/><\/span><div class=\"awb-imageframe-caption-container\"><div class=\"awb-imageframe-caption\"><p class=\"awb-imageframe-caption-text\">Concentraci\u00f3n de granates, acompa\u00f1ados de zirc\u00f3n y opacos. (Acu\u00edfero Guaran\u00ed)<\/p><\/div><\/div><\/div><div class=\"fusion-separator fusion-full-width-sep\" style=\"align-self: center;margin-left: auto;margin-right: auto;margin-top:15px;margin-bottom:15px;width:100%;\"><\/div><div class=\"fusion-image-element awb-imageframe-style awb-imageframe-style-below awb-imageframe-style-7\" style=\"text-align:center;--awb-margin-top:20px;--awb-margin-bottom:10px;--awb-max-width:600px;--awb-caption-title-font-family:var(--h2_typography-font-family);--awb-caption-title-font-weight:var(--h2_typography-font-weight);--awb-caption-title-font-style:var(--h2_typography-font-style);--awb-caption-title-size:var(--h2_typography-font-size);--awb-caption-title-transform:var(--h2_typography-text-transform);--awb-caption-title-line-height:var(--h2_typography-line-height);--awb-caption-title-letter-spacing:var(--h2_typography-letter-spacing);\"><span class=\" fusion-imageframe imageframe-none imageframe-7 hover-type-none\"><img decoding=\"async\" width=\"814\" height=\"650\" src=\"https:\/\/www.sedimentologia.org.ar\/spa\/wp-content\/uploads\/2022\/08\/aep43.jpg\" alt class=\"img-responsive wp-image-2851\"\/><\/span><div class=\"awb-imageframe-caption-container\"><div class=\"awb-imageframe-caption\"><p class=\"awb-imageframe-caption-text\">Concentraci\u00f3n opacos, piroxenos, anf\u00edboles con estaurolita, cianita, acompa\u00f1ados de zirc\u00f3n, rutilo, granate. (Acu\u00edfero Puelche)<\/p><\/div><\/div><\/div><div class=\"fusion-separator fusion-full-width-sep\" style=\"align-self: center;margin-left: auto;margin-right: auto;margin-top:15px;margin-bottom:15px;width:100%;\"><\/div><div class=\"fusion-image-element awb-imageframe-style awb-imageframe-style-below awb-imageframe-style-8\" style=\"text-align:center;--awb-margin-top:20px;--awb-margin-bottom:10px;--awb-max-width:600px;--awb-caption-title-font-family:var(--h2_typography-font-family);--awb-caption-title-font-weight:var(--h2_typography-font-weight);--awb-caption-title-font-style:var(--h2_typography-font-style);--awb-caption-title-size:var(--h2_typography-font-size);--awb-caption-title-transform:var(--h2_typography-text-transform);--awb-caption-title-line-height:var(--h2_typography-line-height);--awb-caption-title-letter-spacing:var(--h2_typography-letter-spacing);\"><span class=\" fusion-imageframe imageframe-none imageframe-8 hover-type-none\"><img decoding=\"async\" width=\"814\" height=\"646\" src=\"https:\/\/www.sedimentologia.org.ar\/spa\/wp-content\/uploads\/2022\/08\/aep44.jpg\" alt class=\"img-responsive wp-image-2852\"\/><\/span><div class=\"awb-imageframe-caption-container\"><div class=\"awb-imageframe-caption\"><p class=\"awb-imageframe-caption-text\">Concentraci\u00f3n de biotitas.<\/p><\/div><\/div><\/div><div class=\"fusion-separator fusion-full-width-sep\" style=\"align-self: center;margin-left: auto;margin-right: auto;margin-top:15px;margin-bottom:15px;width:100%;\"><\/div><div class=\"fusion-image-element awb-imageframe-style awb-imageframe-style-below awb-imageframe-style-9\" style=\"text-align:center;--awb-margin-top:20px;--awb-margin-bottom:10px;--awb-max-width:600px;--awb-caption-title-font-family:var(--h2_typography-font-family);--awb-caption-title-font-weight:var(--h2_typography-font-weight);--awb-caption-title-font-style:var(--h2_typography-font-style);--awb-caption-title-size:var(--h2_typography-font-size);--awb-caption-title-transform:var(--h2_typography-text-transform);--awb-caption-title-line-height:var(--h2_typography-line-height);--awb-caption-title-letter-spacing:var(--h2_typography-letter-spacing);\"><span class=\" fusion-imageframe imageframe-none imageframe-9 hover-type-none\"><img decoding=\"async\" width=\"814\" height=\"543\" src=\"https:\/\/www.sedimentologia.org.ar\/spa\/wp-content\/uploads\/2022\/08\/aep45.jpg\" alt class=\"img-responsive wp-image-2853\"\/><\/span><div class=\"awb-imageframe-caption-container\"><div class=\"awb-imageframe-caption\"><p class=\"awb-imageframe-caption-text\">Asociaci\u00f3n de anf\u00edboles y piroxenos, acompa\u00f1ados de epidoto y alteritas. (Fm. Cerro Azul- PBA)<\/p><\/div><\/div><\/div><div class=\"fusion-separator fusion-full-width-sep\" style=\"align-self: center;margin-left: auto;margin-right: auto;margin-top:15px;margin-bottom:15px;width:100%;\"><\/div><div class=\"fusion-image-element awb-imageframe-style awb-imageframe-style-below awb-imageframe-style-10\" style=\"text-align:center;--awb-margin-top:20px;--awb-margin-bottom:10px;--awb-max-width:600px;--awb-caption-title-font-family:var(--h2_typography-font-family);--awb-caption-title-font-weight:var(--h2_typography-font-weight);--awb-caption-title-font-style:var(--h2_typography-font-style);--awb-caption-title-size:var(--h2_typography-font-size);--awb-caption-title-transform:var(--h2_typography-text-transform);--awb-caption-title-line-height:var(--h2_typography-line-height);--awb-caption-title-letter-spacing:var(--h2_typography-letter-spacing);\"><span class=\" fusion-imageframe imageframe-none imageframe-10 hover-type-none\"><img decoding=\"async\" width=\"814\" height=\"682\" src=\"https:\/\/www.sedimentologia.org.ar\/spa\/wp-content\/uploads\/2022\/08\/aep46.jpg\" alt class=\"img-responsive wp-image-2854\"\/><\/span><div class=\"awb-imageframe-caption-container\"><div class=\"awb-imageframe-caption\"><p class=\"awb-imageframe-caption-text\">Asociaci\u00f3n de anf\u00edboles y piroxenos, acompa\u00f1ados epidoto y opacos. (Loess Holoceno - Pampa Interserrana)<\/p><\/div><\/div><\/div><div class=\"fusion-separator fusion-full-width-sep\" style=\"align-self: center;margin-left: auto;margin-right: auto;margin-top:15px;margin-bottom:15px;width:100%;\"><\/div><div class=\"fusion-image-element awb-imageframe-style awb-imageframe-style-below awb-imageframe-style-11\" style=\"text-align:center;--awb-margin-top:20px;--awb-margin-bottom:10px;--awb-max-width:600px;--awb-caption-title-font-family:var(--h2_typography-font-family);--awb-caption-title-font-weight:var(--h2_typography-font-weight);--awb-caption-title-font-style:var(--h2_typography-font-style);--awb-caption-title-size:var(--h2_typography-font-size);--awb-caption-title-transform:var(--h2_typography-text-transform);--awb-caption-title-line-height:var(--h2_typography-line-height);--awb-caption-title-letter-spacing:var(--h2_typography-letter-spacing);\"><span class=\" fusion-imageframe imageframe-none imageframe-11 hover-type-none\"><img decoding=\"async\" width=\"814\" height=\"679\" src=\"https:\/\/www.sedimentologia.org.ar\/spa\/wp-content\/uploads\/2022\/08\/aep47.jpg\" alt class=\"img-responsive wp-image-2855\"\/><\/span><div class=\"awb-imageframe-caption-container\"><div class=\"awb-imageframe-caption\"><p class=\"awb-imageframe-caption-text\">Asociaci\u00f3n de anf\u00edboles y piroxenos, acompa\u00f1ados epidoto, apatita y opacos. (Dep\u00f3sito Loessoides Barranca de Los Lobos-M8)<\/p><\/div><\/div><\/div><div class=\"fusion-separator fusion-full-width-sep\" style=\"align-self: center;margin-left: auto;margin-right: auto;margin-top:15px;margin-bottom:15px;width:100%;\"><\/div><div class=\"fusion-image-element awb-imageframe-style awb-imageframe-style-below awb-imageframe-style-12\" style=\"text-align:center;--awb-margin-top:20px;--awb-margin-bottom:10px;--awb-max-width:600px;--awb-caption-title-font-family:var(--h2_typography-font-family);--awb-caption-title-font-weight:var(--h2_typography-font-weight);--awb-caption-title-font-style:var(--h2_typography-font-style);--awb-caption-title-size:var(--h2_typography-font-size);--awb-caption-title-transform:var(--h2_typography-text-transform);--awb-caption-title-line-height:var(--h2_typography-line-height);--awb-caption-title-letter-spacing:var(--h2_typography-letter-spacing);\"><span class=\" fusion-imageframe imageframe-none imageframe-12 hover-type-none\"><img decoding=\"async\" width=\"814\" height=\"625\" src=\"https:\/\/www.sedimentologia.org.ar\/spa\/wp-content\/uploads\/2022\/08\/aep48.jpg\" alt class=\"img-responsive wp-image-2856\"\/><\/span><div class=\"awb-imageframe-caption-container\"><div class=\"awb-imageframe-caption\"><p class=\"awb-imageframe-caption-text\">Asociaci\u00f3n de anf\u00edboles y piroxenos, acompa\u00f1ados epidoto y opacos. (Loess Holoceno - Pampa Interserrana)<\/p><\/div><\/div><\/div><\/div><\/div><\/div><\/div>\n","protected":false},"excerpt":{"rendered":"","protected":false},"author":2,"featured_media":0,"parent":2518,"menu_order":0,"comment_status":"closed","ping_status":"closed","template":"","meta":{"footnotes":""},"class_list":["post-2840","page","type-page","status-publish","hentry"],"_links":{"self":[{"href":"https:\/\/www.sedimentologia.org.ar\/spa\/wp-json\/wp\/v2\/pages\/2840","targetHints":{"allow":["GET"]}}],"collection":[{"href":"https:\/\/www.sedimentologia.org.ar\/spa\/wp-json\/wp\/v2\/pages"}],"about":[{"href":"https:\/\/www.sedimentologia.org.ar\/spa\/wp-json\/wp\/v2\/types\/page"}],"author":[{"embeddable":true,"href":"https:\/\/www.sedimentologia.org.ar\/spa\/wp-json\/wp\/v2\/users\/2"}],"replies":[{"embeddable":true,"href":"https:\/\/www.sedimentologia.org.ar\/spa\/wp-json\/wp\/v2\/comments?post=2840"}],"version-history":[{"count":18,"href":"https:\/\/www.sedimentologia.org.ar\/spa\/wp-json\/wp\/v2\/pages\/2840\/revisions"}],"predecessor-version":[{"id":2954,"href":"https:\/\/www.sedimentologia.org.ar\/spa\/wp-json\/wp\/v2\/pages\/2840\/revisions\/2954"}],"up":[{"embeddable":true,"href":"https:\/\/www.sedimentologia.org.ar\/spa\/wp-json\/wp\/v2\/pages\/2518"}],"wp:attachment":[{"href":"https:\/\/www.sedimentologia.org.ar\/spa\/wp-json\/wp\/v2\/media?parent=2840"}],"curies":[{"name":"wp","href":"https:\/\/api.w.org\/{rel}","templated":true}]}}