{"id":2825,"date":"2022-08-02T18:54:03","date_gmt":"2022-08-02T18:54:03","guid":{"rendered":"https:\/\/www.sedimentologia.org.ar\/spa\/?page_id=2825"},"modified":"2022-08-26T11:45:07","modified_gmt":"2022-08-26T11:45:07","slug":"tabla-dinamica","status":"publish","type":"page","link":"https:\/\/www.sedimentologia.org.ar\/spa\/atlas-minerales\/tabla-dinamica\/","title":{"rendered":"Tabla din\u00e1mica"},"content":{"rendered":"<div class=\"fusion-fullwidth fullwidth-box fusion-builder-row-1 fusion-flex-container has-pattern-background has-mask-background nonhundred-percent-fullwidth non-hundred-percent-height-scrolling\" style=\"--awb-border-radius-top-left:0px;--awb-border-radius-top-right:0px;--awb-border-radius-bottom-right:0px;--awb-border-radius-bottom-left:0px;--awb-flex-wrap:wrap;\" ><div class=\"fusion-builder-row fusion-row fusion-flex-align-items-flex-start fusion-flex-content-wrap\" style=\"max-width:1144px;margin-left: calc(-4% \/ 2 );margin-right: calc(-4% \/ 2 );\"><div class=\"fusion-layout-column fusion_builder_column fusion-builder-column-0 fusion_builder_column_1_4 1_4 fusion-flex-column\" style=\"--awb-bg-size:cover;--awb-width-large:25%;--awb-margin-top-large:0px;--awb-spacing-right-large:7.68%;--awb-margin-bottom-large:20px;--awb-spacing-left-large:7.68%;--awb-width-medium:100%;--awb-order-medium:0;--awb-spacing-right-medium:1.92%;--awb-spacing-left-medium:1.92%;--awb-width-small:100%;--awb-order-small:0;--awb-spacing-right-small:1.92%;--awb-spacing-left-small:1.92%;\"><div class=\"fusion-column-wrapper fusion-column-has-shadow fusion-flex-justify-content-flex-start fusion-content-layout-column\"><div class=\"fusion-widget fusion-widget-element fusion-widget-area fusion-content-widget-area wpWidget-1 fusion-widget-align-left fusion_widget_vertical_menu\" style=\"--awb-margin-top:0px;--awb-margin-right:0px;--awb-margin-bottom:0px;--awb-margin-left:0px;--awb-fusion-padding-color:0px;--awb-fusion-border-size:1px;--awb-fusion-border-color:#ffffff;--awb-fusion-border-style:solid;--awb-fusion-divider-color:#e0e0e0;\"><div class=\"widget avada_vertical_menu\"><style>#fusion-vertical-menu-widget-avada-vertical-menu-widget-1-nav ul.menu li a {font-size:14px;}<\/style><nav id=\"fusion-vertical-menu-widget-avada-vertical-menu-widget-1-nav\" class=\"fusion-vertical-menu-widget fusion-menu hover left no-border\" aria-label=\"Secondary Navigation: \"><ul id=\"menu-minerales\" class=\"menu\"><li id=\"menu-item-2527\" class=\"menu-item menu-item-type-post_type menu-item-object-page menu-item-2527\"><a href=\"https:\/\/www.sedimentologia.org.ar\/spa\/atlas-minerales\/\"><span class=\"link-text\"> Presentaci\u00f3n<\/span><span class=\"arrow\"><\/span><\/a><\/li><li id=\"menu-item-2547\" class=\"menu-item menu-item-type-post_type menu-item-object-page menu-item-2547\"><a href=\"https:\/\/www.sedimentologia.org.ar\/spa\/atlas-minerales\/introduccion\/\"><span class=\"link-text\"> Introducci\u00f3n<\/span><span class=\"arrow\"><\/span><\/a><\/li><li id=\"menu-item-2936\" class=\"menu-item menu-item-type-post_type menu-item-object-page menu-item-2936\"><a href=\"https:\/\/www.sedimentologia.org.ar\/spa\/atlas-minerales\/tecnicas\/\"><span class=\"link-text\"> T\u00e9cnicas<\/span><span class=\"arrow\"><\/span><\/a><\/li><li id=\"menu-item-2818\" class=\"menu-item menu-item-type-post_type menu-item-object-page menu-item-2818\"><a href=\"https:\/\/www.sedimentologia.org.ar\/spa\/atlas-minerales\/analisis\/\"><span class=\"link-text\"> An\u00e1lisis, observaci\u00f3n y uso<\/span><span class=\"arrow\"><\/span><\/a><\/li><li id=\"menu-item-2976\" class=\"menu-item menu-item-type-post_type menu-item-object-page menu-item-2976\"><a href=\"https:\/\/www.sedimentologia.org.ar\/spa\/atlas-minerales\/tabla-dinamica\/\"><span class=\"link-text\"> Tabla din\u00e1mica<\/span><span class=\"arrow\"><\/span><\/a><\/li><li id=\"menu-item-2623\" class=\"menu-item menu-item-type-post_type menu-item-object-page menu-item-2623\"><a href=\"https:\/\/www.sedimentologia.org.ar\/spa\/atlas-minerales\/atlas\/\"><span class=\"link-text\"><span class=\"fa-bookmark fas\"><\/span> MINERALES A a Z<\/span><span class=\"arrow\"><\/span><\/a><\/li><li id=\"menu-item-2844\" class=\"menu-item menu-item-type-post_type menu-item-object-page menu-item-2844\"><a href=\"https:\/\/www.sedimentologia.org.ar\/spa\/atlas-minerales\/asociaciones-de-especies\/\"><span class=\"link-text\"> Asociaciones de especies<\/span><span class=\"arrow\"><\/span><\/a><\/li><li id=\"menu-item-2822\" class=\"menu-item menu-item-type-post_type menu-item-object-page menu-item-2822\"><a href=\"https:\/\/www.sedimentologia.org.ar\/spa\/atlas-minerales\/bibliografia\/\"><span class=\"link-text\"> Agradecimientos y Bibliograf\u00eda<\/span><span class=\"arrow\"><\/span><\/a><\/li><li id=\"menu-item-2946\" class=\"menu-item menu-item-type-post_type menu-item-object-page menu-item-2946\"><a href=\"https:\/\/www.sedimentologia.org.ar\/spa\/atlas-minerales\/autora\/\"><span class=\"link-text\"> Sobre la autora<\/span><span class=\"arrow\"><\/span><\/a><\/li><\/ul><\/nav><\/div><\/div><div class=\"fusion-separator fusion-full-width-sep\" style=\"align-self: center;margin-left: auto;margin-right: auto;margin-top:20px;margin-bottom:20px;width:100%;\"><\/div><\/div><\/div><div class=\"fusion-layout-column fusion_builder_column fusion-builder-column-1 fusion_builder_column_3_4 3_4 fusion-flex-column\" style=\"--awb-bg-size:cover;--awb-width-large:75%;--awb-margin-top-large:-20px;--awb-spacing-right-large:2.56%;--awb-margin-bottom-large:20px;--awb-spacing-left-large:2.56%;--awb-width-medium:100%;--awb-order-medium:0;--awb-spacing-right-medium:1.92%;--awb-spacing-left-medium:1.92%;--awb-width-small:100%;--awb-order-small:0;--awb-spacing-right-small:1.92%;--awb-spacing-left-small:1.92%;\"><div class=\"fusion-column-wrapper fusion-column-has-shadow fusion-flex-justify-content-flex-start fusion-content-layout-column\"><div class=\"fusion-text fusion-text-1\"><h1>Tabla din\u00e1mica<\/h1>\n<p>Discriminados por color, \u00edndice y de figura de interferencia. \u00datil para la b\u00fasqueda de un mineral de acuerdo a estas propiedades.<\/p>\n<\/div><div class=\"fusion-separator fusion-full-width-sep\" style=\"align-self: center;margin-left: auto;margin-right: auto;margin-bottom:20px;width:100%;\"><\/div>\n<div class=\"table-1\">\n<table width=\"100%\">\n<thead>\n<tr>\n<th style=\"text-align: center;\" align=\"left\"><strong>Anis\u00f3tropos<\/strong><\/th>\n<th style=\"text-align: left;\"><strong>\u00cdndice<\/strong><\/th>\n<th align=\"left\"><strong>Uniaxico (+)<\/strong><\/th>\n<th align=\"left\"><strong>Uniaxico (-)<\/strong><\/th>\n<th align=\"left\"><strong>Biaxico (+)<\/strong><\/th>\n<th align=\"left\"><strong>Biaxico (-)<\/strong><\/th>\n<\/tr>\n<\/thead>\n<tbody>\n<tr>\n<td style=\"background-color: lemonchiffon; text-align: center;\" rowspan=\"2\"><strong>Color<br \/>\nAmarillo (A)<\/strong><\/td>\n<td align=\"left\">&gt;1,60 &#8211; &lt;1,70<\/td>\n<td align=\"left\"><\/td>\n<td align=\"left\"><\/td>\n<td align=\"left\"><a href=\"https:\/\/www.sedimentologia.org.ar\/spa\/atlas\/enstatita\/\"><u>Enstatita<\/u><\/a><\/td>\n<td align=\"left\"><\/td>\n<\/tr>\n<tr>\n<td align=\"left\">&gt;1,70<\/td>\n<td align=\"left\"><a href=\"https:\/\/www.sedimentologia.org.ar\/spa\/atlas\/rutilo\/\"><u><em>Rutilo<\/em><\/u><\/a><br \/>\n<a href=\"https:\/\/www.sedimentologia.org.ar\/spa\/atlas\/zircon\/\"><u>Zirc\u00f3n<\/u><\/a><\/td>\n<td align=\"left\"><a href=\"https:\/\/www.sedimentologia.org.ar\/spa\/atlas\/anatasa\/\"><u>Anatasa<\/u><\/a><\/td>\n<td align=\"left\"><a href=\"https:\/\/www.sedimentologia.org.ar\/spa\/atlas\/monacita\/\"><u>Monacita<\/u><\/a><br \/>\n<em><a href=\"https:\/\/www.sedimentologia.org.ar\/spa\/atlas\/estaurolita\/\"><u>Estaurolita<\/u><\/a><\/em><\/td>\n<td align=\"left\"><a href=\"https:\/\/www.sedimentologia.org.ar\/spa\/atlas\/epidoto\/\"><u>Epidoto<\/u><\/a><br \/>\n<em><a href=\"https:\/\/www.sedimentologia.org.ar\/spa\/atlas\/hipersteno\/\"><u>Hipersteno<\/u><\/a><\/em><\/td>\n<\/tr>\n<tr>\n<td style=\"background-color: lightsalmon; text-align: center;\" rowspan=\"2\"><strong>Color<br \/>\nRojo (R)<\/strong><\/td>\n<td align=\"left\">&gt;1,60 &#8211; &lt;1,70<\/td>\n<td align=\"left\"><\/td>\n<td align=\"left\"><em><a href=\"https:\/\/www.sedimentologia.org.ar\/spa\/atlas\/turmalina\/\"><u>Turmalina<\/u><\/a><\/em><\/td>\n<td align=\"left\"><\/td>\n<td align=\"left\"><em>Andalucita<\/em><\/td>\n<\/tr>\n<tr>\n<td align=\"left\">&gt;1,70<\/td>\n<td align=\"left\"><em><a href=\"https:\/\/www.sedimentologia.org.ar\/spa\/atlas\/rutilo\/\"><u>Rutilo<\/u><\/a><\/em><br \/>\n<a href=\"https:\/\/www.sedimentologia.org.ar\/spa\/atlas\/zircon\/\"><u>Zirc\u00f3n<\/u><\/a><\/td>\n<td align=\"left\"><\/td>\n<td align=\"left\"><\/td>\n<td align=\"left\"><\/td>\n<\/tr>\n<tr>\n<td style=\"background-color: honeydew; text-align: center;\" rowspan=\"2\"><strong>Color<br \/>\nVerde (V)<\/strong><\/td>\n<td align=\"left\">&gt;1,60 &#8211; &lt;1,70<\/td>\n<td align=\"left\"><\/td>\n<td align=\"left\"><a href=\"https:\/\/www.sedimentologia.org.ar\/spa\/atlas\/apatita\/\"><u>Apatita<\/u><\/a><br \/>\n<em><a href=\"https:\/\/www.sedimentologia.org.ar\/spa\/atlas\/turmalina\/\"><u>Turmalina<\/u><\/a><\/em><\/td>\n<td align=\"left\">Diopsido<br \/>\n<a href=\"https:\/\/www.sedimentologia.org.ar\/spa\/atlas\/olivina\/\"><u>Olivina<\/u><\/a><br \/>\n<a href=\"https:\/\/www.sedimentologia.org.ar\/spa\/atlas\/enstatita\/\"><u>Enstatita<\/u><\/a><\/td>\n<td align=\"left\"><em>Andalucita<\/em><br \/>\n<a href=\"https:\/\/www.sedimentologia.org.ar\/spa\/atlas\/ferro-horblenda\/\"><u>Horblenda<\/u><\/a><br \/>\n<em>Tremolita<\/em><br \/>\n<em><a href=\"https:\/\/www.sedimentologia.org.ar\/spa\/atlas\/actinolita\/\"><u>Actinolita<\/u><\/a><\/em><br \/>\n<a href=\"https:\/\/www.sedimentologia.org.ar\/spa\/atlas\/olivina\/\"><u>Olivina<\/u><\/a><\/td>\n<\/tr>\n<tr>\n<td align=\"left\">&gt;1,70<\/td>\n<td align=\"left\"><a href=\"https:\/\/www.sedimentologia.org.ar\/spa\/atlas\/zircon\/\"><u>Zirc\u00f3n<\/u><\/a><\/td>\n<td align=\"left\"><\/td>\n<td align=\"left\"><a href=\"https:\/\/www.sedimentologia.org.ar\/spa\/atlas\/augita\/\"><u>Augita<\/u><\/a><br \/>\n<em><a href=\"https:\/\/www.sedimentologia.org.ar\/spa\/atlas\/cloritoide\/\"><u>Cloritoide<\/u><\/a><\/em><br \/>\n<a href=\"https:\/\/www.sedimentologia.org.ar\/spa\/atlas\/monacita\/\"><u>Monacita<\/u><\/a><br \/>\n<a href=\"https:\/\/www.sedimentologia.org.ar\/spa\/atlas\/sillimanita\/\"><u>Sillimanita<\/u><\/a><\/td>\n<td align=\"left\"><a href=\"https:\/\/www.sedimentologia.org.ar\/spa\/atlas\/epidoto\/\"><u>Epidoto<\/u><\/a><br \/>\n<em><a href=\"https:\/\/www.sedimentologia.org.ar\/spa\/atlas\/hipersteno\/\"><u>Hipersteno<\/u><\/a><\/em><\/td>\n<\/tr>\n<tr>\n<td style=\"background-color: peachpuff; text-align: center;\" rowspan=\"2\"><strong>Color<br \/>\nCasta\u00f1o (C)<\/strong><\/td>\n<td align=\"left\">&gt;1,60 &#8211; &lt;1,70<\/td>\n<td align=\"left\"><\/td>\n<td align=\"left\"><a href=\"https:\/\/www.sedimentologia.org.ar\/spa\/atlas\/dolomita\/\"><u>Dolomita<\/u><\/a><br \/>\n<em><a href=\"https:\/\/www.sedimentologia.org.ar\/spa\/atlas\/turmalina\/\"><u>Turmalina<\/u><\/a><\/em><\/td>\n<td align=\"left\"><a href=\"https:\/\/www.sedimentologia.org.ar\/spa\/atlas\/olivina\/\"><u>Olivina<\/u><\/a><\/td>\n<td align=\"left\"><em><a href=\"https:\/\/www.sedimentologia.org.ar\/spa\/atlas\/ferro-horblenda\/\"><u>Horblenda<\/u><\/a><\/em><br \/>\n<a href=\"https:\/\/www.sedimentologia.org.ar\/spa\/atlas\/olivina\/\"><u>Olivina<\/u><\/a><\/td>\n<\/tr>\n<tr>\n<td align=\"left\">&gt;1,70<\/td>\n<td align=\"left\"><em><a href=\"https:\/\/www.sedimentologia.org.ar\/spa\/atlas\/rutilo\/\"><u>Rutilo<\/u><\/a><\/em><\/td>\n<td align=\"left\"><a href=\"https:\/\/www.sedimentologia.org.ar\/spa\/atlas\/anatasa\/\"><u>Anatasa<\/u><\/a><\/td>\n<td align=\"left\"><a href=\"https:\/\/www.sedimentologia.org.ar\/spa\/atlas\/augita\/\"><u>Augita<\/u><\/a><br \/>\n<em><a href=\"https:\/\/www.sedimentologia.org.ar\/spa\/atlas\/monacita\/\"><u>Monacita<\/u><\/a><\/em><br \/>\n<em><a href=\"https:\/\/www.sedimentologia.org.ar\/spa\/atlas\/estaurolita\/\"><u>Estaurolita<\/u><\/a><\/em><\/td>\n<td align=\"left\"><em><a href=\"https:\/\/www.sedimentologia.org.ar\/spa\/atlas\/hipersteno\/\"><u>Hipersteno<\/u><\/a><\/em><\/td>\n<\/tr>\n<tr>\n<td style=\"background-color: thistle; text-align: center;\" rowspan=\"2\"><strong>Color<br \/>\nVioleta\u00a0<\/strong><\/td>\n<td align=\"left\">&gt;1,60 &#8211; &lt;1,70<\/td>\n<td align=\"left\"><\/td>\n<td align=\"left\"><a href=\"https:\/\/www.sedimentologia.org.ar\/spa\/atlas\/turmalina\/\"><u>Turmalina<\/u><\/a><\/td>\n<td align=\"left\"><\/td>\n<td align=\"left\"><em>Glaucofano<\/em><br \/>\n<em>Tremolita<\/em><\/td>\n<\/tr>\n<tr>\n<td align=\"left\">&gt;1,70<\/td>\n<td align=\"left\"><a href=\"https:\/\/www.sedimentologia.org.ar\/spa\/atlas\/zircon\/\"><u>Zirc\u00f3n<\/u><\/a><\/td>\n<td align=\"left\"><a href=\"https:\/\/www.sedimentologia.org.ar\/spa\/atlas\/anatasa\/\"><u>Anatasa<\/u><\/a><\/td>\n<td align=\"left\"><\/td>\n<td align=\"left\"><\/td>\n<\/tr>\n<tr>\n<td style=\"background-color: lightsteelblue; text-align: center;\" rowspan=\"2\"><strong>Color<br \/>\nAzul (B)<\/strong><\/td>\n<td align=\"left\">&gt;1,60 &#8211; &lt;1,70<\/td>\n<td align=\"left\"><\/td>\n<td align=\"left\"><a href=\"https:\/\/www.sedimentologia.org.ar\/spa\/atlas\/turmalina\/\"><u><em>Turmalina<\/em><\/u><\/a><\/td>\n<td align=\"left\"><a href=\"https:\/\/www.sedimentologia.org.ar\/spa\/atlas\/celestina\/\"><u>Celestina<\/u><\/a><\/td>\n<td align=\"left\"><em>Glaucofano<\/em><\/td>\n<\/tr>\n<tr>\n<td align=\"left\">&gt;1,70<\/td>\n<td align=\"left\"><\/td>\n<td align=\"left\"><a href=\"https:\/\/www.sedimentologia.org.ar\/spa\/atlas\/anatasa\/\"><u>Anatasa<\/u><\/a><\/td>\n<td align=\"left\"><em><a href=\"https:\/\/www.sedimentologia.org.ar\/spa\/atlas\/cloritoide\/\"><u>Cloritoide<\/u><\/a><\/em><\/td>\n<td align=\"left\"><a href=\"https:\/\/www.sedimentologia.org.ar\/spa\/atlas\/cianita\/\"><u>Cianita<\/u><\/a><\/td>\n<\/tr>\n<tr>\n<td style=\"background-color: gainsboro; text-align: center;\" rowspan=\"2\"><strong>Incoloros (I)<\/strong><\/td>\n<td align=\"left\">&gt;1,60 &#8211; &lt;1,70<\/td>\n<td align=\"left\"><\/td>\n<td align=\"left\"><em><a href=\"https:\/\/www.sedimentologia.org.ar\/spa\/atlas\/calcita\/\"><u>Calcita<\/u><\/a><\/em><br \/>\n<a href=\"https:\/\/www.sedimentologia.org.ar\/spa\/atlas\/dolomita\/\"><u>Dolomita<\/u><\/a><br \/>\n<a href=\"https:\/\/www.sedimentologia.org.ar\/spa\/atlas\/apatita\/\"><u>Apatita<\/u><\/a><\/td>\n<td align=\"left\"><\/td>\n<td align=\"left\"><a href=\"https:\/\/www.sedimentologia.org.ar\/spa\/atlas\/muscovita\/\"><u>Muscovita<\/u><\/a><\/td>\n<\/tr>\n<tr>\n<td align=\"left\">&gt;1,70<\/td>\n<td align=\"left\"><a href=\"https:\/\/www.sedimentologia.org.ar\/spa\/atlas\/zircon\/\"><u>Zirc\u00f3n<\/u><\/a><\/td>\n<td align=\"left\"><\/td>\n<td align=\"left\"><a href=\"https:\/\/www.sedimentologia.org.ar\/spa\/atlas\/sillimanita\/\"><u>Sillimanita<\/u><\/a><\/td>\n<td align=\"left\"><a href=\"https:\/\/www.sedimentologia.org.ar\/spa\/atlas\/cianita\/\"><u>Cianita<\/u><\/a><\/td>\n<\/tr>\n<\/tbody>\n<\/table>\n<\/div>\n<div class=\"fusion-separator fusion-full-width-sep\" style=\"align-self: center;margin-left: auto;margin-right: auto;margin-bottom:20px;width:100%;\"><\/div><div class=\"fusion-text fusion-text-2\"><p><em><strong>en it\u00e1lica: <\/strong><\/em>minerales con pleocroismo de color o de \u00edndice<strong><br \/>\n(A) <\/strong>puede estar mezclado con gris, verde o casta\u00f1o<strong><br \/>\n(R) <\/strong>puede estar mezclado con casta\u00f1o<strong><br \/>\n(V) <\/strong>puede variar de verde esmeralda, verde oliva a verde oscuro y puede estar mezclado con amarillo y casta\u00f1o<strong><br \/>\n(C) <\/strong>puede estar mezclado con rojo o casta\u00f1o<strong><br \/>\n(B)<\/strong> azul o azul \u00edndigo<strong><br \/>\n(I) <\/strong>incoloro o blanco<\/p>\n<p>Otras especies de minerales pesados que no se incluyeron en este atlas por ser infrecuentes, escasos o de diagn\u00f3stico confuso en materiales detriticos son: Andalusita; Ankerita; Axinita; Badeleyita; Barita; Berilo; Bohemita: Casiterita; Columbita-tantalita; Corind\u00f3n; Crisoberilo; Espersatita; Espinela; Espodumeno; Euclase; Eudialita; Galodonita; Iddignsita; Nacrita: Perovskita; Phenacita; Pirrotita; Vesuvianita; Wallastonita; Wolframita.<\/p>\n<\/div><div class=\"fusion-separator fusion-full-width-sep\" style=\"align-self: center;margin-left: auto;margin-right: auto;margin-bottom:15px;width:100%;\"><\/div><div class=\"fusion-text fusion-text-3\"><h2>Cartilla Michel L\u00e9vy de colores de birrefringencia<\/h2>\n<p>Los n\u00fameros de orden del color var\u00edan en las cartillas de 4 a 5 seg\u00fan distintos autores. En este Atlas hemos usados 4 \u00f3rdenes (Ralith et al., 2012) y adoptamos los t\u00e9rminos bajo, moderado, alto y muy alto para cada uno como muestra la imagen.<\/p>\n<\/div><div class=\"fusion-image-element \" style=\"--awb-max-width:400px;--awb-caption-title-font-family:var(--h2_typography-font-family);--awb-caption-title-font-weight:var(--h2_typography-font-weight);--awb-caption-title-font-style:var(--h2_typography-font-style);--awb-caption-title-size:var(--h2_typography-font-size);--awb-caption-title-transform:var(--h2_typography-text-transform);--awb-caption-title-line-height:var(--h2_typography-line-height);--awb-caption-title-letter-spacing:var(--h2_typography-letter-spacing);\"><span class=\" fusion-imageframe imageframe-none imageframe-1 hover-type-none\"><a href=\"https:\/\/www.sedimentologia.org.ar\/spa\/wp-content\/uploads\/2022\/08\/cartilla.jpg\" class=\"fusion-lightbox\" data-rel=\"iLightbox[f0c49ab5c091f86cea3]\" data-title=\"Cartilla Michel L\u00e9vy\" title=\"Cartilla Michel L\u00e9vy\"><img decoding=\"async\" width=\"800\" height=\"487\" src=\"https:\/\/www.sedimentologia.org.ar\/spa\/wp-content\/uploads\/2022\/08\/cartilla.jpg\" alt class=\"img-responsive wp-image-2831\"\/><\/a><\/span><\/div><\/div><\/div><\/div><\/div>\n","protected":false},"excerpt":{"rendered":"","protected":false},"author":2,"featured_media":0,"parent":2518,"menu_order":0,"comment_status":"closed","ping_status":"closed","template":"","meta":{"footnotes":""},"class_list":["post-2825","page","type-page","status-publish","hentry"],"_links":{"self":[{"href":"https:\/\/www.sedimentologia.org.ar\/spa\/wp-json\/wp\/v2\/pages\/2825","targetHints":{"allow":["GET"]}}],"collection":[{"href":"https:\/\/www.sedimentologia.org.ar\/spa\/wp-json\/wp\/v2\/pages"}],"about":[{"href":"https:\/\/www.sedimentologia.org.ar\/spa\/wp-json\/wp\/v2\/types\/page"}],"author":[{"embeddable":true,"href":"https:\/\/www.sedimentologia.org.ar\/spa\/wp-json\/wp\/v2\/users\/2"}],"replies":[{"embeddable":true,"href":"https:\/\/www.sedimentologia.org.ar\/spa\/wp-json\/wp\/v2\/comments?post=2825"}],"version-history":[{"count":25,"href":"https:\/\/www.sedimentologia.org.ar\/spa\/wp-json\/wp\/v2\/pages\/2825\/revisions"}],"predecessor-version":[{"id":2981,"href":"https:\/\/www.sedimentologia.org.ar\/spa\/wp-json\/wp\/v2\/pages\/2825\/revisions\/2981"}],"up":[{"embeddable":true,"href":"https:\/\/www.sedimentologia.org.ar\/spa\/wp-json\/wp\/v2\/pages\/2518"}],"wp:attachment":[{"href":"https:\/\/www.sedimentologia.org.ar\/spa\/wp-json\/wp\/v2\/media?parent=2825"}],"curies":[{"name":"wp","href":"https:\/\/api.w.org\/{rel}","templated":true}]}}