{"id":2539,"date":"2022-07-28T11:58:01","date_gmt":"2022-07-28T11:58:01","guid":{"rendered":"https:\/\/www.sedimentologia.org.ar\/spa\/?page_id=2539"},"modified":"2022-08-26T11:39:30","modified_gmt":"2022-08-26T11:39:30","slug":"introduccion","status":"publish","type":"page","link":"https:\/\/www.sedimentologia.org.ar\/spa\/atlas-minerales\/introduccion\/","title":{"rendered":"Introducci\u00f3n"},"content":{"rendered":"<div class=\"fusion-fullwidth fullwidth-box fusion-builder-row-1 fusion-flex-container has-pattern-background has-mask-background nonhundred-percent-fullwidth non-hundred-percent-height-scrolling\" style=\"--awb-border-radius-top-left:0px;--awb-border-radius-top-right:0px;--awb-border-radius-bottom-right:0px;--awb-border-radius-bottom-left:0px;--awb-flex-wrap:wrap;\" ><div class=\"fusion-builder-row fusion-row fusion-flex-align-items-flex-start fusion-flex-content-wrap\" style=\"max-width:1144px;margin-left: calc(-4% \/ 2 );margin-right: calc(-4% \/ 2 );\"><div class=\"fusion-layout-column fusion_builder_column fusion-builder-column-0 fusion_builder_column_1_4 1_4 fusion-flex-column\" style=\"--awb-bg-size:cover;--awb-width-large:25%;--awb-margin-top-large:0px;--awb-spacing-right-large:7.68%;--awb-margin-bottom-large:20px;--awb-spacing-left-large:7.68%;--awb-width-medium:100%;--awb-order-medium:0;--awb-spacing-right-medium:1.92%;--awb-spacing-left-medium:1.92%;--awb-width-small:100%;--awb-order-small:0;--awb-spacing-right-small:1.92%;--awb-spacing-left-small:1.92%;\"><div class=\"fusion-column-wrapper fusion-column-has-shadow fusion-flex-justify-content-flex-start fusion-content-layout-column\"><div class=\"fusion-widget fusion-widget-element fusion-widget-area fusion-content-widget-area wpWidget-1 fusion-widget-align-left fusion_widget_vertical_menu\" style=\"--awb-margin-top:0px;--awb-margin-right:0px;--awb-margin-bottom:0px;--awb-margin-left:0px;--awb-fusion-padding-color:0px;--awb-fusion-border-size:1px;--awb-fusion-border-color:#ffffff;--awb-fusion-border-style:solid;--awb-fusion-divider-color:#e0e0e0;\"><div class=\"widget avada_vertical_menu\"><style>#fusion-vertical-menu-widget-avada-vertical-menu-widget-1-nav ul.menu li a {font-size:14px;}<\/style><nav id=\"fusion-vertical-menu-widget-avada-vertical-menu-widget-1-nav\" class=\"fusion-vertical-menu-widget fusion-menu hover left no-border\" aria-label=\"Secondary Navigation: \"><ul id=\"menu-minerales\" class=\"menu\"><li id=\"menu-item-2527\" class=\"menu-item menu-item-type-post_type menu-item-object-page menu-item-2527\"><a href=\"https:\/\/www.sedimentologia.org.ar\/spa\/atlas-minerales\/\"><span class=\"link-text\"> Presentaci\u00f3n<\/span><span class=\"arrow\"><\/span><\/a><\/li><li id=\"menu-item-2547\" class=\"menu-item menu-item-type-post_type menu-item-object-page menu-item-2547\"><a href=\"https:\/\/www.sedimentologia.org.ar\/spa\/atlas-minerales\/introduccion\/\"><span class=\"link-text\"> Introducci\u00f3n<\/span><span class=\"arrow\"><\/span><\/a><\/li><li id=\"menu-item-2936\" class=\"menu-item menu-item-type-post_type menu-item-object-page menu-item-2936\"><a href=\"https:\/\/www.sedimentologia.org.ar\/spa\/atlas-minerales\/tecnicas\/\"><span class=\"link-text\"> T\u00e9cnicas<\/span><span class=\"arrow\"><\/span><\/a><\/li><li id=\"menu-item-2818\" class=\"menu-item menu-item-type-post_type menu-item-object-page menu-item-2818\"><a href=\"https:\/\/www.sedimentologia.org.ar\/spa\/atlas-minerales\/analisis\/\"><span class=\"link-text\"> An\u00e1lisis, observaci\u00f3n y uso<\/span><span class=\"arrow\"><\/span><\/a><\/li><li id=\"menu-item-2976\" class=\"menu-item menu-item-type-post_type menu-item-object-page menu-item-2976\"><a href=\"https:\/\/www.sedimentologia.org.ar\/spa\/atlas-minerales\/tabla-dinamica\/\"><span class=\"link-text\"> Tabla din\u00e1mica<\/span><span class=\"arrow\"><\/span><\/a><\/li><li id=\"menu-item-2623\" class=\"menu-item menu-item-type-post_type menu-item-object-page menu-item-2623\"><a href=\"https:\/\/www.sedimentologia.org.ar\/spa\/atlas-minerales\/atlas\/\"><span class=\"link-text\"><span class=\"fa-bookmark fas\"><\/span> MINERALES A a Z<\/span><span class=\"arrow\"><\/span><\/a><\/li><li id=\"menu-item-2844\" class=\"menu-item menu-item-type-post_type menu-item-object-page menu-item-2844\"><a href=\"https:\/\/www.sedimentologia.org.ar\/spa\/atlas-minerales\/asociaciones-de-especies\/\"><span class=\"link-text\"> Asociaciones de especies<\/span><span class=\"arrow\"><\/span><\/a><\/li><li id=\"menu-item-2822\" class=\"menu-item menu-item-type-post_type menu-item-object-page menu-item-2822\"><a href=\"https:\/\/www.sedimentologia.org.ar\/spa\/atlas-minerales\/bibliografia\/\"><span class=\"link-text\"> Agradecimientos y Bibliograf\u00eda<\/span><span class=\"arrow\"><\/span><\/a><\/li><li id=\"menu-item-2946\" class=\"menu-item menu-item-type-post_type menu-item-object-page menu-item-2946\"><a href=\"https:\/\/www.sedimentologia.org.ar\/spa\/atlas-minerales\/autora\/\"><span class=\"link-text\"> Sobre la autora<\/span><span class=\"arrow\"><\/span><\/a><\/li><\/ul><\/nav><\/div><\/div><div class=\"fusion-separator fusion-full-width-sep\" style=\"align-self: center;margin-left: auto;margin-right: auto;margin-top:20px;margin-bottom:20px;width:100%;\"><\/div><\/div><\/div><div class=\"fusion-layout-column fusion_builder_column fusion-builder-column-1 fusion_builder_column_3_4 3_4 fusion-flex-column\" style=\"--awb-bg-size:cover;--awb-width-large:75%;--awb-margin-top-large:-20px;--awb-spacing-right-large:2.56%;--awb-margin-bottom-large:20px;--awb-spacing-left-large:2.56%;--awb-width-medium:100%;--awb-order-medium:0;--awb-spacing-right-medium:1.92%;--awb-spacing-left-medium:1.92%;--awb-width-small:100%;--awb-order-small:0;--awb-spacing-right-small:1.92%;--awb-spacing-left-small:1.92%;\"><div class=\"fusion-column-wrapper fusion-column-has-shadow fusion-flex-justify-content-flex-start fusion-content-layout-column\"><div class=\"fusion-text fusion-text-1\"><h1>Introducci\u00f3n<\/h1>\n<p>Los minerales pesados se presentan en los sedimentos como clastos monominerales de h\u00e1bitos cristalinos anhedrales hasta euhedrales, bien como granos redondeados a subangulosos con p\u00e9rdida total de los rasgos cristalinos o en fragmentos. Tambi\u00e9n como integrantes de clastos l\u00edticos o litoclastos. De acuerdo con el peso espec\u00edfico los minerales se pueden reunir en dos grupos, los que re\u00fanan a las especies livianas por un lado y pesadas por otro. Convencionalmente se escoge un peso espec\u00edfico de 2,90 g\/cm3 como l\u00edmite entre ambos grupos. Estos pueden ser separados mediante el uso de l\u00edquidos de alta densidad cuyo peso espec\u00edfico posea el valor l\u00edmite, como es el caso del Bromoformo. Dado que esta sustancia es cancer\u00edgena, se empezaron a utilizar otros l\u00edquidos densos generalmente politungstatos.<\/p>\n<p>Asimismo, cualquier l\u00edquido puede separar los minerales de la muestra en dos grupos y se puede modificar el \u00edndice l\u00edmite de acuerdo con los fines particulares del estudio. Uno de los grupos contendr\u00e1 minerales con peso espec\u00edfico menores que el l\u00edquido empleado y por lo tanto flotar\u00e1n, el otro, por el contrario, y debido a su mayor peso decantar\u00e1n.<\/p>\n<p>En el lote de minerales pesados habr\u00e1 especies opacas (hematita, magnetita, ilmenita, etc.) que ser\u00e1n dif\u00edciles de determinar por microscop\u00eda de luz transmitida y se deber\u00e1 recurrir a la de luz reflejada. Asimismo, es frecuente que algunos clastos de especies pesadas de h\u00e1bito laminar, como los filosilicatos (micas), queden en el lote de minerales livianos.<\/p>\n<p>Existen otros m\u00e9todos de separaci\u00f3n de minerales relacionados a propiedades magn\u00e9ticas, qu\u00edmicas y el\u00e9ctricas, as\u00ed como tambi\u00e9n a propiedades f\u00edsicas como forma, dimensi\u00f3n o redondez. La elecci\u00f3n de la t\u00e9cnica depender\u00e1 de los fines del estudio.<\/p>\n<\/div><\/div><\/div><\/div><\/div>\n","protected":false},"excerpt":{"rendered":"","protected":false},"author":2,"featured_media":0,"parent":2518,"menu_order":0,"comment_status":"closed","ping_status":"closed","template":"","meta":{"footnotes":""},"class_list":["post-2539","page","type-page","status-publish","hentry"],"_links":{"self":[{"href":"https:\/\/www.sedimentologia.org.ar\/spa\/wp-json\/wp\/v2\/pages\/2539","targetHints":{"allow":["GET"]}}],"collection":[{"href":"https:\/\/www.sedimentologia.org.ar\/spa\/wp-json\/wp\/v2\/pages"}],"about":[{"href":"https:\/\/www.sedimentologia.org.ar\/spa\/wp-json\/wp\/v2\/types\/page"}],"author":[{"embeddable":true,"href":"https:\/\/www.sedimentologia.org.ar\/spa\/wp-json\/wp\/v2\/users\/2"}],"replies":[{"embeddable":true,"href":"https:\/\/www.sedimentologia.org.ar\/spa\/wp-json\/wp\/v2\/comments?post=2539"}],"version-history":[{"count":18,"href":"https:\/\/www.sedimentologia.org.ar\/spa\/wp-json\/wp\/v2\/pages\/2539\/revisions"}],"predecessor-version":[{"id":2978,"href":"https:\/\/www.sedimentologia.org.ar\/spa\/wp-json\/wp\/v2\/pages\/2539\/revisions\/2978"}],"up":[{"embeddable":true,"href":"https:\/\/www.sedimentologia.org.ar\/spa\/wp-json\/wp\/v2\/pages\/2518"}],"wp:attachment":[{"href":"https:\/\/www.sedimentologia.org.ar\/spa\/wp-json\/wp\/v2\/media?parent=2539"}],"curies":[{"name":"wp","href":"https:\/\/api.w.org\/{rel}","templated":true}]}}