{"id":2518,"date":"2022-07-26T13:22:13","date_gmt":"2022-07-26T13:22:13","guid":{"rendered":"https:\/\/www.sedimentologia.org.ar\/spa\/?page_id=2518"},"modified":"2022-09-22T11:16:35","modified_gmt":"2022-09-22T11:16:35","slug":"atlas-minerales","status":"publish","type":"page","link":"https:\/\/www.sedimentologia.org.ar\/spa\/atlas-minerales\/","title":{"rendered":"Atlas &#8211; Minerales"},"content":{"rendered":"<div class=\"fusion-fullwidth fullwidth-box fusion-builder-row-1 fusion-flex-container has-pattern-background has-mask-background nonhundred-percent-fullwidth non-hundred-percent-height-scrolling\" style=\"--awb-border-radius-top-left:0px;--awb-border-radius-top-right:0px;--awb-border-radius-bottom-right:0px;--awb-border-radius-bottom-left:0px;--awb-flex-wrap:wrap;\" ><div class=\"fusion-builder-row fusion-row fusion-flex-align-items-flex-start fusion-flex-content-wrap\" style=\"max-width:1144px;margin-left: calc(-4% \/ 2 );margin-right: calc(-4% \/ 2 );\"><div class=\"fusion-layout-column fusion_builder_column fusion-builder-column-0 fusion_builder_column_1_4 1_4 fusion-flex-column\" style=\"--awb-bg-size:cover;--awb-width-large:25%;--awb-margin-top-large:0px;--awb-spacing-right-large:7.68%;--awb-margin-bottom-large:20px;--awb-spacing-left-large:7.68%;--awb-width-medium:100%;--awb-order-medium:0;--awb-spacing-right-medium:1.92%;--awb-spacing-left-medium:1.92%;--awb-width-small:100%;--awb-order-small:0;--awb-spacing-right-small:1.92%;--awb-spacing-left-small:1.92%;\"><div class=\"fusion-column-wrapper fusion-column-has-shadow fusion-flex-justify-content-flex-start fusion-content-layout-column\"><div class=\"fusion-widget fusion-widget-element fusion-widget-area fusion-content-widget-area wpWidget-1 fusion-widget-align-left fusion_widget_vertical_menu\" style=\"--awb-margin-top:0px;--awb-margin-right:0px;--awb-margin-bottom:0px;--awb-margin-left:0px;--awb-fusion-padding-color:0px;--awb-fusion-border-size:1px;--awb-fusion-border-color:#ffffff;--awb-fusion-border-style:solid;--awb-fusion-divider-color:#e0e0e0;\"><div class=\"widget avada_vertical_menu\"><style>#fusion-vertical-menu-widget-avada-vertical-menu-widget-1-nav ul.menu li a {font-size:14px;}<\/style><nav id=\"fusion-vertical-menu-widget-avada-vertical-menu-widget-1-nav\" class=\"fusion-vertical-menu-widget fusion-menu hover left no-border\" aria-label=\"Secondary Navigation: \"><ul id=\"menu-minerales\" class=\"menu\"><li id=\"menu-item-2527\" class=\"menu-item menu-item-type-post_type menu-item-object-page menu-item-2527\"><a href=\"https:\/\/www.sedimentologia.org.ar\/spa\/atlas-minerales\/\"><span class=\"link-text\"> Presentaci\u00f3n<\/span><span class=\"arrow\"><\/span><\/a><\/li><li id=\"menu-item-2547\" class=\"menu-item menu-item-type-post_type menu-item-object-page menu-item-2547\"><a href=\"https:\/\/www.sedimentologia.org.ar\/spa\/atlas-minerales\/introduccion\/\"><span class=\"link-text\"> Introducci\u00f3n<\/span><span class=\"arrow\"><\/span><\/a><\/li><li id=\"menu-item-2936\" class=\"menu-item menu-item-type-post_type menu-item-object-page menu-item-2936\"><a href=\"https:\/\/www.sedimentologia.org.ar\/spa\/atlas-minerales\/tecnicas\/\"><span class=\"link-text\"> T\u00e9cnicas<\/span><span class=\"arrow\"><\/span><\/a><\/li><li id=\"menu-item-2818\" class=\"menu-item menu-item-type-post_type menu-item-object-page menu-item-2818\"><a href=\"https:\/\/www.sedimentologia.org.ar\/spa\/atlas-minerales\/analisis\/\"><span class=\"link-text\"> An\u00e1lisis, observaci\u00f3n y uso<\/span><span class=\"arrow\"><\/span><\/a><\/li><li id=\"menu-item-2976\" class=\"menu-item menu-item-type-post_type menu-item-object-page menu-item-2976\"><a href=\"https:\/\/www.sedimentologia.org.ar\/spa\/atlas-minerales\/tabla-dinamica\/\"><span class=\"link-text\"> Tabla din\u00e1mica<\/span><span class=\"arrow\"><\/span><\/a><\/li><li id=\"menu-item-2623\" class=\"menu-item menu-item-type-post_type menu-item-object-page menu-item-2623\"><a href=\"https:\/\/www.sedimentologia.org.ar\/spa\/atlas-minerales\/atlas\/\"><span class=\"link-text\"><span class=\"fa-bookmark fas\"><\/span> MINERALES A a Z<\/span><span class=\"arrow\"><\/span><\/a><\/li><li id=\"menu-item-2844\" class=\"menu-item menu-item-type-post_type menu-item-object-page menu-item-2844\"><a href=\"https:\/\/www.sedimentologia.org.ar\/spa\/atlas-minerales\/asociaciones-de-especies\/\"><span class=\"link-text\"> Asociaciones de especies<\/span><span class=\"arrow\"><\/span><\/a><\/li><li id=\"menu-item-2822\" class=\"menu-item menu-item-type-post_type menu-item-object-page menu-item-2822\"><a href=\"https:\/\/www.sedimentologia.org.ar\/spa\/atlas-minerales\/bibliografia\/\"><span class=\"link-text\"> Agradecimientos y Bibliograf\u00eda<\/span><span class=\"arrow\"><\/span><\/a><\/li><li id=\"menu-item-2946\" class=\"menu-item menu-item-type-post_type menu-item-object-page menu-item-2946\"><a href=\"https:\/\/www.sedimentologia.org.ar\/spa\/atlas-minerales\/autora\/\"><span class=\"link-text\"> Sobre la autora<\/span><span class=\"arrow\"><\/span><\/a><\/li><\/ul><\/nav><\/div><\/div><div class=\"fusion-separator fusion-full-width-sep\" style=\"align-self: center;margin-left: auto;margin-right: auto;margin-top:20px;margin-bottom:20px;width:100%;\"><\/div><div class=\"fusion-flip-boxes flip-boxes row fusion-columns-1 flip-effect-classic\"><div class=\"fusion-flip-box-wrapper fusion-column col-lg-12 col-md-12 col-sm-12\"><div class=\"fusion-flip-box flip-right\" tabindex=\"0\"><div class=\"flip-box-inner-wrapper\"><div class=\"flip-box-front\"><div class=\"flip-box-front-inner\"><div class=\"flip-box-grafix flip-box-image\"><img decoding=\"async\" src=\"https:\/\/www.sedimentologia.org.ar\/spa\/wp-content\/uploads\/2022\/08\/aas_logo_2022.png\" width=\"45\" height=\"45\" alt=\"\" \/><\/div><h4 class=\"flip-box-heading\">PUBLICACI\u00d3N ESPECIAL # 4<\/h4><i>Atlas de Minerales Pesados a Grano Suelto<\/i><\/p>\n<p><b> Autora<\/b><br \/>\nAdriana M. Blasi<\/p>\n<p><b> Editor<\/b><br \/>\nAAS - Asociaci\u00f3n Argentina de Sedimentolog\u00eda<\/p>\n<p><b> E-ISBN<\/b><br \/>\n978-987-96296-9-7<\/div><\/div><div class=\"flip-box-back\"><div class=\"flip-box-back-inner\"><h3 class=\"flip-box-heading-back\">SOBRE LA AUTORA<\/h3>\n<p><strong>Adriana M. Blasi<\/strong><\/p>\n<p>Comisi\u00f3n Investigaciones Cient\u00edficas de la Provincia de Buenos Aires (CIC)<\/p>\n<p>Divisi\u00f3n Mineralog\u00eda, Petrolog\u00eda y Sedimentolog\u00eda del Museo de La Plata \u2013 FCNyM \u2013 UNLP<\/p>\n<\/div><\/div><\/div><\/div><\/div><\/div><\/div><\/div><div class=\"fusion-layout-column fusion_builder_column fusion-builder-column-1 fusion_builder_column_3_4 3_4 fusion-flex-column\" style=\"--awb-bg-size:cover;--awb-width-large:75%;--awb-margin-top-large:-20px;--awb-spacing-right-large:2.56%;--awb-margin-bottom-large:20px;--awb-spacing-left-large:2.56%;--awb-width-medium:100%;--awb-order-medium:0;--awb-spacing-right-medium:1.92%;--awb-spacing-left-medium:1.92%;--awb-width-small:100%;--awb-order-small:0;--awb-spacing-right-small:1.92%;--awb-spacing-left-small:1.92%;\"><div class=\"fusion-column-wrapper fusion-column-has-shadow fusion-flex-justify-content-flex-start fusion-content-layout-column\"><div class=\"fusion-text fusion-text-1\"><h3>PUBLICACI\u00d3N ESPECIAL # 4<\/h3>\n<div class=\"fusion-separator fusion-full-width-sep\" style=\"align-self: center;margin-left: auto;margin-right: auto;margin-top:-10px;margin-bottom:-10px;width:100%;\"><div class=\"fusion-separator-border sep-single sep-solid\" style=\"--awb-height:20px;--awb-amount:20px;border-color:#e0dede;border-top-width:1px;\"><\/div><\/div>\n<h1>E-Atlas de Minerales Pesados a Grano Suelto<\/h1>\n<h3><div class=\"fusion-separator fusion-full-width-sep\" style=\"align-self: center;margin-left: auto;margin-right: auto;margin-top:-10px;margin-bottom:-10px;width:100%;\"><\/div>\n<em>Gu\u00eda pr\u00e1ctica de reconocimiento de minerales pesados transl\u00facidos<\/em><\/h3>\n<h3><strong>Autora: Adriana M. Blasi\u00a0<\/strong><\/h3>\n<div class=\"fusion-separator fusion-full-width-sep\" style=\"align-self: center;margin-left: auto;margin-right: auto;margin-top:-15px;margin-bottom:0px;width:100%;\"><\/div>\n<p><em>Comisi\u00f3n Investigaciones Cient\u00edficas de la Provincia de Buenos Aires (CIC)<\/em><br \/>\n<em>Divisi\u00f3n Mineralog\u00eda, Petrolog\u00eda y Sedimentolog\u00eda del Museo de La Plata \u2013 FCNyM &#8211; UNLP<\/em><\/p>\n<\/div><div class=\"fusion-separator fusion-full-width-sep\" style=\"align-self: center;margin-left: auto;margin-right: auto;margin-bottom:10px;width:100%;\"><\/div><div class=\"fusion-text fusion-text-2\"><p>Este Atlas, se realiz\u00f3 con la recopilaci\u00f3n de microfotograf\u00edas fruto del trabajo de investigaci\u00f3n que durante m\u00e1s de 25 a\u00f1os llevo a cabo en la Divisi\u00f3n Mineralog\u00eda, Petrolog\u00eda y Sedimentolog\u00eda del Museo de Ciencias Naturales de la Universidad Nacional de La Plata (UNLP) y como investigadora de la Comisi\u00f3n de Investigaciones Cient\u00edficas de la Provincia de Buenos Aires (CIC). Las mismas proceden del estudio de sedimentos de Argentina, Bolivia y Uruguay. En su mayor\u00eda proceden de an\u00e1lisis de arenas de cutting, arenas de coronas molidas y sedimentos inconsolidados y consolidados.<\/p>\n<p>Est\u00e1 dirigido, entre otros, a alumnos avanzados de Geolog\u00eda, becarios e investigadores de las Ciencias de La Tierra, Gearqueolog\u00eda, Pedolog\u00eda, Edafolog\u00eda o con orientaci\u00f3n Agron\u00f3mica, Gemolog\u00eda, con conocimientos previos en Mineralog\u00eda.<\/p>\n<p>Su objetivo es guiar la identificaci\u00f3n de especies minerales pesadas translucidas m\u00e1s comunes en sedimentos y rocas detr\u00edticas de manera simple.<\/p>\n<p>El impacto de este aporte tal vez debe medirse respecto a la escasez de sitios web donde se pueda encontrar alguna que otra imagen de una o varias especies minerales montadas a grano suelto. Cabe tambi\u00e9n destacar que el antecedente m\u00e1s cercano es el trabajo SEDIMENTARY PETROGRAPHY de Henry Henry B. Milner, asistido por los co-editores A. M. Ward y Frank Higham y en cuyo segundo Volumen se publicaron las propiedades diagn\u00f3sticas de minerales pesados acompa\u00f1adas de numerosas fotograf\u00edas, microfotograf\u00edas y figuras. Esta cuarta edici\u00f3n revisada fue publicada en 1962 por George Allen y Unwin Ltd., Londres. Si bien este libro est\u00e1 vigente las im\u00e1genes son en blanco y negro (debido al a\u00f1o de publicaci\u00f3n y el de las reediciones). Este Atlas propicia el reconocimiento en color de las especies m\u00e1s comunes, rasgo important\u00edsimo en la identificaci\u00f3n visual de las especies minerales.<\/p>\n<p>Las propiedades \u00f3pticas que acompa\u00f1an las microfotograf\u00edas de cada especie mineral fueron adoptadas del trabajo de Milner, et al. (1962) y actualizadas de acuerdo al Handbook of Mineralogy (Min.Soc.Am.). Para cada mineral se presenta el nombre aprobado de acuerdo con la International Mineralogical Association. Se incluyen referencias adicionales a trav\u00e9s de enlaces a publicaciones que dan cuenta de datos cristalogr\u00e1ficos, el patr\u00f3n de difracci\u00f3n de rayos X, las propiedades f\u00edsicas y propiedades \u00f3pticas, la composici\u00f3n qu\u00edmica, polimorfismo y clase mineral (Strunz; Dana), vista y rotaci\u00f3n de cristales en 3D, procedencia, asociaciones con otros minerales, caracter\u00edsticas como gemas y bibliograf\u00eda.<\/p>\n<p><strong><a href=\"http:\/\/webmineral.com\/Alphabetical_Listing.shtml#.YMorTugzbIU\" target=\"_blank\" rel=\"noopener\">http:\/\/webmineral.com\/Alphabetical_Listing.shtml#.YMorTugzbIU<\/a><\/strong><br \/>\n<strong><a href=\"https:\/\/www.mindat.org\/\" target=\"_blank\" rel=\"noopener\">https:\/\/www.mindat.org\/<\/a><\/strong><br \/>\n<strong><a href=\"http:\/\/www.handbookofmineralogy.com\" target=\"_blank\" rel=\"noopener\">http:\/\/www.handbookofmineralogy.com<\/a><\/strong><br \/>\n<strong><a href=\"http:\/\/www.smorf.nl\" target=\"_blank\" rel=\"noopener\">http:\/\/www.smorf.nl<\/a><\/strong><\/p>\n<p>Tambi\u00e9n cre\u00edmos muy \u00fatil colocar debajo de las im\u00e1genes un enlace a una p\u00e1gina donde los lectores podr\u00e1n ver el cristal en 3D del mineral encontrado y girarlo hasta comprender o visualizar muchas veces en qu\u00e9 cara cristalogr\u00e1fica u orientaci\u00f3n se presenta el mineral que est\u00e1 observado, aun habiendo perdido parte de su ehuadralidad o s\u00f3lo sea un fragmento.<\/p>\n<p>Finalmente se destaca que el an\u00e1lisis de minerales pesados es una t\u00e9cnica sensible y bien probada para determinar la procedencia y marco tect\u00f3nico de sedimentos cl\u00e1sticos. Tambi\u00e9n \u00fatil en la identificaci\u00f3n de discontinuidades litol\u00f3gicas y petrofacies. La factibilidad de realizar una determinaci\u00f3n a grano suelto en muchos casos es mucho m\u00e1s econ\u00f3mica, r\u00e1pida y al alcance de cualquier laboratorio sedimentol\u00f3gico respecto de un corte delgado de 30 micras.<\/p>\n<p><em><strong>Este E-Atlas se actualizar\u00e1 a medida que se cuenten con nuevas im\u00e1genes.<\/strong><\/em><\/p>\n<\/div><\/div><\/div><\/div><\/div>\n","protected":false},"excerpt":{"rendered":"","protected":false},"author":2,"featured_media":0,"parent":0,"menu_order":0,"comment_status":"closed","ping_status":"closed","template":"","meta":{"footnotes":""},"class_list":["post-2518","page","type-page","status-publish","hentry"],"_links":{"self":[{"href":"https:\/\/www.sedimentologia.org.ar\/spa\/wp-json\/wp\/v2\/pages\/2518","targetHints":{"allow":["GET"]}}],"collection":[{"href":"https:\/\/www.sedimentologia.org.ar\/spa\/wp-json\/wp\/v2\/pages"}],"about":[{"href":"https:\/\/www.sedimentologia.org.ar\/spa\/wp-json\/wp\/v2\/types\/page"}],"author":[{"embeddable":true,"href":"https:\/\/www.sedimentologia.org.ar\/spa\/wp-json\/wp\/v2\/users\/2"}],"replies":[{"embeddable":true,"href":"https:\/\/www.sedimentologia.org.ar\/spa\/wp-json\/wp\/v2\/comments?post=2518"}],"version-history":[{"count":23,"href":"https:\/\/www.sedimentologia.org.ar\/spa\/wp-json\/wp\/v2\/pages\/2518\/revisions"}],"predecessor-version":[{"id":2991,"href":"https:\/\/www.sedimentologia.org.ar\/spa\/wp-json\/wp\/v2\/pages\/2518\/revisions\/2991"}],"wp:attachment":[{"href":"https:\/\/www.sedimentologia.org.ar\/spa\/wp-json\/wp\/v2\/media?parent=2518"}],"curies":[{"name":"wp","href":"https:\/\/api.w.org\/{rel}","templated":true}]}}