{"id":25,"date":"2015-04-27T14:49:02","date_gmt":"2015-04-27T14:49:02","guid":{"rendered":"http:\/\/sedimentologia.org.ar\/spa\/?page_id=25"},"modified":"2025-03-27T19:56:52","modified_gmt":"2025-03-27T19:56:52","slug":"inicio","status":"publish","type":"page","link":"https:\/\/www.sedimentologia.org.ar\/spa\/","title":{"rendered":"Inicio"},"content":{"rendered":"<p><div class=\"fusion-fullwidth fullwidth-box fusion-builder-row-1 nonhundred-percent-fullwidth non-hundred-percent-height-scrolling\" style=\"--awb-background-position:left top;--awb-border-sizes-top:0px;--awb-border-sizes-bottom:0px;--awb-border-sizes-left:0px;--awb-border-sizes-right:0px;--awb-border-radius-top-left:0px;--awb-border-radius-top-right:0px;--awb-border-radius-bottom-right:0px;--awb-border-radius-bottom-left:0px;--awb-padding-top:20px;--awb-padding-right:0px;--awb-padding-bottom:0px;--awb-padding-left:0px;--awb-background-color:#ffffff;--awb-flex-wrap:wrap;\" ><div class=\"fusion-builder-row fusion-row\"><div class=\"fusion-layout-column fusion_builder_column fusion-builder-column-0 fusion_builder_column_2_5 2_5 fusion-two-fifth fusion-column-first\" style=\"--awb-bg-size:cover;width:37.6%; margin-right: 4%;\"><div class=\"fusion-column-wrapper fusion-flex-column-wrapper-legacy\"><div class=\"fusion-text fusion-text-1\"><p><a href=\"http:\/\/sedimentologia.org.ar\/spa\/wp-content\/uploads\/2015\/05\/back_user.jpg\"><img decoding=\"async\" class=\"alignnone size-full wp-image-774\" style=\"margin-bottom: -20px;\" src=\"http:\/\/sedimentologia.org.ar\/spa\/wp-content\/uploads\/2015\/04\/web_inicio_bienvenida.png\" alt=\"\" width=\"413\" height=\"394\" srcset=\"https:\/\/www.sedimentologia.org.ar\/spa\/wp-content\/uploads\/2015\/04\/web_inicio_bienvenida-52x50.png 52w, https:\/\/www.sedimentologia.org.ar\/spa\/wp-content\/uploads\/2015\/04\/web_inicio_bienvenida-300x286.png 300w, https:\/\/www.sedimentologia.org.ar\/spa\/wp-content\/uploads\/2015\/04\/web_inicio_bienvenida.png 413w\" sizes=\"(max-width: 413px) 100vw, 413px\" \/><\/a><\/p>\n<\/div><div class=\"fusion-clearfix\"><\/div><\/div><\/div><div class=\"fusion-layout-column fusion_builder_column fusion-builder-column-1 fusion_builder_column_3_5 3_5 fusion-three-fifth fusion-column-last\" style=\"--awb-padding-right:10px;--awb-padding-left:10px;--awb-bg-size:cover;width:58.4%;\"><div class=\"fusion-column-wrapper fusion-flex-column-wrapper-legacy\"><div class=\"fusion-column-content-centered\"><div class=\"fusion-column-content\"><div class=\"fusion-text fusion-text-2\"><h1><span style=\"color: #006152;\">\u00a1Bienvenidos!<\/span><\/h1>\n<p>La AAS (Asociaci\u00f3n Argentina de Sedimentolog\u00eda) es una asociaci\u00f3n sin fines de lucro, con personer\u00eda jur\u00eddica argentina, y con base en La Plata, Argentina. A trav\u00e9s de su red de socios nacionales e internacionales, la Asociaci\u00f3n se dedica a la difusi\u00f3n de informaci\u00f3n cient\u00edfica sobre sedimentolog\u00eda, estratigraf\u00eda, ciencias ambientales, geolog\u00eda marina y de costas, geolog\u00eda del Cuaternario, y muchas otras disciplinas relacionadas.<br \/>\nLa Asociaci\u00f3n ayuda a los miembros en sus objetivos profesionales mediante la publicaci\u00f3n de una Revista Cient\u00edfica, el Latin American Journal of Sedimentology and Basin Analysis (LAJSBA) adem\u00e1s de proponer conferencias t\u00e9cnicas, cursos de actualizaci\u00f3n y publicaciones especiales. A trav\u00e9s de las publicaciones, reuniones cient\u00edficas y otras actividades los miembros de la Asociaci\u00f3n obtienen e intercambian informaci\u00f3n pertinente a sus respectivas especialidades geol\u00f3gicas.<\/p>\n<\/div><\/div><\/div><div class=\"fusion-clearfix\"><\/div><\/div><\/div><\/div><\/div><div class=\"fusion-fullwidth fullwidth-box fusion-builder-row-2 hundred-percent-fullwidth non-hundred-percent-height-scrolling\" style=\"--awb-border-radius-top-left:0px;--awb-border-radius-top-right:0px;--awb-border-radius-bottom-right:0px;--awb-border-radius-bottom-left:0px;--awb-overflow:visible;--awb-padding-right:30px;--awb-padding-left:30px;--awb-margin-top:20px;--awb-background-color:rgba(255,255,255,0);--awb-flex-wrap:wrap;\" ><div class=\"fusion-builder-row fusion-row\"><div class=\"fusion-layout-column fusion_builder_column fusion-builder-column-2 fusion_builder_column_1_1 1_1 fusion-one-full fusion-column-first fusion-column-last fusion-column-no-min-height\" style=\"--awb-bg-size:cover;--awb-margin-bottom:0px;\"><div class=\"fusion-column-wrapper fusion-flex-column-wrapper-legacy\"><div class=\"fusion-sep-clear\"><\/div><div class=\"fusion-separator fusion-full-width-sep\" style=\"margin-left: auto;margin-right: auto;width:100%;\"><\/div><div class=\"fusion-sep-clear\"><\/div><div class=\"fusion-clearfix\"><\/div><\/div><\/div><\/div><\/div><div class=\"fusion-fullwidth fullwidth-box fusion-builder-row-3 nonhundred-percent-fullwidth non-hundred-percent-height-scrolling\" style=\"--awb-background-position:left top;--awb-border-sizes-top:0px;--awb-border-sizes-bottom:0px;--awb-border-sizes-left:0px;--awb-border-sizes-right:0px;--awb-border-radius-top-left:0px;--awb-border-radius-top-right:0px;--awb-border-radius-bottom-right:0px;--awb-border-radius-bottom-left:0px;--awb-padding-top:0px;--awb-padding-right:0px;--awb-padding-bottom:30px;--awb-padding-left:0px;--awb-background-color:#d7dfdd;--awb-flex-wrap:wrap;\" ><div class=\"fusion-builder-row fusion-row\"><div class=\"fusion-layout-column fusion_builder_column fusion-builder-column-3 fusion_builder_column_2_5 2_5 fusion-two-fifth fusion-column-first\" style=\"--awb-bg-size:cover;--awb-margin-bottom:0px;width:37.6%; margin-right: 4%;\"><div class=\"fusion-column-wrapper fusion-flex-column-wrapper-legacy\"><div class=\"fusion-column-content-centered\"><div class=\"fusion-column-content\"><div class=\"fusion-text fusion-text-3\"><p><a href=\"https:\/\/ras2025.congresos.unc.edu.ar\/\"><img decoding=\"async\" class=\"alignnone size-medium wp-image-3037\" src=\"https:\/\/www.sedimentologia.org.ar\/spa\/wp-content\/uploads\/2025\/03\/LOGORASFINAL-300x131.png\" alt=\"\" width=\"300\" height=\"131\" \/><\/a><\/p>\n<\/div><\/div><\/div><div class=\"fusion-clearfix\"><\/div><\/div><\/div><div class=\"fusion-layout-column fusion_builder_column fusion-builder-column-4 fusion_builder_column_3_5 3_5 fusion-three-fifth fusion-column-last\" style=\"--awb-padding-right:10px;--awb-padding-left:10px;--awb-bg-size:cover;width:58.4%;\"><div class=\"fusion-column-wrapper fusion-flex-column-wrapper-legacy\"><div class=\"fusion-sep-clear\"><\/div><div class=\"fusion-separator fusion-full-width-sep\" style=\"margin-left: auto;margin-right: auto;margin-top:20px;width:100%;\"><div class=\"fusion-separator-border sep-double\" style=\"--awb-height:20px;--awb-amount:20px;border-color:#e0dede;border-top-width:1px;border-bottom-width:1px;\"><\/div><\/div><div class=\"fusion-sep-clear\"><\/div><div class=\"fusion-sep-clear\"><\/div><div class=\"fusion-separator fusion-full-width-sep\" style=\"margin-left: auto;margin-right: auto;margin-top:10px;width:100%;\"><div class=\"fusion-separator-border sep-double\" style=\"--awb-height:20px;--awb-amount:20px;border-color:#e0dede;border-top-width:0px;border-bottom-width:0px;\"><\/div><\/div><div class=\"fusion-sep-clear\"><\/div><div class=\"fusion-text fusion-text-4\"><h2 class=\"title-heading-left\"><a href=\"https:\/\/ras2025.congresos.unc.edu.ar\/\"><strong>XIX Reuni\u00f3n Argentina de Sedimentolog\u00eda<\/strong><\/a><\/h2>\n<h3><span style=\"color: #000000;\">\u00abLa Sedimentolog\u00eda en la Era de la Ciencia de Datos\u00bb<\/span><\/h3>\n<p><span style=\"color: #000000;\">Los recursos tecnol\u00f3gicos disponibles actualmente en Ciencias de la Tierra permiten obtener y almacenar inmensa cantidad de datos. El uso de algoritmos, y m\u00e9todos computacionales automatizados permiten realizar el tratamiento complejo de gran cantidad de informaci\u00f3n de manera veloz, facilitando la identificaci\u00f3n de patrones, para realizar clasificaciones, predicciones y modelos.<\/span><\/p>\n<p><span style=\"color: #000000;\">Los invitamos a participar de la XIX Reuni\u00f3n Argentina de Sedimentolog\u00eda (RAS), a realizarse en la ciudad de C\u00f3rdoba durante el mes de septiembre de 2025.<\/span><\/p>\n<p><span style=\"color: #0000ff;\"><strong>Ya pod\u00e9s enviar tu resumen:<\/strong><\/span>\u00a0<a href=\"https:\/\/ras2025.congresos.unc.edu.ar\/resumenes\/\">https:\/\/ras2025.congresos.unc.edu.ar\/resumenes\/<\/a><\/p>\n<\/div><div class=\"fusion-clearfix\"><\/div><\/div><\/div><\/div><\/div><div class=\"fusion-fullwidth fullwidth-box fusion-builder-row-4 hundred-percent-fullwidth non-hundred-percent-height-scrolling\" style=\"--awb-border-radius-top-left:0px;--awb-border-radius-top-right:0px;--awb-border-radius-bottom-right:0px;--awb-border-radius-bottom-left:0px;--awb-overflow:visible;--awb-padding-right:30px;--awb-padding-left:30px;--awb-margin-top:20px;--awb-background-color:rgba(255,255,255,0);--awb-flex-wrap:wrap;\" ><div class=\"fusion-builder-row fusion-row\"><div class=\"fusion-layout-column fusion_builder_column fusion-builder-column-5 fusion_builder_column_1_1 1_1 fusion-one-full fusion-column-first fusion-column-last fusion-column-no-min-height\" style=\"--awb-bg-size:cover;--awb-margin-bottom:0px;\"><div class=\"fusion-column-wrapper fusion-flex-column-wrapper-legacy\"><div class=\"fusion-sep-clear\"><\/div><div class=\"fusion-separator fusion-full-width-sep\" style=\"margin-left: auto;margin-right: auto;width:100%;\"><\/div><div class=\"fusion-sep-clear\"><\/div><div class=\"fusion-clearfix\"><\/div><\/div><\/div><\/div><\/div><div class=\"fusion-fullwidth fullwidth-box fusion-builder-row-5 nonhundred-percent-fullwidth non-hundred-percent-height-scrolling\" style=\"--awb-background-position:left top;--awb-border-sizes-top:0px;--awb-border-sizes-bottom:0px;--awb-border-sizes-left:0px;--awb-border-sizes-right:0px;--awb-border-radius-top-left:0px;--awb-border-radius-top-right:0px;--awb-border-radius-bottom-right:0px;--awb-border-radius-bottom-left:0px;--awb-padding-top:0px;--awb-padding-bottom:0px;--awb-flex-wrap:wrap;\" ><div class=\"fusion-builder-row fusion-row\"><div class=\"fusion-layout-column fusion_builder_column fusion-builder-column-6 fusion_builder_column_1_3 1_3 fusion-one-third fusion-column-first\" style=\"--awb-padding-top:20px;--awb-padding-right:20px;--awb-padding-bottom:20px;--awb-padding-left:20px;--awb-bg-size:cover;width:30.6666%; margin-right: 4%;\"><div class=\"fusion-column-wrapper fusion-flex-column-wrapper-legacy\"><div class=\"fusion-column-content-centered\"><div class=\"fusion-column-content\"><div class=\"fusion-text fusion-text-5\"><p style=\"text-align: center;\"><a href=\"http:\/\/sedimentologia.org.ar\/spa\/formulario-de-inscripcion\/\"><img decoding=\"async\" class=\"alignnone wp-image-782 size-full\" src=\"http:\/\/sedimentologia.org.ar\/spa\/wp-content\/uploads\/2015\/04\/circle_inscripcion.png\" alt=\"circle_inscripcion\" width=\"225\" height=\"225\" srcset=\"https:\/\/www.sedimentologia.org.ar\/spa\/wp-content\/uploads\/2015\/04\/circle_inscripcion-66x66.png 66w, https:\/\/www.sedimentologia.org.ar\/spa\/wp-content\/uploads\/2015\/04\/circle_inscripcion-150x150.png 150w, https:\/\/www.sedimentologia.org.ar\/spa\/wp-content\/uploads\/2015\/04\/circle_inscripcion.png 225w\" sizes=\"(max-width: 225px) 100vw, 225px\" \/><\/a><\/p>\n<h2 style=\"text-align: center;\">As\u00f3ciate a la AAS<\/h2>\n<p style=\"text-align: center;\">Completa nuestro formulario de inscripci\u00f3n para formar parte de la AAS.<br \/>\n<strong><span style=\"color: #006152;\"><a style=\"color: #006152;\" href=\"http:\/\/sedimentologia.org.ar\/spa\/formulario-de-inscripcion\/\">Ingresar &gt;<\/a><\/span><\/strong><\/p>\n<\/div><\/div><\/div><div class=\"fusion-clearfix\"><\/div><\/div><\/div><div class=\"fusion-layout-column fusion_builder_column fusion-builder-column-7 fusion_builder_column_1_3 1_3 fusion-one-third\" style=\"--awb-padding-top:20px;--awb-padding-right:20px;--awb-padding-bottom:20px;--awb-padding-left:20px;--awb-bg-size:cover;width:30.6666%; margin-right: 4%;\"><div class=\"fusion-column-wrapper fusion-flex-column-wrapper-legacy\"><div class=\"fusion-text fusion-text-6\"><p style=\"text-align: center;\"><a href=\"http:\/\/sedimentologia.org.ar\/spa\/atlas-aas\/\"><img decoding=\"async\" class=\"alignnone size-full wp-image-877\" src=\"http:\/\/sedimentologia.org.ar\/spa\/wp-content\/uploads\/2015\/05\/circle_martillo.png\" alt=\"circle_martillo\" width=\"225\" height=\"225\" srcset=\"https:\/\/www.sedimentologia.org.ar\/spa\/wp-content\/uploads\/2015\/05\/circle_martillo-66x66.png 66w, https:\/\/www.sedimentologia.org.ar\/spa\/wp-content\/uploads\/2015\/05\/circle_martillo-150x150.png 150w, https:\/\/www.sedimentologia.org.ar\/spa\/wp-content\/uploads\/2015\/05\/circle_martillo.png 225w\" sizes=\"(max-width: 225px) 100vw, 225px\" \/><\/a><\/p>\n<h2 style=\"text-align: center;\">Atlas de Estructuras Sedimentarias<\/h2>\n<p style=\"text-align: center;\">\u00c1mbito de discusi\u00f3n y base de datos fotogr\u00e1fica con fines educativos.<br \/>\n<strong><span style=\"color: #006152;\"><a style=\"color: #006152;\" href=\"http:\/\/sedimentologia.org.ar\/spa\/atlas-aas\/\">Ingresar &gt;<\/a><\/span><\/strong><\/p>\n<\/div><div class=\"fusion-clearfix\"><\/div><\/div><\/div><div class=\"fusion-layout-column fusion_builder_column fusion-builder-column-8 fusion_builder_column_1_3 1_3 fusion-one-third fusion-column-last\" style=\"--awb-padding-top:20px;--awb-padding-right:20px;--awb-padding-bottom:20px;--awb-padding-left:20px;--awb-bg-size:cover;width:30.6666%;\"><div class=\"fusion-column-wrapper fusion-flex-column-wrapper-legacy\"><div class=\"fusion-text fusion-text-7\"><p style=\"text-align: center;\"><a href=\"http:\/\/sedimentologia.org.ar\/spa\/cursos\/\"><img decoding=\"async\" class=\"alignnone size-full wp-image-909\" src=\"http:\/\/sedimentologia.org.ar\/spa\/wp-content\/uploads\/2015\/04\/circles_cursos.png\" alt=\"circles_cursos\" width=\"225\" height=\"225\" srcset=\"https:\/\/www.sedimentologia.org.ar\/spa\/wp-content\/uploads\/2015\/04\/circles_cursos-66x66.png 66w, https:\/\/www.sedimentologia.org.ar\/spa\/wp-content\/uploads\/2015\/04\/circles_cursos-150x150.png 150w, https:\/\/www.sedimentologia.org.ar\/spa\/wp-content\/uploads\/2015\/04\/circles_cursos.png 225w\" sizes=\"(max-width: 225px) 100vw, 225px\" \/><\/a><\/p>\n<h2 style=\"text-align: center;\">Cursos<\/h2>\n<p style=\"text-align: center;\">Organizados y auspiciados por la Asociaci\u00f3n Argentina de Sedimentolog\u00eda.<br \/>\n<strong><span style=\"color: #006152;\"><a style=\"color: #006152;\" href=\"http:\/\/sedimentologia.org.ar\/spa\/cursos\/\">Ingresar &gt;<\/a><\/span><\/strong><\/p>\n<\/div><div class=\"fusion-clearfix\"><\/div><\/div><\/div><\/div><\/div><div class=\"fusion-fullwidth fullwidth-box fusion-builder-row-6 nonhundred-percent-fullwidth non-hundred-percent-height-scrolling\" style=\"--awb-background-position:left top;--awb-border-sizes-top:0px;--awb-border-sizes-bottom:0px;--awb-border-sizes-left:0px;--awb-border-sizes-right:0px;--awb-border-radius-top-left:0px;--awb-border-radius-top-right:0px;--awb-border-radius-bottom-right:0px;--awb-border-radius-bottom-left:0px;--awb-padding-top:20px;--awb-padding-right:0px;--awb-padding-bottom:20px;--awb-padding-left:0px;--awb-background-color:#a0cc40;--awb-flex-wrap:wrap;\" ><div class=\"fusion-builder-row fusion-row\"><div class=\"fusion-layout-column fusion_builder_column fusion-builder-column-9 fusion_builder_column_2_5 2_5 fusion-two-fifth fusion-column-first\" style=\"--awb-bg-size:cover;width:37.6%; margin-right: 4%;\"><div class=\"fusion-column-wrapper fusion-flex-column-wrapper-legacy\"><div class=\"fusion-text fusion-text-8\"><p><img decoding=\"async\" class=\"alignnone wp-image-803 size-full\" style=\"margin-bottom: -40px;\" src=\"http:\/\/sedimentologia.org.ar\/spa\/wp-content\/uploads\/2015\/04\/inicio_LAJSBA.png\" alt=\"inicio_LAJSBA\" width=\"413\" height=\"440\" srcset=\"https:\/\/www.sedimentologia.org.ar\/spa\/wp-content\/uploads\/2015\/04\/inicio_LAJSBA-282x300.png 282w, https:\/\/www.sedimentologia.org.ar\/spa\/wp-content\/uploads\/2015\/04\/inicio_LAJSBA.png 413w\" sizes=\"(max-width: 413px) 100vw, 413px\" \/><\/p>\n<\/div><div class=\"fusion-clearfix\"><\/div><\/div><\/div><div class=\"fusion-layout-column fusion_builder_column fusion-builder-column-10 fusion_builder_column_3_5 3_5 fusion-three-fifth fusion-column-last\" style=\"--awb-padding-right:10px;--awb-padding-left:10px;--awb-bg-size:cover;width:58.4%;\"><div class=\"fusion-column-wrapper fusion-flex-column-wrapper-legacy\"><div class=\"fusion-text fusion-text-9\"><h1><span style=\"color: #333333;\">Latin American Journal of Sedimentology and Basin Analysis<\/span><\/h1>\n<p><span style=\"color: #006152;\">Una publicaci\u00f3n electr\u00f3nica que difunde <span class=\"texto\">contribuciones originales, revisiones y notas t\u00e9cnicas relacionadas con todos los aspectos de la sedimentolog\u00eda&#8230; rocas sedimentarias, an\u00e1lisis de cuencas, din\u00e1mica sedimentaria y disciplinas asociadas<\/span>.<\/span><\/p>\n<p><div class=\"fusion-alignleft\"><a class=\"fusion-button button-flat fusion-button-default-size button-custom fusion-button-default button-1 fusion-button-default-span fusion-button-default-type\" style=\"--button_accent_color:#ffffff;--button_accent_hover_color:#ffffff;--button_border_hover_color:#ffffff;--button_border_width-top:0px;--button_border_width-right:0px;--button_border_width-bottom:0px;--button_border_width-left:0px;--button_gradient_top_color:#006253;--button_gradient_bottom_color:#006253;--button_gradient_top_color_hover:#333333;--button_gradient_bottom_color_hover:#333333;\" target=\"_self\" href=\"http:\/\/sedimentologia.org.ar\/spa\/revista\/\"><span class=\"fusion-button-text\">INGRESAR A LAJSBA<\/span><\/a><\/div>\n<div class=\"fusion-sep-clear\"><\/div><div class=\"fusion-separator fusion-full-width-sep\" style=\"margin-left: auto;margin-right: auto;margin-top:0px;margin-bottom:0px;width:100%;\"><\/div><div class=\"fusion-sep-clear\"><\/div><\/p>\n<\/div><div class=\"fusion-clearfix\"><\/div><\/div><\/div><\/div><\/div><div class=\"fusion-fullwidth fullwidth-box fusion-builder-row-7 nonhundred-percent-fullwidth non-hundred-percent-height-scrolling\" style=\"--awb-background-position:left top;--awb-border-sizes-top:0px;--awb-border-sizes-bottom:0px;--awb-border-sizes-left:0px;--awb-border-sizes-right:0px;--awb-border-radius-top-left:0px;--awb-border-radius-top-right:0px;--awb-border-radius-bottom-right:0px;--awb-border-radius-bottom-left:0px;--awb-padding-top:20px;--awb-padding-right:0px;--awb-padding-bottom:20px;--awb-padding-left:0px;--awb-flex-wrap:wrap;\" ><div class=\"fusion-builder-row fusion-row\"><\/div><\/div><div class=\"fusion-fullwidth fullwidth-box fusion-builder-row-8 nonhundred-percent-fullwidth non-hundred-percent-height-scrolling\" style=\"--awb-background-position:left top;--awb-border-sizes-top:0px;--awb-border-sizes-bottom:0px;--awb-border-sizes-left:0px;--awb-border-sizes-right:0px;--awb-border-radius-top-left:0px;--awb-border-radius-top-right:0px;--awb-border-radius-bottom-right:0px;--awb-border-radius-bottom-left:0px;--awb-padding-top:0px;--awb-padding-right:0px;--awb-padding-bottom:0px;--awb-padding-left:0px;--awb-flex-wrap:wrap;\" ><div class=\"fusion-builder-row fusion-row\"><div class=\"fusion-layout-column fusion_builder_column fusion-builder-column-11 fusion_builder_column_4_5 4_5 fusion-four-fifth fusion-column-first\" style=\"--awb-bg-size:cover;--awb-margin-top:-10px;width:79.2%; margin-right: 4%;\"><div class=\"fusion-column-wrapper fusion-flex-column-wrapper-legacy\"><div class=\"fusion-text fusion-text-10\"><p>Contribuye con la AAS<\/p>\n<p><img decoding=\"async\" class=\"alignnone wp-image-818 size-full\" src=\"http:\/\/sedimentologia.org.ar\/spa\/wp-content\/uploads\/2015\/04\/pluspetrol.jpg\" alt=\"pluspetrol\" width=\"230\" height=\"83\" \/><\/p>\n<\/div><div class=\"fusion-clearfix\"><\/div><\/div><\/div><div class=\"fusion-layout-column fusion_builder_column fusion-builder-column-12 fusion_builder_column_1_5 1_5 fusion-one-fifth fusion-column-last\" style=\"--awb-bg-size:cover;--awb-margin-bottom:10px;width:16.8%;\"><div class=\"fusion-column-wrapper fusion-flex-column-wrapper-legacy\"><div class=\"fusion-text fusion-text-11\"><p><a href=\"http:\/\/sedimentologia.org.ar\/spa\/wp-content\/uploads\/2015\/04\/DATAWEB1.jpg\" target=\"_blank\" rel=\"noopener noreferrer\"><img decoding=\"async\" class=\"alignnone wp-image-1066\" src=\"http:\/\/sedimentologia.org.ar\/spa\/wp-content\/uploads\/2015\/04\/DATAWEB1.jpg\" alt=\"\" width=\"80\" height=\"109\" srcset=\"https:\/\/www.sedimentologia.org.ar\/spa\/wp-content\/uploads\/2015\/04\/DATAWEB1-219x300.jpg 219w, https:\/\/www.sedimentologia.org.ar\/spa\/wp-content\/uploads\/2015\/04\/DATAWEB1.jpg 239w\" sizes=\"(max-width: 80px) 100vw, 80px\" \/><\/a><\/p>\n<\/div><div class=\"fusion-clearfix\"><\/div><\/div><\/div><\/div><\/div><\/p>\n","protected":false},"excerpt":{"rendered":"","protected":false},"author":2,"featured_media":0,"parent":0,"menu_order":0,"comment_status":"open","ping_status":"closed","template":"100-width.php","meta":{"footnotes":""},"class_list":["post-25","page","type-page","status-publish","hentry"],"_links":{"self":[{"href":"https:\/\/www.sedimentologia.org.ar\/spa\/wp-json\/wp\/v2\/pages\/25","targetHints":{"allow":["GET"]}}],"collection":[{"href":"https:\/\/www.sedimentologia.org.ar\/spa\/wp-json\/wp\/v2\/pages"}],"about":[{"href":"https:\/\/www.sedimentologia.org.ar\/spa\/wp-json\/wp\/v2\/types\/page"}],"author":[{"embeddable":true,"href":"https:\/\/www.sedimentologia.org.ar\/spa\/wp-json\/wp\/v2\/users\/2"}],"replies":[{"embeddable":true,"href":"https:\/\/www.sedimentologia.org.ar\/spa\/wp-json\/wp\/v2\/comments?post=25"}],"version-history":[{"count":116,"href":"https:\/\/www.sedimentologia.org.ar\/spa\/wp-json\/wp\/v2\/pages\/25\/revisions"}],"predecessor-version":[{"id":3094,"href":"https:\/\/www.sedimentologia.org.ar\/spa\/wp-json\/wp\/v2\/pages\/25\/revisions\/3094"}],"wp:attachment":[{"href":"https:\/\/www.sedimentologia.org.ar\/spa\/wp-json\/wp\/v2\/media?parent=25"}],"curies":[{"name":"wp","href":"https:\/\/api.w.org\/{rel}","templated":true}]}}