{"id":209,"date":"2015-05-03T18:51:13","date_gmt":"2015-05-03T18:51:13","guid":{"rendered":"http:\/\/sedimentologia.org.ar\/spa\/?page_id=209"},"modified":"2020-11-23T11:27:20","modified_gmt":"2020-11-23T11:27:20","slug":"volumen-12-2005","status":"publish","type":"page","link":"https:\/\/www.sedimentologia.org.ar\/spa\/revista\/volumen-12-2005\/","title":{"rendered":"Volumen 12 | 2005"},"content":{"rendered":"<p><a href=\"http:\/\/sedimentologia.org.ar\/spa\/wp-content\/uploads\/2015\/05\/LAJSBA_12-1.png\"><img decoding=\"async\" class=\"alignnone size-full wp-image-244\" src=\"http:\/\/sedimentologia.org.ar\/spa\/wp-content\/uploads\/2015\/05\/LAJSBA_12-1.png\" alt=\"LAJSBA_12-1\" width=\"300\" height=\"300\" srcset=\"https:\/\/www.sedimentologia.org.ar\/spa\/wp-content\/uploads\/2015\/05\/LAJSBA_12-1-66x66.png 66w, https:\/\/www.sedimentologia.org.ar\/spa\/wp-content\/uploads\/2015\/05\/LAJSBA_12-1-150x150.png 150w, https:\/\/www.sedimentologia.org.ar\/spa\/wp-content\/uploads\/2015\/05\/LAJSBA_12-1.png 300w\" sizes=\"(max-width: 300px) 100vw, 300px\" \/><\/a><\/p>\n<h2 style=\"text-align: left;\"><strong>Volumen 12 &#8211; N\u00famero 1 <\/strong>| Julio 2005<\/h2>\n<p><div class=\"fusion-fullwidth fullwidth-box fusion-builder-row-1 hundred-percent-fullwidth non-hundred-percent-height-scrolling\" style=\"--awb-border-radius-top-left:0px;--awb-border-radius-top-right:0px;--awb-border-radius-bottom-right:0px;--awb-border-radius-bottom-left:0px;--awb-overflow:visible;--awb-margin-top:-15px;--awb-margin-bottom:5px;--awb-background-color:rgba(255,255,255,0);--awb-flex-wrap:wrap;\" ><div class=\"fusion-builder-row fusion-row\"><div class=\"fusion-layout-column fusion_builder_column fusion-builder-column-0 fusion_builder_column_1_1 1_1 fusion-one-full fusion-column-first fusion-column-last fusion-column-no-min-height\" style=\"--awb-bg-size:cover;--awb-margin-bottom:0px;\"><div class=\"fusion-column-wrapper fusion-flex-column-wrapper-legacy\"><div class=\"fusion-sep-clear\"><\/div><div class=\"fusion-separator fusion-full-width-sep\" style=\"margin-left: auto;margin-right: auto;width:100%;\"><div class=\"fusion-separator-border sep-single sep-solid\" style=\"--awb-height:20px;--awb-amount:20px;border-color:#e0dede;border-top-width:1px;\"><\/div><\/div><div class=\"fusion-sep-clear\"><\/div>\n<p><em><strong>Editor:<\/strong> Gerardo M. E. Perillo <\/em>| <em>120 p\u00e1ginas<\/em><\/p>\n<div class=\"fusion-clearfix\"><\/div><\/div><\/div><\/div><\/div><div class=\"fusion-fullwidth fullwidth-box fusion-builder-row-2 hundred-percent-fullwidth non-hundred-percent-height-scrolling\" style=\"--awb-border-radius-top-left:0px;--awb-border-radius-top-right:0px;--awb-border-radius-bottom-right:0px;--awb-border-radius-bottom-left:0px;--awb-overflow:visible;--awb-margin-top:0px;--awb-margin-bottom:20px;--awb-background-color:rgba(255,255,255,0);--awb-flex-wrap:wrap;\" ><div class=\"fusion-builder-row fusion-row\"><div class=\"fusion-layout-column fusion_builder_column fusion-builder-column-1 fusion_builder_column_1_1 1_1 fusion-one-full fusion-column-first fusion-column-last fusion-column-no-min-height\" style=\"--awb-bg-size:cover;--awb-margin-bottom:0px;\"><div class=\"fusion-column-wrapper fusion-flex-column-wrapper-legacy\"><div class=\"fusion-sep-clear\"><\/div><div class=\"fusion-separator fusion-full-width-sep\" style=\"margin-left: auto;margin-right: auto;width:100%;\"><\/div><div class=\"fusion-sep-clear\"><\/div>\n<div class=\"fusion-clearfix\"><\/div><\/div><\/div><\/div><\/div><div class=\"fusion-fullwidth fullwidth-box fusion-builder-row-3 hundred-percent-fullwidth non-hundred-percent-height-scrolling\" style=\"--awb-border-radius-top-left:0px;--awb-border-radius-top-right:0px;--awb-border-radius-bottom-right:0px;--awb-border-radius-bottom-left:0px;--awb-overflow:visible;--awb-flex-wrap:wrap;\" ><div class=\"fusion-builder-row fusion-row\"><div class=\"fusion-layout-column fusion_builder_column fusion-builder-column-2 fusion_builder_column_1_1 1_1 fusion-one-full fusion-column-first fusion-column-last fusion-column-no-min-height\" style=\"--awb-bg-size:cover;--awb-margin-bottom:0px;\"><div class=\"fusion-column-wrapper fusion-flex-column-wrapper-legacy\"><div class=\"fusion-title title fusion-title-1 fusion-title-text fusion-title-size-three\"><h3 class=\"fusion-title-heading title-heading-left\" style=\"margin:0;\">CONTENIDO<\/h3><span class=\"awb-title-spacer\"><\/span><div class=\"title-sep-container\"><div class=\"title-sep sep-single sep-solid\" style=\"border-color:#e0dede;\"><\/div><\/div><\/div>\n<p><strong>MORPHOLOGY AND FORMATION OF GLASSY VOLCANIC ASH FROM THE AUGUST 12-15, 1991 ERUPTION OF HUDSON VOLCANO, CHILE<br \/>\n<\/strong><em>Roberto A. Scasso and Steven Carey<\/em><\/p>\n<div class=\"fusion-alignleft\"><a class=\"fusion-button button-flat button-small button-custom fusion-button-default button-1 fusion-button-default-span \" style=\"--button_accent_color:#81d742;--button_accent_hover_color:#ffffff;--button_border_hover_color:#ffffff;--button_border_width-top:1px;--button_border_width-right:1px;--button_border_width-bottom:1px;--button_border_width-left:1px;--button-border-radius-top-left:0px;--button-border-radius-top-right:0px;--button-border-radius-bottom-right:0px;--button-border-radius-bottom-left:0px;--button_gradient_top_color:#ffffff;--button_gradient_bottom_color:#ffffff;--button_gradient_top_color_hover:#006253;--button_gradient_bottom_color_hover:#006253;\" target=\"_blank\" rel=\"noopener noreferrer\" href=\"http:\/\/www.scielo.org.ar\/scielo.php?script=sci_arttext&amp;pid=S1851-49792005000100002&amp;lng=es&amp;nrm=iso&amp;tlng=en\"><span class=\"fusion-button-text\">VER EN SCIELO<\/span><\/a><\/div>\n<div class=\"fusion-sep-clear\"><\/div><div class=\"fusion-separator fusion-full-width-sep\" style=\"margin-left: auto;margin-right: auto;margin-top:10px;margin-bottom:25px;width:100%;\"><\/div><div class=\"fusion-sep-clear\"><\/div>\n<p><strong>EROSIVE PROCESSES DUE TO PHYSICAL-BIOLOGICAL INTERACTIONS BASED IN A CELLULAR AUTOMATA MODEL<\/strong><br \/>\n<em>Dar\u00edo R. Minkoff, C. Mauricio Escapa, F\u00e9lix E. Ferramola and Gerardo M. E. Perillo<\/em><\/p>\n<div class=\"fusion-alignleft\"><a class=\"fusion-button button-flat button-small button-custom fusion-button-default button-2 fusion-button-default-span \" style=\"--button_accent_color:#81d742;--button_accent_hover_color:#ffffff;--button_border_hover_color:#ffffff;--button_border_width-top:1px;--button_border_width-right:1px;--button_border_width-bottom:1px;--button_border_width-left:1px;--button-border-radius-top-left:0px;--button-border-radius-top-right:0px;--button-border-radius-bottom-right:0px;--button-border-radius-bottom-left:0px;--button_gradient_top_color:#ffffff;--button_gradient_bottom_color:#ffffff;--button_gradient_top_color_hover:#006253;--button_gradient_bottom_color_hover:#006253;\" target=\"_blank\" rel=\"noopener noreferrer\" href=\"http:\/\/www.scielo.org.ar\/scielo.php?script=sci_arttext&amp;pid=S1851-49792005000100003&amp;lng=es&amp;nrm=iso&amp;tlng=en\"><span class=\"fusion-button-text\">VER EN SCIELO<\/span><\/a><\/div>\n<div class=\"fusion-sep-clear\"><\/div><div class=\"fusion-separator fusion-full-width-sep\" style=\"margin-left: auto;margin-right: auto;margin-top:10px;margin-bottom:25px;width:100%;\"><\/div><div class=\"fusion-sep-clear\"><\/div>\n<p><strong>TRAVERTINOS Y JASPEROIDES DE MANANTIAL ESPEJO, UN AMBIENTE HOT SPRING JUR\u00c1SICO. MACIZO DEL DESEADO, PROVINCIA DE SANTA CRUZ, ARGENTINA<\/strong><br \/>\n<em>Horacio Echeveste<\/em><\/p>\n<div class=\"fusion-alignleft\"><a class=\"fusion-button button-flat button-small button-custom fusion-button-default button-3 fusion-button-default-span \" style=\"--button_accent_color:#81d742;--button_accent_hover_color:#ffffff;--button_border_hover_color:#ffffff;--button_border_width-top:1px;--button_border_width-right:1px;--button_border_width-bottom:1px;--button_border_width-left:1px;--button-border-radius-top-left:0px;--button-border-radius-top-right:0px;--button-border-radius-bottom-right:0px;--button-border-radius-bottom-left:0px;--button_gradient_top_color:#ffffff;--button_gradient_bottom_color:#ffffff;--button_gradient_top_color_hover:#006253;--button_gradient_bottom_color_hover:#006253;\" target=\"_blank\" rel=\"noopener noreferrer\" href=\"http:\/\/www.scielo.org.ar\/scielo.php?script=sci_arttext&amp;pid=S1851-49792005000100004&amp;lng=es&amp;nrm=iso&amp;tlng=es\"><span class=\"fusion-button-text\">VER EN SCIELO<\/span><\/a><\/div>\n<div class=\"fusion-sep-clear\"><\/div><div class=\"fusion-separator fusion-full-width-sep\" style=\"margin-left: auto;margin-right: auto;margin-top:10px;margin-bottom:25px;width:100%;\"><\/div><div class=\"fusion-sep-clear\"><\/div>\n<p><strong>DISCUSI\u00d3N A: ASPECTOS SEDIMENTOL\u00d3GICOS DE ARENAS E\u00d3LICAS DEL PLEISTOCENO TARD\u00cdO-HOLOCENO DE LA PROVINCIA DE LA PAMPA (MANUEL SZELAGOWSKI , MARCELO Z\u00c1RATE Y ADRIANA BLASI. AAS REVISTA 2004, 11(2):69-83)<\/strong><br \/>\n<em>Mart\u00edn Iriondo<\/em><\/p>\n<div class=\"fusion-alignleft\"><a class=\"fusion-button button-flat button-small button-custom fusion-button-default button-4 fusion-button-default-span \" style=\"--button_accent_color:#81d742;--button_accent_hover_color:#ffffff;--button_border_hover_color:#ffffff;--button_border_width-top:1px;--button_border_width-right:1px;--button_border_width-bottom:1px;--button_border_width-left:1px;--button-border-radius-top-left:0px;--button-border-radius-top-right:0px;--button-border-radius-bottom-right:0px;--button-border-radius-bottom-left:0px;--button_gradient_top_color:#ffffff;--button_gradient_bottom_color:#ffffff;--button_gradient_top_color_hover:#006253;--button_gradient_bottom_color_hover:#006253;\" target=\"_blank\" rel=\"noopener noreferrer\" href=\"http:\/\/www.scielo.org.ar\/scielo.php?script=sci_arttext&amp;pid=S1851-49792005000100005&amp;lng=es&amp;nrm=iso&amp;tlng=es\"><span class=\"fusion-button-text\">VER EN SCIELO<\/span><\/a><\/div>\n<div class=\"fusion-sep-clear\"><\/div><div class=\"fusion-separator fusion-full-width-sep\" style=\"margin-left: auto;margin-right: auto;margin-top:40px;margin-bottom:40px;width:100%;\"><\/div><div class=\"fusion-sep-clear\"><\/div>\n<p><a href=\"http:\/\/sedimentologia.org.ar\/spa\/wp-content\/uploads\/2015\/05\/LAJSBA_12-2.png\"><img decoding=\"async\" class=\"alignnone size-full wp-image-245\" src=\"http:\/\/sedimentologia.org.ar\/spa\/wp-content\/uploads\/2015\/05\/LAJSBA_12-2.png\" alt=\"LAJSBA_12-2\" width=\"300\" height=\"300\" srcset=\"https:\/\/www.sedimentologia.org.ar\/spa\/wp-content\/uploads\/2015\/05\/LAJSBA_12-2-66x66.png 66w, https:\/\/www.sedimentologia.org.ar\/spa\/wp-content\/uploads\/2015\/05\/LAJSBA_12-2-150x150.png 150w, https:\/\/www.sedimentologia.org.ar\/spa\/wp-content\/uploads\/2015\/05\/LAJSBA_12-2.png 300w\" sizes=\"(max-width: 300px) 100vw, 300px\" \/><\/a><\/p>\n<h2 style=\"text-align: left;\"><strong>Volumen 12 &#8211; N\u00famero 2 <\/strong>| Diciembre 2005<\/h2>\n<div class=\"fusion-sep-clear\"><\/div><div class=\"fusion-separator fusion-full-width-sep\" style=\"margin-left: auto;margin-right: auto;margin-top:-15px;margin-bottom:5px;width:100%;\"><div class=\"fusion-separator-border sep-single sep-solid\" style=\"--awb-height:20px;--awb-amount:20px;border-color:#e0dede;border-top-width:1px;\"><\/div><\/div><div class=\"fusion-sep-clear\"><\/div>\n<p><em><strong>Editor:<\/strong> Gerardo M. E. Perillo <\/em>| <em>120 p\u00e1ginas<\/em><\/p>\n<div class=\"fusion-sep-clear\"><\/div><div class=\"fusion-separator fusion-full-width-sep\" style=\"margin-left: auto;margin-right: auto;margin-top:0px;margin-bottom:20px;width:100%;\"><\/div><div class=\"fusion-sep-clear\"><\/div>\n<div class=\"fusion-clearfix\"><\/div><\/div><\/div><div class=\"fusion-layout-column fusion_builder_column fusion-builder-column-3 fusion_builder_column_1_1 1_1 fusion-one-full fusion-column-first fusion-column-last fusion-column-no-min-height\" style=\"--awb-bg-size:cover;--awb-margin-bottom:0px;\"><div class=\"fusion-column-wrapper fusion-flex-column-wrapper-legacy\"><div class=\"fusion-title title fusion-title-2 fusion-title-text fusion-title-size-three\"><h3 class=\"fusion-title-heading title-heading-left\" style=\"margin:0;\">CONTENIDO<\/h3><span class=\"awb-title-spacer\"><\/span><div class=\"title-sep-container\"><div class=\"title-sep sep-single sep-solid\" style=\"border-color:#e0dede;\"><\/div><\/div><\/div>\n<p><strong>CUENCAS DEL NEOPROTEROZOICO-CAMBRICO DE ARGENTINA Y URUGUAY &#8211; INTRODUCCI\u00d3N<br \/>\n<\/strong><em>Carlos Alberto Cingolani y Claudio Gaucher<\/em><\/p>\n<div class=\"fusion-alignleft\"><a class=\"fusion-button button-flat button-small button-custom fusion-button-default button-5 fusion-button-default-span \" style=\"--button_accent_color:#81d742;--button_accent_hover_color:#ffffff;--button_border_hover_color:#ffffff;--button_border_width-top:1px;--button_border_width-right:1px;--button_border_width-bottom:1px;--button_border_width-left:1px;--button-border-radius-top-left:0px;--button-border-radius-top-right:0px;--button-border-radius-bottom-right:0px;--button-border-radius-bottom-left:0px;--button_gradient_top_color:#ffffff;--button_gradient_bottom_color:#ffffff;--button_gradient_top_color_hover:#006253;--button_gradient_bottom_color_hover:#006253;\" target=\"_blank\" rel=\"noopener noreferrer\" href=\"http:\/\/www.scielo.org.ar\/scielo.php?script=sci_arttext&amp;pid=S1851-49792005000200001&amp;lng=es&amp;nrm=iso&amp;tlng=es\"><span class=\"fusion-button-text\">VER EN SCIELO<\/span><\/a><\/div>\n<div class=\"fusion-sep-clear\"><\/div><div class=\"fusion-separator fusion-full-width-sep\" style=\"margin-left: auto;margin-right: auto;margin-top:10px;margin-bottom:25px;width:100%;\"><\/div><div class=\"fusion-sep-clear\"><\/div>\n<p><strong>LA FORMACI\u00d3N PUNCOVISCANA Y UNIDADES ESTRATIGR\u00c1FICAS VINCULADAS EN EL NEOPROTEROZOICO-C\u00c1MBRICO TEMPRANO DEL NOROESTE ARGENTINO<br \/>\n<\/strong><em>Florencio Ace\u00f1olaza y Guillermo Ace\u00f1olaza<\/em><\/p>\n<div class=\"fusion-alignleft\"><a class=\"fusion-button button-flat button-small button-custom fusion-button-default button-6 fusion-button-default-span \" style=\"--button_accent_color:#81d742;--button_accent_hover_color:#ffffff;--button_border_hover_color:#ffffff;--button_border_width-top:1px;--button_border_width-right:1px;--button_border_width-bottom:1px;--button_border_width-left:1px;--button-border-radius-top-left:0px;--button-border-radius-top-right:0px;--button-border-radius-bottom-right:0px;--button-border-radius-bottom-left:0px;--button_gradient_top_color:#ffffff;--button_gradient_bottom_color:#ffffff;--button_gradient_top_color_hover:#006253;--button_gradient_bottom_color_hover:#006253;\" target=\"_blank\" rel=\"noopener noreferrer\" href=\"http:\/\/www.scielo.org.ar\/scielo.php?script=sci_arttext&amp;pid=S1851-49792005000200002&amp;lng=es&amp;nrm=iso&amp;tlng=es\"><span class=\"fusion-button-text\">VER EN SCIELO<\/span><\/a><\/div>\n<div class=\"fusion-sep-clear\"><\/div><div class=\"fusion-separator fusion-full-width-sep\" style=\"margin-left: auto;margin-right: auto;margin-top:10px;margin-bottom:25px;width:100%;\"><\/div><div class=\"fusion-sep-clear\"><\/div>\n<p><strong>ESTUDIOS ISOT\u00d3PICOS EN CARBONATOS MARINOS DEL TERRENO PRECORDILLERA-CUYANIA:\u00bfPLATAFORMA COM\u00daN EN EL NEOPROTEROZOICO-PALEOZOICO INFERIOR?<\/strong><br \/>\n<em>Maximiliano Naipauer, Carlos A. Cingolani, Susana Valencio, Farid Chemale Jr. y Graciela I. Vujovich<\/em><\/p>\n<div class=\"fusion-alignleft\"><a class=\"fusion-button button-flat button-small button-custom fusion-button-default button-7 fusion-button-default-span \" style=\"--button_accent_color:#81d742;--button_accent_hover_color:#ffffff;--button_border_hover_color:#ffffff;--button_border_width-top:1px;--button_border_width-right:1px;--button_border_width-bottom:1px;--button_border_width-left:1px;--button-border-radius-top-left:0px;--button-border-radius-top-right:0px;--button-border-radius-bottom-right:0px;--button-border-radius-bottom-left:0px;--button_gradient_top_color:#ffffff;--button_gradient_bottom_color:#ffffff;--button_gradient_top_color_hover:#006253;--button_gradient_bottom_color_hover:#006253;\" target=\"_blank\" rel=\"noopener noreferrer\" href=\"http:\/\/www.scielo.org.ar\/scielo.php?script=sci_arttext&amp;pid=S1851-49792005000200003&amp;lng=es&amp;nrm=iso&amp;tlng=es\"><span class=\"fusion-button-text\">VER EN SCIELO<\/span><\/a><\/div>\n<div class=\"fusion-sep-clear\"><\/div><div class=\"fusion-separator fusion-full-width-sep\" style=\"margin-left: auto;margin-right: auto;margin-top:10px;margin-bottom:25px;width:100%;\"><\/div><div class=\"fusion-sep-clear\"><\/div>\n<p><strong>ESTRATIGRAF\u00cdA, PALEONTOLOG\u00cdA Y EDAD DE LA FORMACI\u00d3N LAS VENTANAS (NEOPROTEROZOICO, URUGUAY)<\/strong><br \/>\n<em>Gonzalo Blanco y Claudio Gaucher<\/em><\/p>\n<div class=\"fusion-alignleft\"><a class=\"fusion-button button-flat button-small button-custom fusion-button-default button-8 fusion-button-default-span \" style=\"--button_accent_color:#81d742;--button_accent_hover_color:#ffffff;--button_border_hover_color:#ffffff;--button_border_width-top:1px;--button_border_width-right:1px;--button_border_width-bottom:1px;--button_border_width-left:1px;--button-border-radius-top-left:0px;--button-border-radius-top-right:0px;--button-border-radius-bottom-right:0px;--button-border-radius-bottom-left:0px;--button_gradient_top_color:#ffffff;--button_gradient_bottom_color:#ffffff;--button_gradient_top_color_hover:#006253;--button_gradient_bottom_color_hover:#006253;\" target=\"_blank\" rel=\"noopener noreferrer\" href=\"http:\/\/www.scielo.org.ar\/scielo.php?script=sci_arttext&amp;pid=S1851-49792005000200004&amp;lng=es&amp;nrm=iso&amp;tlng=es\"><span class=\"fusion-button-text\">VER EN SCIELO<\/span><\/a><\/div>\n<div class=\"fusion-sep-clear\"><\/div><div class=\"fusion-separator fusion-full-width-sep\" style=\"margin-left: auto;margin-right: auto;margin-top:10px;margin-bottom:25px;width:100%;\"><\/div><div class=\"fusion-sep-clear\"><\/div>\n<p><strong>ESTRATIGRAF\u00cdA DEL GRUPO MINA VERD\u00daN, PROTEROZOICO DE MINAS, URUGUAY<\/strong><br \/>\n<em>Daniel G. Poir\u00e9, Pablo D. Gonz\u00e1lez, Jos\u00e9 M. Canalicchio, Flavio Garc\u00eda Repetto y N\u00e9stor D. Canessa<\/em><\/p>\n<div class=\"fusion-alignleft\"><a class=\"fusion-button button-flat button-small button-custom fusion-button-default button-9 fusion-button-default-span \" style=\"--button_accent_color:#81d742;--button_accent_hover_color:#ffffff;--button_border_hover_color:#ffffff;--button_border_width-top:1px;--button_border_width-right:1px;--button_border_width-bottom:1px;--button_border_width-left:1px;--button-border-radius-top-left:0px;--button-border-radius-top-right:0px;--button-border-radius-bottom-right:0px;--button-border-radius-bottom-left:0px;--button_gradient_top_color:#ffffff;--button_gradient_bottom_color:#ffffff;--button_gradient_top_color_hover:#006253;--button_gradient_bottom_color_hover:#006253;\" target=\"_blank\" rel=\"noopener noreferrer\" href=\"http:\/\/www.scielo.org.ar\/scielo.php?script=sci_arttext&amp;pid=S1851-49792005000200005&amp;lng=es&amp;nrm=iso&amp;tlng=es\"><span class=\"fusion-button-text\">VER EN SCIELO<\/span><\/a><\/div>\n<div class=\"fusion-sep-clear\"><\/div><div class=\"fusion-separator fusion-full-width-sep\" style=\"margin-left: auto;margin-right: auto;margin-top:10px;margin-bottom:25px;width:100%;\"><\/div><div class=\"fusion-sep-clear\"><\/div>\n<p><strong>LITOESTRATIGRAF\u00cdA, BIOESTRATIGRAF\u00cdA Y CORRELACIONES DE LAS SUCESIONES SEDIMENTARIAS DEL NEOPROTEROZOICO-C\u00c1MBRICO DEL CRAT\u00d3N DEL R\u00cdO DE LA PLATA (URUGUAY Y ARGENTINA)<\/strong><br \/>\n<em>Claudio Gaucher, Daniel G. Poir\u00e9, Luc\u00eda G\u00f3mez Peral y Leticia Chiglino<\/em><\/p>\n<div class=\"fusion-alignleft\"><a class=\"fusion-button button-flat button-small button-custom fusion-button-default button-10 fusion-button-default-span \" style=\"--button_accent_color:#81d742;--button_accent_hover_color:#ffffff;--button_border_hover_color:#ffffff;--button_border_width-top:1px;--button_border_width-right:1px;--button_border_width-bottom:1px;--button_border_width-left:1px;--button-border-radius-top-left:0px;--button-border-radius-top-right:0px;--button-border-radius-bottom-right:0px;--button-border-radius-bottom-left:0px;--button_gradient_top_color:#ffffff;--button_gradient_bottom_color:#ffffff;--button_gradient_top_color_hover:#006253;--button_gradient_bottom_color_hover:#006253;\" target=\"_blank\" rel=\"noopener noreferrer\" href=\"http:\/\/www.scielo.org.ar\/scielo.php?script=sci_arttext&amp;pid=S1851-49792005000200006&amp;lng=es&amp;nrm=iso&amp;tlng=es\"><span class=\"fusion-button-text\">VER EN SCIELO<\/span><\/a><\/div>\n<div class=\"fusion-sep-clear\"><\/div><div class=\"fusion-separator fusion-full-width-sep\" style=\"margin-left: auto;margin-right: auto;margin-top:10px;margin-bottom:25px;width:100%;\"><\/div><div class=\"fusion-sep-clear\"><\/div>\n<p><strong>LA FORMACI\u00d3N CERROS DE AGUIRRE: EVIDENCIAS DE MAGMATISMO VENDIANO EN EL URUGUAY<\/strong><br \/>\n<em>N\u00e9stor Campal y Alejandro Schipilov<\/em><\/p>\n<div class=\"fusion-alignleft\"><a class=\"fusion-button button-flat button-small button-custom fusion-button-default button-11 fusion-button-default-span \" style=\"--button_accent_color:#81d742;--button_accent_hover_color:#ffffff;--button_border_hover_color:#ffffff;--button_border_width-top:1px;--button_border_width-right:1px;--button_border_width-bottom:1px;--button_border_width-left:1px;--button-border-radius-top-left:0px;--button-border-radius-top-right:0px;--button-border-radius-bottom-right:0px;--button-border-radius-bottom-left:0px;--button_gradient_top_color:#ffffff;--button_gradient_bottom_color:#ffffff;--button_gradient_top_color_hover:#006253;--button_gradient_bottom_color_hover:#006253;\" target=\"_blank\" rel=\"noopener noreferrer\" href=\"http:\/\/www.scielo.org.ar\/scielo.php?script=sci_arttext&amp;pid=S1851-49792005000200007&amp;lng=es&amp;nrm=iso&amp;tlng=es\"><span class=\"fusion-button-text\">VER EN SCIELO<\/span><\/a><\/div>\n<div class=\"fusion-sep-clear\"><\/div><div class=\"fusion-separator fusion-full-width-sep\" style=\"margin-left: auto;margin-right: auto;margin-top:10px;margin-bottom:25px;width:100%;\"><\/div><div class=\"fusion-sep-clear\"><\/div><div class=\"fusion-clearfix\"><\/div><\/div><\/div><\/div><\/div><\/p>\n","protected":false},"excerpt":{"rendered":"<p>Volumen 12 &#8211; N\u00famero 1 | Julio 2005<\/p>\n","protected":false},"author":2,"featured_media":0,"parent":35,"menu_order":28,"comment_status":"open","ping_status":"open","template":"side-navigation.php","meta":{"footnotes":""},"class_list":["post-209","page","type-page","status-publish","hentry"],"_links":{"self":[{"href":"https:\/\/www.sedimentologia.org.ar\/spa\/wp-json\/wp\/v2\/pages\/209","targetHints":{"allow":["GET"]}}],"collection":[{"href":"https:\/\/www.sedimentologia.org.ar\/spa\/wp-json\/wp\/v2\/pages"}],"about":[{"href":"https:\/\/www.sedimentologia.org.ar\/spa\/wp-json\/wp\/v2\/types\/page"}],"author":[{"embeddable":true,"href":"https:\/\/www.sedimentologia.org.ar\/spa\/wp-json\/wp\/v2\/users\/2"}],"replies":[{"embeddable":true,"href":"https:\/\/www.sedimentologia.org.ar\/spa\/wp-json\/wp\/v2\/comments?post=209"}],"version-history":[{"count":9,"href":"https:\/\/www.sedimentologia.org.ar\/spa\/wp-json\/wp\/v2\/pages\/209\/revisions"}],"predecessor-version":[{"id":1415,"href":"https:\/\/www.sedimentologia.org.ar\/spa\/wp-json\/wp\/v2\/pages\/209\/revisions\/1415"}],"up":[{"embeddable":true,"href":"https:\/\/www.sedimentologia.org.ar\/spa\/wp-json\/wp\/v2\/pages\/35"}],"wp:attachment":[{"href":"https:\/\/www.sedimentologia.org.ar\/spa\/wp-json\/wp\/v2\/media?parent=209"}],"curies":[{"name":"wp","href":"https:\/\/api.w.org\/{rel}","templated":true}]}}