{"id":197,"date":"2015-05-03T18:25:40","date_gmt":"2015-05-03T18:25:40","guid":{"rendered":"http:\/\/sedimentologia.org.ar\/spa\/?page_id=197"},"modified":"2020-11-23T11:27:21","modified_gmt":"2020-11-23T11:27:21","slug":"volumen-14-2007","status":"publish","type":"page","link":"https:\/\/www.sedimentologia.org.ar\/spa\/revista\/volumen-14-2007\/","title":{"rendered":"Volumen 14 | 2007"},"content":{"rendered":"<p><a href=\"http:\/\/sedimentologia.org.ar\/spa\/wp-content\/uploads\/2015\/05\/LAJSBA_14-1.png\"><img decoding=\"async\" class=\"alignnone size-full wp-image-248\" src=\"http:\/\/sedimentologia.org.ar\/spa\/wp-content\/uploads\/2015\/05\/LAJSBA_14-1.png\" alt=\"LAJSBA_14-1\" width=\"300\" height=\"300\" srcset=\"https:\/\/www.sedimentologia.org.ar\/spa\/wp-content\/uploads\/2015\/05\/LAJSBA_14-1-66x66.png 66w, https:\/\/www.sedimentologia.org.ar\/spa\/wp-content\/uploads\/2015\/05\/LAJSBA_14-1-150x150.png 150w, https:\/\/www.sedimentologia.org.ar\/spa\/wp-content\/uploads\/2015\/05\/LAJSBA_14-1.png 300w\" sizes=\"(max-width: 300px) 100vw, 300px\" \/><\/a><\/p>\n<h2 style=\"text-align: left;\"><strong>Volumen 14 &#8211; N\u00famero 1 <\/strong>| Julio 2007<\/h2>\n<p><div class=\"fusion-fullwidth fullwidth-box fusion-builder-row-1 hundred-percent-fullwidth non-hundred-percent-height-scrolling\" style=\"--awb-border-radius-top-left:0px;--awb-border-radius-top-right:0px;--awb-border-radius-bottom-right:0px;--awb-border-radius-bottom-left:0px;--awb-overflow:visible;--awb-margin-top:-15px;--awb-margin-bottom:5px;--awb-background-color:rgba(255,255,255,0);--awb-flex-wrap:wrap;\" ><div class=\"fusion-builder-row fusion-row\"><div class=\"fusion-layout-column fusion_builder_column fusion-builder-column-0 fusion_builder_column_1_1 1_1 fusion-one-full fusion-column-first fusion-column-last fusion-column-no-min-height\" style=\"--awb-bg-size:cover;--awb-margin-bottom:0px;\"><div class=\"fusion-column-wrapper fusion-flex-column-wrapper-legacy\"><div class=\"fusion-sep-clear\"><\/div><div class=\"fusion-separator fusion-full-width-sep\" style=\"margin-left: auto;margin-right: auto;width:100%;\"><div class=\"fusion-separator-border sep-single sep-solid\" style=\"--awb-height:20px;--awb-amount:20px;border-color:#e0dede;border-top-width:1px;\"><\/div><\/div><div class=\"fusion-sep-clear\"><\/div>\n<p><em><strong>Editor:<\/strong> Gerardo M. E. Perillo <\/em>| <em>88 p\u00e1ginas<\/em><\/p>\n<div class=\"fusion-clearfix\"><\/div><\/div><\/div><\/div><\/div><div class=\"fusion-fullwidth fullwidth-box fusion-builder-row-2 hundred-percent-fullwidth non-hundred-percent-height-scrolling\" style=\"--awb-border-radius-top-left:0px;--awb-border-radius-top-right:0px;--awb-border-radius-bottom-right:0px;--awb-border-radius-bottom-left:0px;--awb-overflow:visible;--awb-margin-top:0px;--awb-margin-bottom:20px;--awb-background-color:rgba(255,255,255,0);--awb-flex-wrap:wrap;\" ><div class=\"fusion-builder-row fusion-row\"><div class=\"fusion-layout-column fusion_builder_column fusion-builder-column-1 fusion_builder_column_1_1 1_1 fusion-one-full fusion-column-first fusion-column-last fusion-column-no-min-height\" style=\"--awb-bg-size:cover;--awb-margin-bottom:0px;\"><div class=\"fusion-column-wrapper fusion-flex-column-wrapper-legacy\"><div class=\"fusion-sep-clear\"><\/div><div class=\"fusion-separator fusion-full-width-sep\" style=\"margin-left: auto;margin-right: auto;width:100%;\"><\/div><div class=\"fusion-sep-clear\"><\/div>\n<div class=\"fusion-clearfix\"><\/div><\/div><\/div><\/div><\/div><div class=\"fusion-fullwidth fullwidth-box fusion-builder-row-3 hundred-percent-fullwidth non-hundred-percent-height-scrolling\" style=\"--awb-border-radius-top-left:0px;--awb-border-radius-top-right:0px;--awb-border-radius-bottom-right:0px;--awb-border-radius-bottom-left:0px;--awb-overflow:visible;--awb-flex-wrap:wrap;\" ><div class=\"fusion-builder-row fusion-row\"><div class=\"fusion-layout-column fusion_builder_column fusion-builder-column-2 fusion_builder_column_1_1 1_1 fusion-one-full fusion-column-first fusion-column-last fusion-column-no-min-height\" style=\"--awb-bg-size:cover;--awb-margin-bottom:0px;\"><div class=\"fusion-column-wrapper fusion-flex-column-wrapper-legacy\"><div class=\"fusion-title title fusion-title-1 fusion-title-text fusion-title-size-three\"><h3 class=\"fusion-title-heading title-heading-left\" style=\"margin:0;\">CONTENIDO<\/h3><span class=\"awb-title-spacer\"><\/span><div class=\"title-sep-container\"><div class=\"title-sep sep-single sep-solid\" style=\"border-color:#e0dede;\"><\/div><\/div><\/div>\n<p><strong>GEOMORFOLOG\u00cdA Y SEDIMENTOLOG\u00cdA DE LA CUENCA SUPERIOR DEL R\u00cdO SALADO (SUR DE SANTA FE Y NOROESTE DE BUENOS AIRES, ARGENTINA)<br \/>\n<\/strong><em>Mart\u00edn Iriondo y Daniela Kr\u00f6hling<\/em><\/p>\n<div class=\"fusion-alignleft\"><a class=\"fusion-button button-flat button-small button-custom fusion-button-default button-1 fusion-button-default-span \" style=\"--button_accent_color:#81d742;--button_accent_hover_color:#ffffff;--button_border_hover_color:#ffffff;--button_border_width-top:1px;--button_border_width-right:1px;--button_border_width-bottom:1px;--button_border_width-left:1px;--button-border-radius-top-left:0px;--button-border-radius-top-right:0px;--button-border-radius-bottom-right:0px;--button-border-radius-bottom-left:0px;--button_gradient_top_color:#ffffff;--button_gradient_bottom_color:#ffffff;--button_gradient_top_color_hover:#006253;--button_gradient_bottom_color_hover:#006253;\" target=\"_blank\" rel=\"noopener noreferrer\" href=\"http:\/\/www.scielo.org.ar\/scielo.php?script=sci_arttext&amp;pid=S1851-49792007000100001&amp;lng=es&amp;nrm=iso&amp;tlng=es\"><span class=\"fusion-button-text\">VER EN SCIELO<\/span><\/a><\/div>\n<div class=\"fusion-sep-clear\"><\/div><div class=\"fusion-separator fusion-full-width-sep\" style=\"margin-left: auto;margin-right: auto;margin-top:10px;margin-bottom:25px;width:100%;\"><\/div><div class=\"fusion-sep-clear\"><\/div>\n<p><strong>PROVENANCE OF THE SEDIMENTARY ROCKS OF THE BOM JARDIM GROUP (NEOPROTEROZOIC, SOUTHERN BRAZIL): EVIDENCE FROM PETROGRAPHY, GEOCHEMISTRY AND NEODYMIUM ISOTOPES<\/strong><br \/>\n<em>Andr\u00e9 Weissheimer De Borba, Anderson Jos\u00e9 Maraschin, Fabio De Lima Noronha, J\u00fania Casagrande and Ana Maria Pimentel Mizusaki<\/em><\/p>\n<div class=\"fusion-alignleft\"><a class=\"fusion-button button-flat button-small button-custom fusion-button-default button-2 fusion-button-default-span \" style=\"--button_accent_color:#81d742;--button_accent_hover_color:#ffffff;--button_border_hover_color:#ffffff;--button_border_width-top:1px;--button_border_width-right:1px;--button_border_width-bottom:1px;--button_border_width-left:1px;--button-border-radius-top-left:0px;--button-border-radius-top-right:0px;--button-border-radius-bottom-right:0px;--button-border-radius-bottom-left:0px;--button_gradient_top_color:#ffffff;--button_gradient_bottom_color:#ffffff;--button_gradient_top_color_hover:#006253;--button_gradient_bottom_color_hover:#006253;\" target=\"_blank\" rel=\"noopener noreferrer\" href=\"http:\/\/www.scielo.org.ar\/scielo.php?script=sci_arttext&amp;pid=S1851-49792007000100002&amp;lng=es&amp;nrm=iso&amp;tlng=en\"><span class=\"fusion-button-text\">VER EN SCIELO<\/span><\/a><\/div>\n<div class=\"fusion-sep-clear\"><\/div><div class=\"fusion-separator fusion-full-width-sep\" style=\"margin-left: auto;margin-right: auto;margin-top:10px;margin-bottom:25px;width:100%;\"><\/div><div class=\"fusion-sep-clear\"><\/div>\n<p><strong>METAL OCCURRENCE AND TEXTURAL-COMPOSITIONAL PROPERTIES IN BOTTOM SEDIMENTS FROM RIGHT MARGIN TRIBUTARIES OF THE LOWER DEL PLATA BASIN<\/strong><br \/>\n<em>Alicia Ronco, Cecilia Camili\u00f3n and Marcelo Manassero<\/em><\/p>\n<div class=\"fusion-alignleft\"><a class=\"fusion-button button-flat button-small button-custom fusion-button-default button-3 fusion-button-default-span \" style=\"--button_accent_color:#81d742;--button_accent_hover_color:#ffffff;--button_border_hover_color:#ffffff;--button_border_width-top:1px;--button_border_width-right:1px;--button_border_width-bottom:1px;--button_border_width-left:1px;--button-border-radius-top-left:0px;--button-border-radius-top-right:0px;--button-border-radius-bottom-right:0px;--button-border-radius-bottom-left:0px;--button_gradient_top_color:#ffffff;--button_gradient_bottom_color:#ffffff;--button_gradient_top_color_hover:#006253;--button_gradient_bottom_color_hover:#006253;\" target=\"_blank\" rel=\"noopener noreferrer\" href=\"http:\/\/www.scielo.org.ar\/scielo.php?script=sci_arttext&amp;pid=S1851-49792007000100003&amp;lng=es&amp;nrm=iso&amp;tlng=en\"><span class=\"fusion-button-text\">VER EN SCIELO<\/span><\/a><\/div>\n<div class=\"fusion-sep-clear\"><\/div><div class=\"fusion-separator fusion-full-width-sep\" style=\"margin-left: auto;margin-right: auto;margin-top:10px;margin-bottom:25px;width:100%;\"><\/div><div class=\"fusion-sep-clear\"><\/div>\n<p><strong>ARQUITECTURA Y PALEOAMBIENTES DE LOS DEP\u00d3SITOS FLUVIALES GRAVOSOS DE LA FORMACI\u00d3N LAS CUMBRES (NE\u00d3GENO), EN VILLA MERVIL, LA RIOJA, ARGENTINA<\/strong><br \/>\n<em>G.E. Bossi, S.M. Georgieff y M.E. Vides<\/em><\/p>\n<div class=\"fusion-alignleft\"><a class=\"fusion-button button-flat button-small button-custom fusion-button-default button-4 fusion-button-default-span \" style=\"--button_accent_color:#81d742;--button_accent_hover_color:#ffffff;--button_border_hover_color:#ffffff;--button_border_width-top:1px;--button_border_width-right:1px;--button_border_width-bottom:1px;--button_border_width-left:1px;--button-border-radius-top-left:0px;--button-border-radius-top-right:0px;--button-border-radius-bottom-right:0px;--button-border-radius-bottom-left:0px;--button_gradient_top_color:#ffffff;--button_gradient_bottom_color:#ffffff;--button_gradient_top_color_hover:#006253;--button_gradient_bottom_color_hover:#006253;\" target=\"_blank\" rel=\"noopener noreferrer\" href=\"http:\/\/www.scielo.org.ar\/scielo.php?script=sci_arttext&amp;pid=S1851-49792007000100004&amp;lng=es&amp;nrm=iso&amp;tlng=es\"><span class=\"fusion-button-text\">VER EN SCIELO<\/span><\/a><\/div>\n<div class=\"fusion-sep-clear\"><\/div><div class=\"fusion-separator fusion-full-width-sep\" style=\"margin-left: auto;margin-right: auto;margin-top:40px;margin-bottom:40px;width:100%;\"><\/div><div class=\"fusion-sep-clear\"><\/div>\n<p><a href=\"http:\/\/sedimentologia.org.ar\/spa\/wp-content\/uploads\/2015\/05\/LAJSBA_14-2.png\"><img decoding=\"async\" class=\"alignnone size-full wp-image-249\" src=\"http:\/\/sedimentologia.org.ar\/spa\/wp-content\/uploads\/2015\/05\/LAJSBA_14-2.png\" alt=\"LAJSBA_14-2\" width=\"300\" height=\"300\" srcset=\"https:\/\/www.sedimentologia.org.ar\/spa\/wp-content\/uploads\/2015\/05\/LAJSBA_14-2-66x66.png 66w, https:\/\/www.sedimentologia.org.ar\/spa\/wp-content\/uploads\/2015\/05\/LAJSBA_14-2-150x150.png 150w, https:\/\/www.sedimentologia.org.ar\/spa\/wp-content\/uploads\/2015\/05\/LAJSBA_14-2.png 300w\" sizes=\"(max-width: 300px) 100vw, 300px\" \/><\/a><\/p>\n<h2 style=\"text-align: left;\"><strong>Volumen 14 &#8211; N\u00famero 2 <\/strong>| Diciembre 2007<\/h2>\n<div class=\"fusion-sep-clear\"><\/div><div class=\"fusion-separator fusion-full-width-sep\" style=\"margin-left: auto;margin-right: auto;margin-top:-15px;margin-bottom:5px;width:100%;\"><div class=\"fusion-separator-border sep-single sep-solid\" style=\"--awb-height:20px;--awb-amount:20px;border-color:#e0dede;border-top-width:1px;\"><\/div><\/div><div class=\"fusion-sep-clear\"><\/div>\n<p><em><strong>Editor:<\/strong> Gerardo M. E. Perillo <\/em>| <em>64 p\u00e1ginas<\/em><\/p>\n<div class=\"fusion-sep-clear\"><\/div><div class=\"fusion-separator fusion-full-width-sep\" style=\"margin-left: auto;margin-right: auto;margin-top:0px;margin-bottom:20px;width:100%;\"><\/div><div class=\"fusion-sep-clear\"><\/div>\n<div class=\"fusion-clearfix\"><\/div><\/div><\/div><div class=\"fusion-layout-column fusion_builder_column fusion-builder-column-3 fusion_builder_column_1_1 1_1 fusion-one-full fusion-column-first fusion-column-last fusion-column-no-min-height\" style=\"--awb-bg-size:cover;--awb-margin-bottom:0px;\"><div class=\"fusion-column-wrapper fusion-flex-column-wrapper-legacy\"><div class=\"fusion-title title fusion-title-2 fusion-title-text fusion-title-size-three\"><h3 class=\"fusion-title-heading title-heading-left\" style=\"margin:0;\">CONTENIDO<\/h3><span class=\"awb-title-spacer\"><\/span><div class=\"title-sep-container\"><div class=\"title-sep sep-single sep-solid\" style=\"border-color:#e0dede;\"><\/div><\/div><\/div>\n<p><strong>VARIABILITY OF CONTINENTAL DEPOSITIONAL SYSTEMS DURING LOWSTAND SEDIMENTATION: AN EXAMPLE FROM THE KIMMERIDGIAN OF THE NEUQU\u00c9N BASIN, ARGENTINA<br \/>\n<\/strong><em>Luis A. Spalletti and Gonzalo D. Veiga <\/em><\/p>\n<div class=\"fusion-alignleft\"><a class=\"fusion-button button-flat button-small button-custom fusion-button-default button-5 fusion-button-default-span \" style=\"--button_accent_color:#81d742;--button_accent_hover_color:#ffffff;--button_border_hover_color:#ffffff;--button_border_width-top:1px;--button_border_width-right:1px;--button_border_width-bottom:1px;--button_border_width-left:1px;--button-border-radius-top-left:0px;--button-border-radius-top-right:0px;--button-border-radius-bottom-right:0px;--button-border-radius-bottom-left:0px;--button_gradient_top_color:#ffffff;--button_gradient_bottom_color:#ffffff;--button_gradient_top_color_hover:#006253;--button_gradient_bottom_color_hover:#006253;\" target=\"_blank\" rel=\"noopener noreferrer\" href=\"http:\/\/www.scielo.org.ar\/scielo.php?script=sci_arttext&amp;pid=S1851-49792007000200001&amp;lng=es&amp;nrm=iso&amp;tlng=en\"><span class=\"fusion-button-text\">VER EN SCIELO<\/span><\/a><\/div>\n<div class=\"fusion-sep-clear\"><\/div><div class=\"fusion-separator fusion-full-width-sep\" style=\"margin-left: auto;margin-right: auto;margin-top:10px;margin-bottom:25px;width:100%;\"><\/div><div class=\"fusion-sep-clear\"><\/div>\n<p><strong>IDENTIFICATION OF MICROBIALLY INDUCED SEDIMENTARY STRUCTURES OVER A TIDAL FLAT<\/strong><br \/>\n<em>Diana G. Cuadrado and Natalia V. Pizani<\/em><\/p>\n<div class=\"fusion-alignleft\"><a class=\"fusion-button button-flat button-small button-custom fusion-button-default button-6 fusion-button-default-span \" style=\"--button_accent_color:#81d742;--button_accent_hover_color:#ffffff;--button_border_hover_color:#ffffff;--button_border_width-top:1px;--button_border_width-right:1px;--button_border_width-bottom:1px;--button_border_width-left:1px;--button-border-radius-top-left:0px;--button-border-radius-top-right:0px;--button-border-radius-bottom-right:0px;--button-border-radius-bottom-left:0px;--button_gradient_top_color:#ffffff;--button_gradient_bottom_color:#ffffff;--button_gradient_top_color_hover:#006253;--button_gradient_bottom_color_hover:#006253;\" target=\"_blank\" rel=\"noopener noreferrer\" href=\"http:\/\/www.scielo.org.ar\/scielo.php?script=sci_arttext&amp;pid=S1851-49792007000200002&amp;lng=es&amp;nrm=iso&amp;tlng=en\"><span class=\"fusion-button-text\">VER EN SCIELO<\/span><\/a><\/div>\n<div class=\"fusion-sep-clear\"><\/div><div class=\"fusion-separator fusion-full-width-sep\" style=\"margin-left: auto;margin-right: auto;margin-top:10px;margin-bottom:25px;width:100%;\"><\/div><div class=\"fusion-sep-clear\"><\/div>\n<p><strong>REVISI\u00d3N ESTRATIGR\u00c1FICA Y LITOFACIAL DE LA FORMACI\u00d3N LA SILLA (ORDOVICICO INFERIOR) EN LA PRECORDILLERA ORIENTAL DE SAN JUAN, ARGENTINA<\/strong><br \/>\n<em>Mariana M. Raviolo, Osvaldo L. Bordonaro y Brian R. Pratt<\/em><\/p>\n<div class=\"fusion-alignleft\"><a class=\"fusion-button button-flat button-small button-custom fusion-button-default button-7 fusion-button-default-span \" style=\"--button_accent_color:#81d742;--button_accent_hover_color:#ffffff;--button_border_hover_color:#ffffff;--button_border_width-top:1px;--button_border_width-right:1px;--button_border_width-bottom:1px;--button_border_width-left:1px;--button-border-radius-top-left:0px;--button-border-radius-top-right:0px;--button-border-radius-bottom-right:0px;--button-border-radius-bottom-left:0px;--button_gradient_top_color:#ffffff;--button_gradient_bottom_color:#ffffff;--button_gradient_top_color_hover:#006253;--button_gradient_bottom_color_hover:#006253;\" target=\"_blank\" rel=\"noopener noreferrer\" href=\"http:\/\/www.scielo.org.ar\/scielo.php?script=sci_arttext&amp;pid=S1851-49792007000200003&amp;lng=es&amp;nrm=iso&amp;tlng=es\"><span class=\"fusion-button-text\">VER EN SCIELO<\/span><\/a><\/div>\n<div class=\"fusion-sep-clear\"><\/div><div class=\"fusion-separator fusion-full-width-sep\" style=\"margin-left: auto;margin-right: auto;margin-top:10px;margin-bottom:25px;width:100%;\"><\/div><div class=\"fusion-sep-clear\"><\/div>\n<p><strong>LITOLOG\u00cdA Y G\u00c9NESIS DE LOS DEP\u00d3SITOS DEL CENOZOICO TARD\u00cdO DEL BAJO DEL DURAZNO, PROVINCIA DE LA PAMPA, ARGENTINA<\/strong><br \/>\n<em>Adriana E. Mehl y Marcelo A. Z\u00e1rate<\/em><\/p>\n<div class=\"fusion-alignleft\"><a class=\"fusion-button button-flat button-small button-custom fusion-button-default button-8 fusion-button-default-span \" style=\"--button_accent_color:#81d742;--button_accent_hover_color:#ffffff;--button_border_hover_color:#ffffff;--button_border_width-top:1px;--button_border_width-right:1px;--button_border_width-bottom:1px;--button_border_width-left:1px;--button-border-radius-top-left:0px;--button-border-radius-top-right:0px;--button-border-radius-bottom-right:0px;--button-border-radius-bottom-left:0px;--button_gradient_top_color:#ffffff;--button_gradient_bottom_color:#ffffff;--button_gradient_top_color_hover:#006253;--button_gradient_bottom_color_hover:#006253;\" target=\"_blank\" rel=\"noopener noreferrer\" href=\"http:\/\/www.scielo.org.ar\/scielo.php?script=sci_arttext&amp;pid=S1851-49792007000200004&amp;lng=es&amp;nrm=iso&amp;tlng=es\"><span class=\"fusion-button-text\">VER EN SCIELO<\/span><\/a><\/div>\n<div class=\"fusion-sep-clear\"><\/div><div class=\"fusion-separator fusion-full-width-sep\" style=\"margin-left: auto;margin-right: auto;margin-top:10px;margin-bottom:25px;width:100%;\"><\/div><div class=\"fusion-sep-clear\"><\/div><div class=\"fusion-clearfix\"><\/div><\/div><\/div><\/div><\/div><\/p>\n","protected":false},"excerpt":{"rendered":"<p>Volumen 14 &#8211; N\u00famero 1 | Julio 2007<\/p>\n","protected":false},"author":2,"featured_media":0,"parent":35,"menu_order":26,"comment_status":"open","ping_status":"open","template":"side-navigation.php","meta":{"footnotes":""},"class_list":["post-197","page","type-page","status-publish","hentry"],"_links":{"self":[{"href":"https:\/\/www.sedimentologia.org.ar\/spa\/wp-json\/wp\/v2\/pages\/197","targetHints":{"allow":["GET"]}}],"collection":[{"href":"https:\/\/www.sedimentologia.org.ar\/spa\/wp-json\/wp\/v2\/pages"}],"about":[{"href":"https:\/\/www.sedimentologia.org.ar\/spa\/wp-json\/wp\/v2\/types\/page"}],"author":[{"embeddable":true,"href":"https:\/\/www.sedimentologia.org.ar\/spa\/wp-json\/wp\/v2\/users\/2"}],"replies":[{"embeddable":true,"href":"https:\/\/www.sedimentologia.org.ar\/spa\/wp-json\/wp\/v2\/comments?post=197"}],"version-history":[{"count":6,"href":"https:\/\/www.sedimentologia.org.ar\/spa\/wp-json\/wp\/v2\/pages\/197\/revisions"}],"predecessor-version":[{"id":1417,"href":"https:\/\/www.sedimentologia.org.ar\/spa\/wp-json\/wp\/v2\/pages\/197\/revisions\/1417"}],"up":[{"embeddable":true,"href":"https:\/\/www.sedimentologia.org.ar\/spa\/wp-json\/wp\/v2\/pages\/35"}],"wp:attachment":[{"href":"https:\/\/www.sedimentologia.org.ar\/spa\/wp-json\/wp\/v2\/media?parent=197"}],"curies":[{"name":"wp","href":"https:\/\/api.w.org\/{rel}","templated":true}]}}