{"id":130,"date":"2015-04-30T13:30:01","date_gmt":"2015-04-30T13:30:01","guid":{"rendered":"http:\/\/sedimentologia.org.ar\/spa\/?page_id=130"},"modified":"2020-11-23T11:27:21","modified_gmt":"2020-11-23T11:27:21","slug":"volumen-16-2009","status":"publish","type":"page","link":"https:\/\/www.sedimentologia.org.ar\/spa\/revista\/volumen-16-2009\/","title":{"rendered":"Volumen 16 | 2009"},"content":{"rendered":"<p><a href=\"http:\/\/sedimentologia.org.ar\/spa\/wp-content\/uploads\/2015\/04\/portadas_16-1.png\"><img decoding=\"async\" class=\"alignnone size-full wp-image-149\" src=\"http:\/\/sedimentologia.org.ar\/spa\/wp-content\/uploads\/2015\/04\/portadas_16-1.png\" alt=\"portadas_16-1\" width=\"300\" height=\"300\" srcset=\"https:\/\/www.sedimentologia.org.ar\/spa\/wp-content\/uploads\/2015\/04\/portadas_16-1-66x66.png 66w, https:\/\/www.sedimentologia.org.ar\/spa\/wp-content\/uploads\/2015\/04\/portadas_16-1-150x150.png 150w, https:\/\/www.sedimentologia.org.ar\/spa\/wp-content\/uploads\/2015\/04\/portadas_16-1.png 300w\" sizes=\"(max-width: 300px) 100vw, 300px\" \/><\/a><\/p>\n<h2 style=\"text-align: left;\"><strong>Volumen 16 &#8211; N\u00famero 1 <\/strong>| Julio 2009<\/h2>\n<p><div class=\"fusion-fullwidth fullwidth-box fusion-builder-row-1 hundred-percent-fullwidth non-hundred-percent-height-scrolling\" style=\"--awb-border-radius-top-left:0px;--awb-border-radius-top-right:0px;--awb-border-radius-bottom-right:0px;--awb-border-radius-bottom-left:0px;--awb-overflow:visible;--awb-margin-top:-15px;--awb-margin-bottom:5px;--awb-background-color:rgba(255,255,255,0);--awb-flex-wrap:wrap;\" ><div class=\"fusion-builder-row fusion-row\"><div class=\"fusion-layout-column fusion_builder_column fusion-builder-column-0 fusion_builder_column_1_1 1_1 fusion-one-full fusion-column-first fusion-column-last fusion-column-no-min-height\" style=\"--awb-bg-size:cover;--awb-margin-bottom:0px;\"><div class=\"fusion-column-wrapper fusion-flex-column-wrapper-legacy\"><div class=\"fusion-sep-clear\"><\/div><div class=\"fusion-separator fusion-full-width-sep\" style=\"margin-left: auto;margin-right: auto;width:100%;\"><div class=\"fusion-separator-border sep-single sep-solid\" style=\"--awb-height:20px;--awb-amount:20px;border-color:#e0dede;border-top-width:1px;\"><\/div><\/div><div class=\"fusion-sep-clear\"><\/div>\n<p><em><strong>Editores:<\/strong> Gonzalo D. Veiga y Alfonsina Tripaldi <\/em>| <em>76 p\u00e1ginas<\/em><\/p>\n<div class=\"fusion-clearfix\"><\/div><\/div><\/div><\/div><\/div><div class=\"fusion-fullwidth fullwidth-box fusion-builder-row-2 hundred-percent-fullwidth non-hundred-percent-height-scrolling\" style=\"--awb-border-radius-top-left:0px;--awb-border-radius-top-right:0px;--awb-border-radius-bottom-right:0px;--awb-border-radius-bottom-left:0px;--awb-overflow:visible;--awb-margin-top:0px;--awb-margin-bottom:20px;--awb-background-color:rgba(255,255,255,0);--awb-flex-wrap:wrap;\" ><div class=\"fusion-builder-row fusion-row\"><div class=\"fusion-layout-column fusion_builder_column fusion-builder-column-1 fusion_builder_column_1_1 1_1 fusion-one-full fusion-column-first fusion-column-last fusion-column-no-min-height\" style=\"--awb-bg-size:cover;--awb-margin-bottom:0px;\"><div class=\"fusion-column-wrapper fusion-flex-column-wrapper-legacy\"><div class=\"fusion-sep-clear\"><\/div><div class=\"fusion-separator fusion-full-width-sep\" style=\"margin-left: auto;margin-right: auto;width:100%;\"><\/div><div class=\"fusion-sep-clear\"><\/div>\n<div class=\"fusion-clearfix\"><\/div><\/div><\/div><\/div><\/div><div class=\"fusion-fullwidth fullwidth-box fusion-builder-row-3 hundred-percent-fullwidth non-hundred-percent-height-scrolling\" style=\"--awb-border-radius-top-left:0px;--awb-border-radius-top-right:0px;--awb-border-radius-bottom-right:0px;--awb-border-radius-bottom-left:0px;--awb-overflow:visible;--awb-flex-wrap:wrap;\" ><div class=\"fusion-builder-row fusion-row\"><div class=\"fusion-layout-column fusion_builder_column fusion-builder-column-2 fusion_builder_column_1_1 1_1 fusion-one-full fusion-column-first fusion-column-last fusion-column-no-min-height\" style=\"--awb-bg-size:cover;--awb-margin-bottom:0px;\"><div class=\"fusion-column-wrapper fusion-flex-column-wrapper-legacy\"><div class=\"fusion-title title fusion-title-1 fusion-title-text fusion-title-size-three\"><h3 class=\"fusion-title-heading title-heading-left\" style=\"margin:0;\">CONTENIDO<\/h3><span class=\"awb-title-spacer\"><\/span><div class=\"title-sep-container\"><div class=\"title-sep sep-single sep-solid\" style=\"border-color:#e0dede;\"><\/div><\/div><\/div>\n<p><strong>HYDROMORPHIC SOILS OF THE RIO DE LA PLATA COASTAL PLAIN, ARGENTINA<br \/>\n<\/strong><em>Imbellone, Perla A.;\u00a0Guichon, Beatriz A.;\u00a0Gim\u00e9nez, Jorge E.<\/em><\/p>\n<div class=\"fusion-alignleft\"><a class=\"fusion-button button-flat button-small button-custom fusion-button-default button-1 fusion-button-default-span \" style=\"--button_accent_color:#81d742;--button_accent_hover_color:#ffffff;--button_border_hover_color:#ffffff;--button_border_width-top:1px;--button_border_width-right:1px;--button_border_width-bottom:1px;--button_border_width-left:1px;--button-border-radius-top-left:0px;--button-border-radius-top-right:0px;--button-border-radius-bottom-right:0px;--button-border-radius-bottom-left:0px;--button_gradient_top_color:#ffffff;--button_gradient_bottom_color:#ffffff;--button_gradient_top_color_hover:#006253;--button_gradient_bottom_color_hover:#006253;\" target=\"_blank\" rel=\"noopener noreferrer\" href=\"http:\/\/www.scielo.org.ar\/scielo.php?script=sci_arttext&amp;pid=S1851-49792009000100002&amp;lng=es&amp;nrm=iso&amp;tlng=en\"><span class=\"fusion-button-text\">VER EN SCIELO<\/span><\/a><\/div>\n<div class=\"fusion-sep-clear\"><\/div><div class=\"fusion-separator fusion-full-width-sep\" style=\"margin-left: auto;margin-right: auto;margin-top:10px;margin-bottom:25px;width:100%;\"><\/div><div class=\"fusion-sep-clear\"><\/div>\n<p><strong>THE AREQUITA FORMATION (LOWER CRETACEOUS): PETROGRAPHIC FEATURES OF THE VOLCANIC FACIES IN THE LAGUNA MER\u00cdN BASIN, EAST URUGUAY<\/strong><br \/>\n<em>Muzio, Rossana;\u00a0Morales, Ethel;\u00a0Veroslavsky, Gerardo;\u00a0Conti, Bruno<\/em><\/p>\n<div class=\"fusion-alignleft\"><a class=\"fusion-button button-flat button-small button-custom fusion-button-default button-2 fusion-button-default-span \" style=\"--button_accent_color:#81d742;--button_accent_hover_color:#ffffff;--button_border_hover_color:#ffffff;--button_border_width-top:1px;--button_border_width-right:1px;--button_border_width-bottom:1px;--button_border_width-left:1px;--button-border-radius-top-left:0px;--button-border-radius-top-right:0px;--button-border-radius-bottom-right:0px;--button-border-radius-bottom-left:0px;--button_gradient_top_color:#ffffff;--button_gradient_bottom_color:#ffffff;--button_gradient_top_color_hover:#006253;--button_gradient_bottom_color_hover:#006253;\" target=\"_blank\" rel=\"noopener noreferrer\" href=\"http:\/\/www.scielo.org.ar\/scielo.php?script=sci_arttext&amp;pid=S1851-49792009000100003&amp;lng=es&amp;nrm=iso&amp;tlng=en\"><span class=\"fusion-button-text\">VER EN SCIELO<\/span><\/a><\/div>\n<div class=\"fusion-sep-clear\"><\/div><div class=\"fusion-separator fusion-full-width-sep\" style=\"margin-left: auto;margin-right: auto;margin-top:10px;margin-bottom:25px;width:100%;\"><\/div><div class=\"fusion-sep-clear\"><\/div>\n<p><strong>DOLOMITIZED TIDAL CYCLES IN THE AGUA DE LA MULA MEMBER OF THE AGRIO FORMATION (LOWER CRETACEOUS), NEUQU\u00c9N BASIN, ARGENTINA<\/strong><br \/>\n<em>Tunik, Maisa A.;\u00a0Pazos, Pablo J.;\u00a0 Impiccini, Agnes;\u00a0 Lazo, Dar\u00edo;\u00a0 Aguirre-Urreta, Mar\u00eda Beatriz<\/em><\/p>\n<div class=\"fusion-alignleft\"><a class=\"fusion-button button-flat button-small button-custom fusion-button-default button-3 fusion-button-default-span \" style=\"--button_accent_color:#81d742;--button_accent_hover_color:#ffffff;--button_border_hover_color:#ffffff;--button_border_width-top:1px;--button_border_width-right:1px;--button_border_width-bottom:1px;--button_border_width-left:1px;--button-border-radius-top-left:0px;--button-border-radius-top-right:0px;--button-border-radius-bottom-right:0px;--button-border-radius-bottom-left:0px;--button_gradient_top_color:#ffffff;--button_gradient_bottom_color:#ffffff;--button_gradient_top_color_hover:#006253;--button_gradient_bottom_color_hover:#006253;\" target=\"_blank\" rel=\"noopener noreferrer\" href=\"http:\/\/www.scielo.org.ar\/scielo.php?script=sci_arttext&amp;pid=S1851-49792009000100004&amp;lng=es&amp;nrm=iso&amp;tlng=en\"><span class=\"fusion-button-text\">VER EN SCIELO<\/span><\/a><\/div>\n<div class=\"fusion-sep-clear\"><\/div><div class=\"fusion-separator fusion-full-width-sep\" style=\"margin-left: auto;margin-right: auto;margin-top:10px;margin-bottom:25px;width:100%;\"><\/div><div class=\"fusion-sep-clear\"><\/div>\n<p><strong>AN\u00c1LISIS DE CADENAS DE MARKOV Y SERIES DE FOURIER EN UNA SECUENCIA HEMIPEL\u00c1GICA DEL JUR\u00c1SICO SUPERIOR DE LA PEN\u00cdNSULA ANT\u00c1RTICA<\/strong><br \/>\n<em>Kietzmann, Diego A.;\u00a0Cuiti\u00f1o, Jos\u00e9 I.;\u00a0Medina, Rub\u00e9n A.;\u00a0Scaso, Roberto A.<\/em><\/p>\n<div class=\"fusion-alignleft\"><a class=\"fusion-button button-flat button-small button-custom fusion-button-default button-4 fusion-button-default-span \" style=\"--button_accent_color:#81d742;--button_accent_hover_color:#ffffff;--button_border_hover_color:#ffffff;--button_border_width-top:1px;--button_border_width-right:1px;--button_border_width-bottom:1px;--button_border_width-left:1px;--button-border-radius-top-left:0px;--button-border-radius-top-right:0px;--button-border-radius-bottom-right:0px;--button-border-radius-bottom-left:0px;--button_gradient_top_color:#ffffff;--button_gradient_bottom_color:#ffffff;--button_gradient_top_color_hover:#006253;--button_gradient_bottom_color_hover:#006253;\" target=\"_blank\" rel=\"noopener noreferrer\" href=\"http:\/\/www.scielo.org.ar\/scielo.php?script=sci_arttext&amp;pid=S1851-49792009000100005&amp;lng=es&amp;nrm=iso&amp;tlng=es\"><span class=\"fusion-button-text\">VER EN SCIELO<\/span><\/a><\/div>\n<div class=\"fusion-sep-clear\"><\/div><div class=\"fusion-separator fusion-full-width-sep\" style=\"margin-left: auto;margin-right: auto;margin-top:10px;margin-bottom:25px;width:100%;\"><\/div><div class=\"fusion-sep-clear\"><\/div>\n<p><strong>AN\u00c1LISIS DE FACIES Y PALEOAMBIENTAL DE ALTA RESOLUCI\u00d3N DE LA ALOFORMACI\u00d3N PUNTA SAN ANDR\u00c9S (PLIO-PLEISTOCENO), PROVINCIA DE BUENOS AIRES, ARGENTINA<\/strong><br \/>\n<em>Beilinson, Elisa<\/em><\/p>\n<div class=\"fusion-alignleft\"><a class=\"fusion-button button-flat button-small button-custom fusion-button-default button-5 fusion-button-default-span \" style=\"--button_accent_color:#81d742;--button_accent_hover_color:#ffffff;--button_border_hover_color:#ffffff;--button_border_width-top:1px;--button_border_width-right:1px;--button_border_width-bottom:1px;--button_border_width-left:1px;--button-border-radius-top-left:0px;--button-border-radius-top-right:0px;--button-border-radius-bottom-right:0px;--button-border-radius-bottom-left:0px;--button_gradient_top_color:#ffffff;--button_gradient_bottom_color:#ffffff;--button_gradient_top_color_hover:#006253;--button_gradient_bottom_color_hover:#006253;\" target=\"_blank\" rel=\"noopener noreferrer\" href=\"http:\/\/www.scielo.org.ar\/scielo.php?script=sci_arttext&amp;pid=S1851-49792009000100006&amp;lng=es&amp;nrm=iso&amp;tlng=es\"><span class=\"fusion-button-text\">VER EN SCIELO<\/span><\/a><\/div>\n<div class=\"fusion-sep-clear\"><\/div><div class=\"fusion-separator fusion-full-width-sep\" style=\"margin-left: auto;margin-right: auto;margin-top:40px;margin-bottom:40px;width:100%;\"><\/div><div class=\"fusion-sep-clear\"><\/div>\n<p><a href=\"http:\/\/sedimentologia.org.ar\/spa\/wp-content\/uploads\/2015\/04\/portadas_16-2.png\"><img decoding=\"async\" class=\"alignnone size-full wp-image-151\" src=\"http:\/\/sedimentologia.org.ar\/spa\/wp-content\/uploads\/2015\/04\/portadas_16-2.png\" alt=\"portadas_16-2\" width=\"300\" height=\"300\" srcset=\"https:\/\/www.sedimentologia.org.ar\/spa\/wp-content\/uploads\/2015\/04\/portadas_16-2-66x66.png 66w, https:\/\/www.sedimentologia.org.ar\/spa\/wp-content\/uploads\/2015\/04\/portadas_16-2-150x150.png 150w, https:\/\/www.sedimentologia.org.ar\/spa\/wp-content\/uploads\/2015\/04\/portadas_16-2.png 300w\" sizes=\"(max-width: 300px) 100vw, 300px\" \/><\/a><\/p>\n<h2 style=\"text-align: left;\"><strong>Volumen 16 &#8211; N\u00famero 2 <\/strong>| Diciembre 2009<\/h2>\n<div class=\"fusion-sep-clear\"><\/div><div class=\"fusion-separator fusion-full-width-sep\" style=\"margin-left: auto;margin-right: auto;margin-top:-15px;margin-bottom:5px;width:100%;\"><div class=\"fusion-separator-border sep-single sep-solid\" style=\"--awb-height:20px;--awb-amount:20px;border-color:#e0dede;border-top-width:1px;\"><\/div><\/div><div class=\"fusion-sep-clear\"><\/div>\n<p><em><strong>Editores:<\/strong> <em>Gonzalo D. Veiga y Alfonsina Tripaldi <\/em> <\/em>| <em>56 p\u00e1ginas<\/em><\/p>\n<div class=\"fusion-sep-clear\"><\/div><div class=\"fusion-separator fusion-full-width-sep\" style=\"margin-left: auto;margin-right: auto;margin-top:0px;margin-bottom:20px;width:100%;\"><\/div><div class=\"fusion-sep-clear\"><\/div>\n<div class=\"fusion-clearfix\"><\/div><\/div><\/div><div class=\"fusion-layout-column fusion_builder_column fusion-builder-column-3 fusion_builder_column_1_1 1_1 fusion-one-full fusion-column-first fusion-column-last fusion-column-no-min-height\" style=\"--awb-bg-size:cover;--awb-margin-bottom:0px;\"><div class=\"fusion-column-wrapper fusion-flex-column-wrapper-legacy\"><div class=\"fusion-title title fusion-title-2 fusion-title-text fusion-title-size-three\"><h3 class=\"fusion-title-heading title-heading-left\" style=\"margin:0;\">CONTENIDO<\/h3><span class=\"awb-title-spacer\"><\/span><div class=\"title-sep-container\"><div class=\"title-sep sep-single sep-solid\" style=\"border-color:#e0dede;\"><\/div><\/div><\/div>\n<p><strong>HYDRO-GEOMORPHOLOGY, SEDIMENT TRANSPORT AND HUMAN IMPACT IN LARGE SOUTH AMERICAN RIVERS: PREFACE <\/strong><br \/>\n<em>Latrubesse, Edgardo M.; Stevaux, Jose C.<\/em><\/p>\n<div class=\"fusion-alignleft\"><a class=\"fusion-button button-flat button-small button-custom fusion-button-default button-6 fusion-button-default-span \" style=\"--button_accent_color:#81d742;--button_accent_hover_color:#ffffff;--button_border_hover_color:#ffffff;--button_border_width-top:1px;--button_border_width-right:1px;--button_border_width-bottom:1px;--button_border_width-left:1px;--button-border-radius-top-left:0px;--button-border-radius-top-right:0px;--button-border-radius-bottom-right:0px;--button-border-radius-bottom-left:0px;--button_gradient_top_color:#ffffff;--button_gradient_bottom_color:#ffffff;--button_gradient_top_color_hover:#006253;--button_gradient_bottom_color_hover:#006253;\" target=\"_blank\" rel=\"noopener noreferrer\" href=\"http:\/\/www.scielo.org.ar\/scielo.php?script=sci_arttext&amp;pid=S1851-49792009000200001&amp;lng=es&amp;nrm=iso&amp;tlng=en\"><span class=\"fusion-button-text\">VER EN SCIELO<\/span><\/a><\/div>\n<div class=\"fusion-sep-clear\"><\/div><div class=\"fusion-separator fusion-full-width-sep\" style=\"margin-left: auto;margin-right: auto;margin-top:10px;margin-bottom:25px;width:100%;\"><\/div><div class=\"fusion-sep-clear\"><\/div>\n<p><strong>THE EFFECTS OF GEOMORPHIC CONTROLS ON SEDIMENT YIELD IN THE ANDEAN RIVERS OF COLOMBIA<\/strong><br \/>\n<em>Restrepo, Juan D.; L\u00f3pez, Sergio A.; Restrepo, Juan C.<\/em><\/p>\n<div class=\"fusion-alignleft\"><a class=\"fusion-button button-flat button-small button-custom fusion-button-default button-7 fusion-button-default-span \" style=\"--button_accent_color:#81d742;--button_accent_hover_color:#ffffff;--button_border_hover_color:#ffffff;--button_border_width-top:1px;--button_border_width-right:1px;--button_border_width-bottom:1px;--button_border_width-left:1px;--button-border-radius-top-left:0px;--button-border-radius-top-right:0px;--button-border-radius-bottom-right:0px;--button-border-radius-bottom-left:0px;--button_gradient_top_color:#ffffff;--button_gradient_bottom_color:#ffffff;--button_gradient_top_color_hover:#006253;--button_gradient_bottom_color_hover:#006253;\" target=\"_blank\" rel=\"noopener noreferrer\" href=\"http:\/\/www.scielo.org.ar\/scielo.php?script=sci_arttext&amp;pid=S1851-49792009000200002&amp;lng=es&amp;nrm=iso&amp;tlng=en\"><span class=\"fusion-button-text\">VER EN SCIELO<\/span><\/a><\/div>\n<div class=\"fusion-sep-clear\"><\/div><div class=\"fusion-separator fusion-full-width-sep\" style=\"margin-left: auto;margin-right: auto;margin-top:10px;margin-bottom:25px;width:100%;\"><\/div><div class=\"fusion-sep-clear\"><\/div>\n<p><strong>STUDY OF THE VARIABILITY IN SUSPENDED SEDIMENT DISCHARGE AT MANACAPURU, AMAZON RIVER, BRAZIL<br \/>\n<\/strong><em>Filizola, Naziano; Seyler, Frederique; Mour\u00e3o, Maria Helena; Arruda, Warley; Sp\u00ednola, Nikolas; Guyot, Jean Loup<\/em><\/p>\n<div class=\"fusion-alignleft\"><a class=\"fusion-button button-flat button-small button-custom fusion-button-default button-8 fusion-button-default-span \" style=\"--button_accent_color:#81d742;--button_accent_hover_color:#ffffff;--button_border_hover_color:#ffffff;--button_border_width-top:1px;--button_border_width-right:1px;--button_border_width-bottom:1px;--button_border_width-left:1px;--button-border-radius-top-left:0px;--button-border-radius-top-right:0px;--button-border-radius-bottom-right:0px;--button-border-radius-bottom-left:0px;--button_gradient_top_color:#ffffff;--button_gradient_bottom_color:#ffffff;--button_gradient_top_color_hover:#006253;--button_gradient_bottom_color_hover:#006253;\" target=\"_blank\" rel=\"noopener noreferrer\" href=\"http:\/\/www.scielo.org.ar\/scielo.php?script=sci_arttext&amp;pid=S1851-49792009000200003&amp;lng=es&amp;nrm=iso&amp;tlng=en\"><span class=\"fusion-button-text\">VER EN SCIELO<\/span><\/a><\/div>\n<div class=\"fusion-sep-clear\"><\/div><div class=\"fusion-separator fusion-full-width-sep\" style=\"margin-left: auto;margin-right: auto;margin-top:10px;margin-bottom:25px;width:100%;\"><\/div><div class=\"fusion-sep-clear\"><\/div>\n<p><strong>MORPHODYNAMICS IN THE CONFLUENCE OF LARGE REGULATED RIVERS: THE CASE OF PARAN\u00c1 AND PARANAPANEMA RIVERS <\/strong><br \/>\n<em>Stevaux, Jos\u00e9 C.; Paes, Renato J.; Franco, Andr\u00e9 Am\u00e2ncio; Etchebehere, M\u00e1rio L. de C.; Harumi Fujita, Rafaela<\/em><\/p>\n<div class=\"fusion-alignleft\"><a class=\"fusion-button button-flat button-small button-custom fusion-button-default button-9 fusion-button-default-span \" style=\"--button_accent_color:#81d742;--button_accent_hover_color:#ffffff;--button_border_hover_color:#ffffff;--button_border_width-top:1px;--button_border_width-right:1px;--button_border_width-bottom:1px;--button_border_width-left:1px;--button-border-radius-top-left:0px;--button-border-radius-top-right:0px;--button-border-radius-bottom-right:0px;--button-border-radius-bottom-left:0px;--button_gradient_top_color:#ffffff;--button_gradient_bottom_color:#ffffff;--button_gradient_top_color_hover:#006253;--button_gradient_bottom_color_hover:#006253;\" target=\"_blank\" rel=\"noopener noreferrer\" href=\"http:\/\/www.scielo.org.ar\/scielo.php?script=sci_arttext&amp;pid=S1851-49792009000200004&amp;lng=es&amp;nrm=iso&amp;tlng=en\"><span class=\"fusion-button-text\">VER EN SCIELO<\/span><\/a><\/div>\n<div class=\"fusion-sep-clear\"><\/div><div class=\"fusion-separator fusion-full-width-sep\" style=\"margin-left: auto;margin-right: auto;margin-top:10px;margin-bottom:25px;width:100%;\"><\/div><div class=\"fusion-sep-clear\"><\/div>\n<p><strong>DYNAMICS OF WATER FLOW AND SEDIMENTS IN THE UPPER PARAN\u00c1 RIVER BETWEEN PORTO PRIMAVERA AND ITAIPU DAMS, BRAZIL<\/strong><br \/>\n<em>Pinto Martins, D\u00e9bora; Bravard, Jean-Paul; Stevaux, Jos\u00e9 C\u00e2ndido<\/em><\/p>\n<div class=\"fusion-alignleft\"><a class=\"fusion-button button-flat button-small button-custom fusion-button-default button-10 fusion-button-default-span \" style=\"--button_accent_color:#81d742;--button_accent_hover_color:#ffffff;--button_border_hover_color:#ffffff;--button_border_width-top:1px;--button_border_width-right:1px;--button_border_width-bottom:1px;--button_border_width-left:1px;--button-border-radius-top-left:0px;--button-border-radius-top-right:0px;--button-border-radius-bottom-right:0px;--button-border-radius-bottom-left:0px;--button_gradient_top_color:#ffffff;--button_gradient_bottom_color:#ffffff;--button_gradient_top_color_hover:#006253;--button_gradient_bottom_color_hover:#006253;\" target=\"_blank\" rel=\"noopener noreferrer\" href=\"http:\/\/www.scielo.org.ar\/scielo.php?script=sci_arttext&amp;pid=S1851-49792009000200005&amp;lng=es&amp;nrm=iso&amp;tlng=en\"><span class=\"fusion-button-text\">VER EN SCIELO<\/span><\/a><\/div>\n<div class=\"fusion-sep-clear\"><\/div><div class=\"fusion-separator fusion-full-width-sep\" style=\"margin-left: auto;margin-right: auto;margin-top:10px;margin-bottom:25px;width:100%;\"><\/div><div class=\"fusion-sep-clear\"><\/div>\n<p><strong>ASSESSMENT OF WASH LOAD TRANSPORT IN THE ARAGUAIA RIVER (ARUAN\u00c3 GAUGE STATION), CENTRAL BRAZIL <\/strong><br \/>\n<em>Aquino, Samia; Latrubesse, Edgardo; Bayer, Maximiliano<\/em><\/p>\n<div class=\"fusion-alignleft\"><a class=\"fusion-button button-flat button-small button-custom fusion-button-default button-11 fusion-button-default-span \" style=\"--button_accent_color:#81d742;--button_accent_hover_color:#ffffff;--button_border_hover_color:#ffffff;--button_border_width-top:1px;--button_border_width-right:1px;--button_border_width-bottom:1px;--button_border_width-left:1px;--button-border-radius-top-left:0px;--button-border-radius-top-right:0px;--button-border-radius-bottom-right:0px;--button-border-radius-bottom-left:0px;--button_gradient_top_color:#ffffff;--button_gradient_bottom_color:#ffffff;--button_gradient_top_color_hover:#006253;--button_gradient_bottom_color_hover:#006253;\" target=\"_blank\" rel=\"noopener noreferrer\" href=\"http:\/\/www.scielo.org.ar\/scielo.php?script=sci_arttext&amp;pid=S1851-49792009000200006&amp;lng=es&amp;nrm=iso&amp;tlng=en\"><span class=\"fusion-button-text\">VER EN SCIELO<\/span><\/a><\/div>\n<div class=\"fusion-sep-clear\"><\/div><div class=\"fusion-separator fusion-full-width-sep\" style=\"margin-left: auto;margin-right: auto;margin-top:10px;margin-bottom:25px;width:100%;\"><\/div><div class=\"fusion-sep-clear\"><\/div><div class=\"fusion-clearfix\"><\/div><\/div><\/div><\/div><\/div><\/p>\n","protected":false},"excerpt":{"rendered":"<p>Volumen 16 &#8211; N\u00famero 1 | Julio 2009<\/p>\n","protected":false},"author":2,"featured_media":0,"parent":35,"menu_order":24,"comment_status":"open","ping_status":"open","template":"side-navigation.php","meta":{"footnotes":""},"class_list":["post-130","page","type-page","status-publish","hentry"],"_links":{"self":[{"href":"https:\/\/www.sedimentologia.org.ar\/spa\/wp-json\/wp\/v2\/pages\/130","targetHints":{"allow":["GET"]}}],"collection":[{"href":"https:\/\/www.sedimentologia.org.ar\/spa\/wp-json\/wp\/v2\/pages"}],"about":[{"href":"https:\/\/www.sedimentologia.org.ar\/spa\/wp-json\/wp\/v2\/types\/page"}],"author":[{"embeddable":true,"href":"https:\/\/www.sedimentologia.org.ar\/spa\/wp-json\/wp\/v2\/users\/2"}],"replies":[{"embeddable":true,"href":"https:\/\/www.sedimentologia.org.ar\/spa\/wp-json\/wp\/v2\/comments?post=130"}],"version-history":[{"count":17,"href":"https:\/\/www.sedimentologia.org.ar\/spa\/wp-json\/wp\/v2\/pages\/130\/revisions"}],"predecessor-version":[{"id":1419,"href":"https:\/\/www.sedimentologia.org.ar\/spa\/wp-json\/wp\/v2\/pages\/130\/revisions\/1419"}],"up":[{"embeddable":true,"href":"https:\/\/www.sedimentologia.org.ar\/spa\/wp-json\/wp\/v2\/pages\/35"}],"wp:attachment":[{"href":"https:\/\/www.sedimentologia.org.ar\/spa\/wp-json\/wp\/v2\/media?parent=130"}],"curies":[{"name":"wp","href":"https:\/\/api.w.org\/{rel}","templated":true}]}}