{"id":123,"date":"2015-04-30T13:11:32","date_gmt":"2015-04-30T13:11:32","guid":{"rendered":"http:\/\/sedimentologia.org.ar\/spa\/?page_id=123"},"modified":"2020-11-23T11:27:21","modified_gmt":"2020-11-23T11:27:21","slug":"volumen-17-2010","status":"publish","type":"page","link":"https:\/\/www.sedimentologia.org.ar\/spa\/revista\/volumen-17-2010\/","title":{"rendered":"Volumen 17 | 2010"},"content":{"rendered":"<p><a href=\"http:\/\/sedimentologia.org.ar\/spa\/wp-content\/uploads\/2015\/04\/portadas_17-1.png\"><img decoding=\"async\" class=\"alignnone size-full wp-image-175\" src=\"http:\/\/sedimentologia.org.ar\/spa\/wp-content\/uploads\/2015\/04\/portadas_17-1.png\" alt=\"portadas_17-1\" width=\"300\" height=\"300\" srcset=\"https:\/\/www.sedimentologia.org.ar\/spa\/wp-content\/uploads\/2015\/04\/portadas_17-1-66x66.png 66w, https:\/\/www.sedimentologia.org.ar\/spa\/wp-content\/uploads\/2015\/04\/portadas_17-1-150x150.png 150w, https:\/\/www.sedimentologia.org.ar\/spa\/wp-content\/uploads\/2015\/04\/portadas_17-1.png 300w\" sizes=\"(max-width: 300px) 100vw, 300px\" \/><\/a><\/p>\n<h2 style=\"text-align: left;\"><strong>Volumen 17 &#8211; N\u00famero 1 <\/strong>| Julio 2010<\/h2>\n<p><div class=\"fusion-fullwidth fullwidth-box fusion-builder-row-1 hundred-percent-fullwidth non-hundred-percent-height-scrolling\" style=\"--awb-border-radius-top-left:0px;--awb-border-radius-top-right:0px;--awb-border-radius-bottom-right:0px;--awb-border-radius-bottom-left:0px;--awb-overflow:visible;--awb-margin-top:-15px;--awb-margin-bottom:5px;--awb-background-color:rgba(255,255,255,0);--awb-flex-wrap:wrap;\" ><div class=\"fusion-builder-row fusion-row\"><div class=\"fusion-layout-column fusion_builder_column fusion-builder-column-0 fusion_builder_column_1_1 1_1 fusion-one-full fusion-column-first fusion-column-last fusion-column-no-min-height\" style=\"--awb-bg-size:cover;--awb-margin-bottom:0px;\"><div class=\"fusion-column-wrapper fusion-flex-column-wrapper-legacy\"><div class=\"fusion-sep-clear\"><\/div><div class=\"fusion-separator fusion-full-width-sep\" style=\"margin-left: auto;margin-right: auto;width:100%;\"><div class=\"fusion-separator-border sep-single sep-solid\" style=\"--awb-height:20px;--awb-amount:20px;border-color:#e0dede;border-top-width:1px;\"><\/div><\/div><div class=\"fusion-sep-clear\"><\/div>\n<p><em><strong>Editores:<\/strong> Gonzalo D. Veiga y Alfonsina Tripaldi <\/em>| <em>64 p\u00e1ginas<\/em><\/p>\n<div class=\"fusion-clearfix\"><\/div><\/div><\/div><\/div><\/div><div class=\"fusion-fullwidth fullwidth-box fusion-builder-row-2 hundred-percent-fullwidth non-hundred-percent-height-scrolling\" style=\"--awb-border-radius-top-left:0px;--awb-border-radius-top-right:0px;--awb-border-radius-bottom-right:0px;--awb-border-radius-bottom-left:0px;--awb-overflow:visible;--awb-margin-top:0px;--awb-margin-bottom:20px;--awb-background-color:rgba(255,255,255,0);--awb-flex-wrap:wrap;\" ><div class=\"fusion-builder-row fusion-row\"><div class=\"fusion-layout-column fusion_builder_column fusion-builder-column-1 fusion_builder_column_1_1 1_1 fusion-one-full fusion-column-first fusion-column-last fusion-column-no-min-height\" style=\"--awb-bg-size:cover;--awb-margin-bottom:0px;\"><div class=\"fusion-column-wrapper fusion-flex-column-wrapper-legacy\"><div class=\"fusion-sep-clear\"><\/div><div class=\"fusion-separator fusion-full-width-sep\" style=\"margin-left: auto;margin-right: auto;width:100%;\"><\/div><div class=\"fusion-sep-clear\"><\/div>\n<div class=\"fusion-clearfix\"><\/div><\/div><\/div><\/div><\/div><div class=\"fusion-fullwidth fullwidth-box fusion-builder-row-3 hundred-percent-fullwidth non-hundred-percent-height-scrolling\" style=\"--awb-border-radius-top-left:0px;--awb-border-radius-top-right:0px;--awb-border-radius-bottom-right:0px;--awb-border-radius-bottom-left:0px;--awb-overflow:visible;--awb-flex-wrap:wrap;\" ><div class=\"fusion-builder-row fusion-row\"><div class=\"fusion-layout-column fusion_builder_column fusion-builder-column-2 fusion_builder_column_1_1 1_1 fusion-one-full fusion-column-first fusion-column-last fusion-column-no-min-height\" style=\"--awb-bg-size:cover;--awb-margin-bottom:0px;\"><div class=\"fusion-column-wrapper fusion-flex-column-wrapper-legacy\"><div class=\"fusion-title title fusion-title-1 fusion-title-text fusion-title-size-three\"><h3 class=\"fusion-title-heading title-heading-left\" style=\"margin:0;\">CONTENIDO<\/h3><span class=\"awb-title-spacer\"><\/span><div class=\"title-sep-container\"><div class=\"title-sep sep-single sep-solid\" style=\"border-color:#e0dede;\"><\/div><\/div><\/div>\n<p><strong>GEOMORFOLOG\u00cdA Y DIN\u00c1MICA DEL CANAL SAN BLAS, PROVINCIA DE BUENOS AIRES (ARGENTINA)<br \/>\n<\/strong><em>Cuadrado, Diana G.; G\u00f3mez, Eduardo A.<\/em><\/p>\n<div class=\"fusion-alignleft\"><a class=\"fusion-button button-flat button-small button-custom fusion-button-default button-1 fusion-button-default-span \" style=\"--button_accent_color:#81d742;--button_accent_hover_color:#ffffff;--button_border_hover_color:#ffffff;--button_border_width-top:1px;--button_border_width-right:1px;--button_border_width-bottom:1px;--button_border_width-left:1px;--button-border-radius-top-left:0px;--button-border-radius-top-right:0px;--button-border-radius-bottom-right:0px;--button-border-radius-bottom-left:0px;--button_gradient_top_color:#ffffff;--button_gradient_bottom_color:#ffffff;--button_gradient_top_color_hover:#006253;--button_gradient_bottom_color_hover:#006253;\" target=\"_blank\" rel=\"noopener noreferrer\" href=\"http:\/\/www.scielo.org.ar\/scielo.php?script=sci_arttext&amp;pid=S1851-49792010000100002&amp;lng=es&amp;nrm=iso&amp;tlng=es\"><span class=\"fusion-button-text\">VER EN SCIELO<\/span><\/a><\/div>\n<div class=\"fusion-sep-clear\"><\/div><div class=\"fusion-separator fusion-full-width-sep\" style=\"margin-left: auto;margin-right: auto;margin-top:10px;margin-bottom:25px;width:100%;\"><\/div><div class=\"fusion-sep-clear\"><\/div>\n<p><strong>ESTRUCTURAS DE DEFORMACI\u00d3N (\u00bfSISMITAS?) EN LA FORMACI\u00d3N R\u00cdO NEGRO, PROVINCIA DE R\u00cdO NEGRO, ARGENTINA<\/strong><br \/>\n<em>Schillizzi, Roberto; Luna, Liliana; Falco, Juan Ignacio<\/em><\/p>\n<div class=\"fusion-alignleft\"><a class=\"fusion-button button-flat button-small button-custom fusion-button-default button-2 fusion-button-default-span \" style=\"--button_accent_color:#81d742;--button_accent_hover_color:#ffffff;--button_border_hover_color:#ffffff;--button_border_width-top:1px;--button_border_width-right:1px;--button_border_width-bottom:1px;--button_border_width-left:1px;--button-border-radius-top-left:0px;--button-border-radius-top-right:0px;--button-border-radius-bottom-right:0px;--button-border-radius-bottom-left:0px;--button_gradient_top_color:#ffffff;--button_gradient_bottom_color:#ffffff;--button_gradient_top_color_hover:#006253;--button_gradient_bottom_color_hover:#006253;\" target=\"_blank\" rel=\"noopener noreferrer\" href=\"http:\/\/www.scielo.org.ar\/scielo.php?script=sci_arttext&amp;pid=S1851-49792010000100003&amp;lng=es&amp;nrm=iso&amp;tlng=es\"><span class=\"fusion-button-text\">VER EN SCIELO<\/span><\/a><\/div>\n<div class=\"fusion-sep-clear\"><\/div><div class=\"fusion-separator fusion-full-width-sep\" style=\"margin-left: auto;margin-right: auto;margin-top:10px;margin-bottom:25px;width:100%;\"><\/div><div class=\"fusion-sep-clear\"><\/div>\n<p><strong>SISMOESTRATIGRAFIA Y EVOLUCI\u00d3N GEOMORFOL\u00d3GICA DEL TALUD CONTINENTAL ADYACENTE AL LITORAL DEL ESTE BONAERENSE, ARGENTINA<br \/>\n<\/strong><em>Violante, Roberto A.; Paterlini, C. Marcelo; Costa, I. Pastor; Hern\u00e1ndez-Molina, F. Javier; Segovia, Laura M.; Cavallotto, Jos\u00e9 Luis; Marcolini, Susana; Bozzano, Graziella; Laprida, Cecilia; Garc\u00eda Chapori, Natalia; Bickert, Torsten; Spie\u00df, Volkhard<\/em><\/p>\n<div class=\"fusion-alignleft\"><a class=\"fusion-button button-flat button-small button-custom fusion-button-default button-3 fusion-button-default-span \" style=\"--button_accent_color:#81d742;--button_accent_hover_color:#ffffff;--button_border_hover_color:#ffffff;--button_border_width-top:1px;--button_border_width-right:1px;--button_border_width-bottom:1px;--button_border_width-left:1px;--button-border-radius-top-left:0px;--button-border-radius-top-right:0px;--button-border-radius-bottom-right:0px;--button-border-radius-bottom-left:0px;--button_gradient_top_color:#ffffff;--button_gradient_bottom_color:#ffffff;--button_gradient_top_color_hover:#006253;--button_gradient_bottom_color_hover:#006253;\" target=\"_blank\" rel=\"noopener noreferrer\" href=\"http:\/\/www.scielo.org.ar\/scielo.php?script=sci_arttext&amp;pid=S1851-49792010000100004&amp;lng=es&amp;nrm=iso&amp;tlng=es\"><span class=\"fusion-button-text\">VER EN SCIELO<\/span><\/a><\/div>\n<div class=\"fusion-sep-clear\"><\/div><div class=\"fusion-separator fusion-full-width-sep\" style=\"margin-left: auto;margin-right: auto;margin-top:40px;margin-bottom:40px;width:100%;\"><\/div><div class=\"fusion-sep-clear\"><\/div>\n<p><a href=\"http:\/\/sedimentologia.org.ar\/spa\/wp-content\/uploads\/2015\/04\/portadas_17-2.png\"><img decoding=\"async\" class=\"alignnone size-full wp-image-176\" src=\"http:\/\/sedimentologia.org.ar\/spa\/wp-content\/uploads\/2015\/04\/portadas_17-2.png\" alt=\"portadas_17-2\" width=\"300\" height=\"300\" srcset=\"https:\/\/www.sedimentologia.org.ar\/spa\/wp-content\/uploads\/2015\/04\/portadas_17-2-66x66.png 66w, https:\/\/www.sedimentologia.org.ar\/spa\/wp-content\/uploads\/2015\/04\/portadas_17-2-150x150.png 150w, https:\/\/www.sedimentologia.org.ar\/spa\/wp-content\/uploads\/2015\/04\/portadas_17-2.png 300w\" sizes=\"(max-width: 300px) 100vw, 300px\" \/><\/a><\/p>\n<h2 style=\"text-align: left;\"><strong>Volumen 17 &#8211; N\u00famero 2 <\/strong>| Diciembre 2010<\/h2>\n<div class=\"fusion-sep-clear\"><\/div><div class=\"fusion-separator fusion-full-width-sep\" style=\"margin-left: auto;margin-right: auto;margin-top:-15px;margin-bottom:5px;width:100%;\"><div class=\"fusion-separator-border sep-single sep-solid\" style=\"--awb-height:20px;--awb-amount:20px;border-color:#e0dede;border-top-width:1px;\"><\/div><\/div><div class=\"fusion-sep-clear\"><\/div>\n<p><em><strong>Editores:<\/strong> Gonzalo D. Veiga y Alfonsina Tripaldi <\/em>| <em>69 p\u00e1ginas<\/em><\/p>\n<div class=\"fusion-sep-clear\"><\/div><div class=\"fusion-separator fusion-full-width-sep\" style=\"margin-left: auto;margin-right: auto;margin-top:0px;margin-bottom:20px;width:100%;\"><\/div><div class=\"fusion-sep-clear\"><\/div>\n<div class=\"fusion-clearfix\"><\/div><\/div><\/div><div class=\"fusion-layout-column fusion_builder_column fusion-builder-column-3 fusion_builder_column_1_1 1_1 fusion-one-full fusion-column-first fusion-column-last fusion-column-no-min-height\" style=\"--awb-bg-size:cover;--awb-margin-bottom:0px;\"><div class=\"fusion-column-wrapper fusion-flex-column-wrapper-legacy\"><div class=\"fusion-title title fusion-title-2 fusion-title-text fusion-title-size-three\"><h3 class=\"fusion-title-heading title-heading-left\" style=\"margin:0;\">CONTENIDO<\/h3><span class=\"awb-title-spacer\"><\/span><div class=\"title-sep-container\"><div class=\"title-sep sep-single sep-solid\" style=\"border-color:#e0dede;\"><\/div><\/div><\/div>\n<p><strong>ESTRATIGRAF\u00cdA DE LAS ROCAS METASEDIMENTARIAS (NEOPROTEROZOICO-C\u00c1MBRICO) DE LA SIERRA DE MOJOTORO, CORDILLERA ORIENTAL ARGENTINA<\/strong><br \/>\n<em>Pamela A. Aparicio Gonz\u00e1lez, Mar\u00eda Cristina Moya, Agnes Impiccini<\/em><\/p>\n<div class=\"fusion-alignleft\"><a class=\"fusion-button button-flat button-small button-custom fusion-button-default button-4 fusion-button-default-span \" style=\"--button_accent_color:#81d742;--button_accent_hover_color:#ffffff;--button_border_hover_color:#ffffff;--button_border_width-top:1px;--button_border_width-right:1px;--button_border_width-bottom:1px;--button_border_width-left:1px;--button-border-radius-top-left:0px;--button-border-radius-top-right:0px;--button-border-radius-bottom-right:0px;--button-border-radius-bottom-left:0px;--button_gradient_top_color:#ffffff;--button_gradient_bottom_color:#ffffff;--button_gradient_top_color_hover:#006253;--button_gradient_bottom_color_hover:#006253;\" target=\"_blank\" rel=\"noopener noreferrer\" href=\"http:\/\/www.scielo.org.ar\/scielo.php?script=sci_arttext&amp;pid=S1851-49792010000200001&amp;lng=es&amp;nrm=iso&amp;tlng=es\"><span class=\"fusion-button-text\">VER EN SCIELO<\/span><\/a><\/div>\n<div class=\"fusion-sep-clear\"><\/div><div class=\"fusion-separator fusion-full-width-sep\" style=\"margin-left: auto;margin-right: auto;margin-top:10px;margin-bottom:25px;width:100%;\"><\/div><div class=\"fusion-sep-clear\"><\/div>\n<p><strong>PALEOAMBIENTES DE LA CUENCA MEDIA DEL R\u00cdO LUJ\u00c1N (BUENOS AIRES, ARGENTINA) DURANTE EL \u00daLTIMO PER\u00cdODO GLACIAL (EIO 4-2)<\/strong><br \/>\n<em>Adriana Blasi, Carola Casti\u00f1eira Latorre, Laura Del Puerto, Aldo R. Prieto, Enrique Fucks, Claudio De Francesco, Paul R. Hanson, Felipe Garc\u00eda-Rodriguez, Roberto Huarte, Jorge Carbonari y Aaron Young<\/em><\/p>\n<div class=\"fusion-alignleft\"><a class=\"fusion-button button-flat button-small button-custom fusion-button-default button-5 fusion-button-default-span \" style=\"--button_accent_color:#81d742;--button_accent_hover_color:#ffffff;--button_border_hover_color:#ffffff;--button_border_width-top:1px;--button_border_width-right:1px;--button_border_width-bottom:1px;--button_border_width-left:1px;--button-border-radius-top-left:0px;--button-border-radius-top-right:0px;--button-border-radius-bottom-right:0px;--button-border-radius-bottom-left:0px;--button_gradient_top_color:#ffffff;--button_gradient_bottom_color:#ffffff;--button_gradient_top_color_hover:#006253;--button_gradient_bottom_color_hover:#006253;\" target=\"_blank\" rel=\"noopener noreferrer\" href=\"http:\/\/www.scielo.org.ar\/scielo.php?script=sci_arttext&amp;pid=S1851-49792010000200002&amp;lng=es&amp;nrm=iso&amp;tlng=es\"><span class=\"fusion-button-text\">VER EN SCIELO<\/span><\/a><\/div>\n<div class=\"fusion-sep-clear\"><\/div><div class=\"fusion-separator fusion-full-width-sep\" style=\"margin-left: auto;margin-right: auto;margin-top:10px;margin-bottom:25px;width:100%;\"><\/div><div class=\"fusion-sep-clear\"><\/div>\n<p><strong>AN\u00c1LISIS DEL CONTACTO ENTRE LAS FORMACIONES VINCHINA Y TORO NEGRO (SIERRA DE LOS COLORADOS, PROVINCIA DE LA RIOJA, ARGENTINA), SUS IMPLICANCIAS TECT\u00d3NICAS<\/strong><br \/>\n<em>Carlos O. Limarino, Patricia L. Ciccioli y Sergio A. Marenssi<\/em><\/p>\n<div class=\"fusion-alignleft\"><a class=\"fusion-button button-flat button-small button-custom fusion-button-default button-6 fusion-button-default-span \" style=\"--button_accent_color:#81d742;--button_accent_hover_color:#ffffff;--button_border_hover_color:#ffffff;--button_border_width-top:1px;--button_border_width-right:1px;--button_border_width-bottom:1px;--button_border_width-left:1px;--button-border-radius-top-left:0px;--button-border-radius-top-right:0px;--button-border-radius-bottom-right:0px;--button-border-radius-bottom-left:0px;--button_gradient_top_color:#ffffff;--button_gradient_bottom_color:#ffffff;--button_gradient_top_color_hover:#006253;--button_gradient_bottom_color_hover:#006253;\" target=\"_blank\" rel=\"noopener noreferrer\" href=\"http:\/\/www.scielo.org.ar\/scielo.php?script=sci_arttext&amp;pid=S1851-49792010000200003&amp;lng=es&amp;nrm=iso&amp;tlng=es\"><span class=\"fusion-button-text\">VER EN SCIELO<\/span><\/a><\/div>\n<div class=\"fusion-sep-clear\"><\/div><div class=\"fusion-separator fusion-full-width-sep\" style=\"margin-left: auto;margin-right: auto;margin-top:10px;margin-bottom:25px;width:100%;\"><\/div><div class=\"fusion-sep-clear\"><\/div><div class=\"fusion-clearfix\"><\/div><\/div><\/div><\/div><\/div><\/p>\n","protected":false},"excerpt":{"rendered":"<p>Volumen 17 &#8211; N\u00famero 1 | Julio 2010<\/p>\n","protected":false},"author":2,"featured_media":0,"parent":35,"menu_order":23,"comment_status":"open","ping_status":"open","template":"side-navigation.php","meta":{"footnotes":""},"class_list":["post-123","page","type-page","status-publish","hentry"],"_links":{"self":[{"href":"https:\/\/www.sedimentologia.org.ar\/spa\/wp-json\/wp\/v2\/pages\/123","targetHints":{"allow":["GET"]}}],"collection":[{"href":"https:\/\/www.sedimentologia.org.ar\/spa\/wp-json\/wp\/v2\/pages"}],"about":[{"href":"https:\/\/www.sedimentologia.org.ar\/spa\/wp-json\/wp\/v2\/types\/page"}],"author":[{"embeddable":true,"href":"https:\/\/www.sedimentologia.org.ar\/spa\/wp-json\/wp\/v2\/users\/2"}],"replies":[{"embeddable":true,"href":"https:\/\/www.sedimentologia.org.ar\/spa\/wp-json\/wp\/v2\/comments?post=123"}],"version-history":[{"count":13,"href":"https:\/\/www.sedimentologia.org.ar\/spa\/wp-json\/wp\/v2\/pages\/123\/revisions"}],"predecessor-version":[{"id":1420,"href":"https:\/\/www.sedimentologia.org.ar\/spa\/wp-json\/wp\/v2\/pages\/123\/revisions\/1420"}],"up":[{"embeddable":true,"href":"https:\/\/www.sedimentologia.org.ar\/spa\/wp-json\/wp\/v2\/pages\/35"}],"wp:attachment":[{"href":"https:\/\/www.sedimentologia.org.ar\/spa\/wp-json\/wp\/v2\/media?parent=123"}],"curies":[{"name":"wp","href":"https:\/\/api.w.org\/{rel}","templated":true}]}}