{"id":1115,"date":"2015-07-29T21:46:10","date_gmt":"2015-07-29T21:46:10","guid":{"rendered":"http:\/\/sedimentologia.org.ar\/spa\/?page_id=1115"},"modified":"2020-11-23T11:27:16","modified_gmt":"2020-11-23T11:27:16","slug":"monografias-y-comentarios","status":"publish","type":"page","link":"https:\/\/www.sedimentologia.org.ar\/spa\/monografias-y-comentarios\/","title":{"rendered":"Monograf\u00edas y Comentarios"},"content":{"rendered":"<div class=\"fusion-fullwidth fullwidth-box fusion-builder-row-1 hundred-percent-fullwidth non-hundred-percent-height-scrolling\" style=\"--awb-border-radius-top-left:0px;--awb-border-radius-top-right:0px;--awb-border-radius-bottom-right:0px;--awb-border-radius-bottom-left:0px;--awb-overflow:visible;--awb-flex-wrap:wrap;\" ><div class=\"fusion-builder-row fusion-row\"><div class=\"fusion-layout-column fusion_builder_column fusion-builder-column-0 fusion_builder_column_1_1 1_1 fusion-one-full fusion-column-first fusion-column-last fusion-column-no-min-height\" style=\"--awb-bg-size:cover;--awb-margin-bottom:0px;\"><div class=\"fusion-column-wrapper fusion-flex-column-wrapper-legacy\"><div class=\"fusion-text fusion-text-1\"><\/div><div class=\"fusion-clearfix\"><\/div><\/div><\/div><div class=\"fusion-layout-column fusion_builder_column fusion-builder-column-1 fusion_builder_column_4_5 4_5 fusion-four-fifth fusion-column-first\" style=\"--awb-bg-size:cover;width:79.2%; margin-right: 4%;\"><div class=\"fusion-column-wrapper fusion-flex-column-wrapper-legacy\"><div class=\"fusion-title title fusion-title-1 fusion-sep-none fusion-title-text fusion-title-size-one\"><h1 class=\"fusion-title-heading title-heading-left\" style=\"margin:0;\">Desarrollo de la Sedimentolog\u00eda<\/h1><\/div><div class=\"fusion-text fusion-text-2\"><h3><em>Por Luis A. Spalletti<\/em><\/h3>\n<h3>VERSI\u00d3N DE LA CONFERENCIA SOBRE EL DESARROLLO DE LA SEDIMENTOLOG\u00cdA PRONUNCIADA EN OPORTUNIDAD DEL VIG\u00c9SIMO ANIVERSARIO DE LA CREACI\u00d3N DE LA ASOCIACI\u00d3N ARGENTINA DE SEDIMENTOLOG\u00cdA<\/h3>\n<p>La Sedimentolog\u00eda es una de las disciplinas de las Ciencias de la Tierra que\u00a0re\u00fane a una importante cantidad de cultores y que como consecuencia de ello ha\u00a0alcanzado un alto nivel de desarrollo, tanto en el plano internacional como en el de\u00a0nuestro pa\u00eds. Una de las preguntas que surge de esta afirmaci\u00f3n es por qu\u00e9 la\u00a0Sedimentolog\u00eda ha experimentado semejante crecimiento, y aunque es muy dif\u00edcil\u00a0encontrar una respuesta definitiva no pueden dejarse de lado dos aspectos que \u2013en\u00a0concepto de quien escribe- son insoslayables.<\/p>\n<p>El primero es la relaci\u00f3n existente entre la Sedimentolog\u00eda y la realidad, lo\u00a0que nos circunda, lo cotidiano. En un \u00e1rea del conocimiento como lo es la de las\u00a0Ciencias de la Tierra, \u00e9sta es una cuesti\u00f3n esencial. Muchos de los procesos\u00a0geol\u00f3gicos son dif\u00edciles de visualizar, suceden en el interior de la Tierra y\u00a0transcurren con excesiva lentitud en relaci\u00f3n con los tiempos que manejamos los\u00a0seres humanos. Ello es as\u00ed en varios de los procesos que conciernen a la\u00a0Sedimentolog\u00eda, como por ejemplo la evoluci\u00f3n del registro de las cuencas\u00a0sedimentarias y los procesos end\u00f3genos como el de la diag\u00e9nesis. Con todo, es\u00a0tambi\u00e9n cierto que muchos otros fen\u00f3menos, como los principales mecanismos de\u00a0transporte y depositaci\u00f3n de materiales sedimentarios (procesos de remoci\u00f3n en<\/p>\n<p>masa y corrientes fluviales de distinta magnitud, mareas, olas, viento), la\u00a0generaci\u00f3n de distintos tipos texturales y de muchas de las estructuras primarias,\u00a0la precipitaci\u00f3n de las sales, la vinculaci\u00f3n entre sedimentaci\u00f3n y productividad\u00a0org\u00e1nica est\u00e1n en una escala \u00abhumana\u00bb, nos involucran y nos impactan tanto\u00a0positiva como negativamente. As\u00ed, verlos y entenderlos resulta apasionante, como\u00a0tambi\u00e9n lo es procurar trasladarlos a la historia de la Tierra, a la interpretaci\u00f3n de\u00a0los registros del pasado.<\/p>\n<\/div><div class=\"fusion-sep-clear\"><\/div><div class=\"fusion-separator fusion-full-width-sep\" style=\"margin-left: auto;margin-right: auto;margin-top:20px;width:100%;\"><\/div><div class=\"fusion-sep-clear\"><\/div><div class=\"fusion-alignleft\"><a class=\"fusion-button button-flat button-medium button-default fusion-button-default button-1 fusion-button-default-span fusion-button-default-type\" style=\"--button-border-radius-top-left:0px;--button-border-radius-top-right:0px;--button-border-radius-bottom-right:0px;--button-border-radius-bottom-left:0px;\" target=\"_blank\" rel=\"noopener noreferrer\" href=\"http:\/\/sedimentologia.org.ar\/spa\/monografia.pdf\"><span class=\"fusion-button-icon-divider button-icon-divider-left\"><i class=\" fa fa-file-pdf-o\" aria-hidden=\"true\"><\/i><\/span><span class=\"fusion-button-text fusion-button-text-left\">VER PDF COMPLETO<\/span><\/a><\/div><div class=\"fusion-sep-clear\"><\/div><div class=\"fusion-separator fusion-full-width-sep\" style=\"margin-left: auto;margin-right: auto;margin-top:20px;width:100%;\"><\/div><div class=\"fusion-sep-clear\"><\/div><div class=\"fusion-sep-clear\"><\/div><div class=\"fusion-separator fusion-full-width-sep\" style=\"margin-left: auto;margin-right: auto;width:100%;\"><div class=\"fusion-separator-border sep-single sep-solid\" style=\"--awb-height:20px;--awb-amount:20px;border-color:#e0dede;border-top-width:1px;\"><\/div><\/div><div class=\"fusion-sep-clear\"><\/div><div class=\"fusion-clearfix\"><\/div><\/div><\/div><div class=\"fusion-layout-column fusion_builder_column fusion-builder-column-2 fusion_builder_column_1_1 1_1 fusion-one-full fusion-column-last\" style=\"--awb-bg-size:cover;\"><div class=\"fusion-column-wrapper fusion-flex-column-wrapper-legacy\"><div class=\"fusion-clearfix\"><\/div><\/div><\/div><div class=\"fusion-layout-column fusion_builder_column fusion-builder-column-3 fusion_builder_column_4_5 4_5 fusion-four-fifth fusion-column-first\" style=\"--awb-bg-size:cover;width:79.2%; margin-right: 4%;\"><div class=\"fusion-column-wrapper fusion-flex-column-wrapper-legacy\"><div class=\"fusion-title title fusion-title-2 fusion-sep-none fusion-title-text fusion-title-size-one\"><h1 class=\"fusion-title-heading title-heading-left\" style=\"margin:0;\">Historia: desde 1992 a hoy<\/h1><\/div><div class=\"fusion-text fusion-text-3\"><h3><em>Por Roberto A. Scasso | Presidente AAS 2008-2012<\/em><\/h3>\n<p>La AAS naci\u00f3 de la intensa actividad sedimentol\u00f3gica desarrollada en nuestro pa\u00eds en las \u00faltimas d\u00e9cadas, a partir del impulso recibido por la exitosa concreci\u00f3n de las tres primeras Reuniones Argentinas de Sedimentolog\u00eda, llevadas a cabo entre 1986 y 1990, que contaron con m\u00e1s de 250 participantes nacionales y extranjeros en cada una de ellas. De estas reuniones surgi\u00f3 un \u201cComit\u00e9 Argentino de Sedimentolog\u00eda\u201d cuya misi\u00f3n fue sentar las bases para crear una asociaci\u00f3n que agrupara a la gran cantidad de sediment\u00f3logos que participaban activamente de esta especialidad de las ciencias geol\u00f3gicas.<\/p>\n<p>A partir de una propuesta de dicho Comit\u00e9, en el a\u00f1o 1992, durante la asamblea de clausura de la Cuarta Reuni\u00f3n Argentina de Sedimentolog\u00eda, se resolvi\u00f3 crear la Asociaci\u00f3n Argentina de Sedimentolog\u00eda, que fue finalmente fundada el 8 de junio de 1993, con el prop\u00f3sito de estimular el desarrollo de la sedimentolog\u00eda en nuestro pa\u00eds, obteniendo su Personer\u00eda Jur\u00eddica (Matr\u00edcula 14331 y Legajo 1\/69482) el 13 de marzo de 1995. Sus principales l\u00edneas de acci\u00f3n se encuentran encaminadas a: la publicaci\u00f3n de una revista cient\u00edfica, la edici\u00f3n de libros de texto y publicaciones especiales, la organizaci\u00f3n y promoci\u00f3n de reuniones cient\u00edficas y talleres de trabajo, y la realizaci\u00f3n de cursos de actualizaci\u00f3n y perfeccionamiento.<\/p>\n<blockquote>\n<h3>Desde 1994 se publica la \u201cRevista de la Asociaci\u00f3n Argentina de Sedimentolog\u00eda\u201d, que result\u00f3 \u00fanica en su especialidad en nuestro pa\u00eds y Am\u00e9rica del Sur. En el a\u00f1o 2005 esta publicaci\u00f3n fue reemplazada por el \u201cLatin American Journal of Sedimentology and Basin Analysis\u201d apuntando a una mayor difusi\u00f3n y alcance internacional&#8230;<\/h3>\n<\/blockquote>\n<p>Desde 1994 se publica la \u201cRevista de la Asociaci\u00f3n Argentina de Sedimentolog\u00eda\u201d, que result\u00f3 \u00fanica en su especialidad en nuestro pa\u00eds y Am\u00e9rica del Sur. En el a\u00f1o 2005 esta publicaci\u00f3n fue reemplazada por el \u201cLatin American Journal of Sedimentology and Basin Analysis\u201d apuntando a una mayor difusi\u00f3n y alcance internacional de los trabajos publicados. Hasta el momento se han editado dos publicaciones especiales: la n\u00ba 1 denominada \u201cPetrolog\u00eda y Diag\u00e9nesis de Rocas Cl\u00e1sticas\u201d, y la n\u00b0 2 \u201cDin\u00e1mica del Transporte de Sedimentos\u201d y existen otras dos actualmente en preparaci\u00f3n. Por otro lado, la Asociaci\u00f3n ha participado activamente en la concreci\u00f3n de las Reuniones Argentinas de Sedimentolog\u00eda, que llegan hoy al n\u00famero de XII y de los Congresos Latinoamericanos de Sedimentolog\u00eda, lo mismo que numerosos talleres de trabajo y encuentros cient\u00edficos que han abarcado distintos t\u00f3picos relacionados con la sedimentolog\u00eda.<\/p>\n<p>Del mismo modo, la Asociaci\u00f3n ha ofrecido hasta el momento 15 cursos de actualizaci\u00f3n, a los cuales han asistido 284 colegas, y se han auspiciado otros 12, organizados por distintas Universidades nacionales. Todos estos cursos han ocupado una amplia gama de tem\u00e1ticas, desde, por ejemplo, an\u00e1lisis estratigr\u00e1fico secuencial en plataformas mixtas, hasta origen y desarrollo de estructuras sedimentarias. Como resultado de todas estas actividades, Argentina ha sido elegida como sede para el 18\u00b0 International Sedimentological Congress a realizarse en la ciudad de Mendoza en el a\u00f1o 2010. En la actualidad la Asociaci\u00f3n Argentina de Sedimentolog\u00eda es una entidad que se mantiene muy activa y que ha aumentado sustancialmente su n\u00famero de asociados, desde aquellos 16 socios fundadores de 1993 a los m\u00e1s de 180 que cuenta en el 2009.<\/p>\n<\/div><div class=\"fusion-sep-clear\"><\/div><div class=\"fusion-separator fusion-full-width-sep\" style=\"margin-left: auto;margin-right: auto;margin-top:20px;width:100%;\"><\/div><div class=\"fusion-sep-clear\"><\/div><div class=\"fusion-clearfix\"><\/div><\/div><\/div><\/div><\/div>\n","protected":false},"excerpt":{"rendered":"","protected":false},"author":2,"featured_media":0,"parent":0,"menu_order":0,"comment_status":"open","ping_status":"open","template":"","meta":{"footnotes":""},"class_list":["post-1115","page","type-page","status-publish","hentry"],"_links":{"self":[{"href":"https:\/\/www.sedimentologia.org.ar\/spa\/wp-json\/wp\/v2\/pages\/1115","targetHints":{"allow":["GET"]}}],"collection":[{"href":"https:\/\/www.sedimentologia.org.ar\/spa\/wp-json\/wp\/v2\/pages"}],"about":[{"href":"https:\/\/www.sedimentologia.org.ar\/spa\/wp-json\/wp\/v2\/types\/page"}],"author":[{"embeddable":true,"href":"https:\/\/www.sedimentologia.org.ar\/spa\/wp-json\/wp\/v2\/users\/2"}],"replies":[{"embeddable":true,"href":"https:\/\/www.sedimentologia.org.ar\/spa\/wp-json\/wp\/v2\/comments?post=1115"}],"version-history":[{"count":13,"href":"https:\/\/www.sedimentologia.org.ar\/spa\/wp-json\/wp\/v2\/pages\/1115\/revisions"}],"predecessor-version":[{"id":1453,"href":"https:\/\/www.sedimentologia.org.ar\/spa\/wp-json\/wp\/v2\/pages\/1115\/revisions\/1453"}],"wp:attachment":[{"href":"https:\/\/www.sedimentologia.org.ar\/spa\/wp-json\/wp\/v2\/media?parent=1115"}],"curies":[{"name":"wp","href":"https:\/\/api.w.org\/{rel}","templated":true}]}}